{"id":1300,"date":"2024-07-18T15:00:11","date_gmt":"2024-07-18T13:00:11","guid":{"rendered":"http:\/\/www.salon-biogourmand.com\/?page_id=1300"},"modified":"2026-03-06T14:32:27","modified_gmt":"2026-03-06T13:32:27","slug":"dates-et-lieux","status":"publish","type":"page","link":"https:\/\/www.thermalies.com\/lyon\/infos-pratiques\/dates-et-lieux\/","title":{"rendered":"Dates et lieu"},"content":{"rendered":"<p><img fetchpriority=\"high\" decoding=\"async\" class=\"alignnone size-full wp-image-7283\" src=\"https:\/\/www.thermalies.com\/lyon\/wp-content\/uploads\/2024\/07\/Visuel-salon-Thermalies-scaled-e1721308770795.jpg\" alt=\"Banni\u00e8re thermalies\" width=\"2555\" height=\"1258\" srcset=\"https:\/\/www.thermalies.com\/lyon\/wp-content\/uploads\/2024\/07\/Visuel-salon-Thermalies-scaled-e1721308770795.jpg 2555w, https:\/\/www.thermalies.com\/lyon\/wp-content\/uploads\/2024\/07\/Visuel-salon-Thermalies-scaled-e1721308770795-300x148.jpg 300w, https:\/\/www.thermalies.com\/lyon\/wp-content\/uploads\/2024\/07\/Visuel-salon-Thermalies-scaled-e1721308770795-1024x504.jpg 1024w, https:\/\/www.thermalies.com\/lyon\/wp-content\/uploads\/2024\/07\/Visuel-salon-Thermalies-scaled-e1721308770795-768x378.jpg 768w, https:\/\/www.thermalies.com\/lyon\/wp-content\/uploads\/2024\/07\/Visuel-salon-Thermalies-scaled-e1721308770795-1536x756.jpg 1536w, https:\/\/www.thermalies.com\/lyon\/wp-content\/uploads\/2024\/07\/Visuel-salon-Thermalies-scaled-e1721308770795-2048x1008.jpg 2048w, https:\/\/www.thermalies.com\/lyon\/wp-content\/uploads\/2024\/07\/Visuel-salon-Thermalies-scaled-e1721308770795-150x74.jpg 150w, https:\/\/www.thermalies.com\/lyon\/wp-content\/uploads\/2024\/07\/Visuel-salon-Thermalies-scaled-e1721308770795-500x246.jpg 500w\" sizes=\"(max-width: 2555px) 100vw, 2555px\" \/><\/p>\n<h2><span style=\"color: #0c5356;\">Dates<\/span><\/h2>\n<p>Le salon se d\u00e9roulera du 15 au 17 janvier 2027.<\/p>\n<h2><span style=\"color: #0c5356;\">Lieu<\/span><\/h2>\n<p>Cit\u00e9 Internationale &#8211; Centre de Congr\u00e8s &#8211; L&rsquo;Amphith\u00e9\u00e2tre &#8211; Entr\u00e9e B<br \/>\n50 Quai Charles de Gaulle<br \/>\n69006 Lyon<\/p>\n<p><img decoding=\"async\" class=\"alignnone wp-image-7587 size-full\" src=\"https:\/\/www.thermalies.com\/lyon\/wp-content\/uploads\/2025\/01\/CarteAcces_CentreDeCongres_Livraison-scaled.jpg\" alt=\"\" width=\"2560\" height=\"1475\" srcset=\"https:\/\/www.thermalies.com\/lyon\/wp-content\/uploads\/2025\/01\/CarteAcces_CentreDeCongres_Livraison-scaled.jpg 2560w, https:\/\/www.thermalies.com\/lyon\/wp-content\/uploads\/2025\/01\/CarteAcces_CentreDeCongres_Livraison-300x173.jpg 300w, https:\/\/www.thermalies.com\/lyon\/wp-content\/uploads\/2025\/01\/CarteAcces_CentreDeCongres_Livraison-1024x590.jpg 1024w, https:\/\/www.thermalies.com\/lyon\/wp-content\/uploads\/2025\/01\/CarteAcces_CentreDeCongres_Livraison-768x443.jpg 768w, https:\/\/www.thermalies.com\/lyon\/wp-content\/uploads\/2025\/01\/CarteAcces_CentreDeCongres_Livraison-1536x885.jpg 1536w, https:\/\/www.thermalies.com\/lyon\/wp-content\/uploads\/2025\/01\/CarteAcces_CentreDeCongres_Livraison-2048x1180.jpg 2048w, https:\/\/www.thermalies.com\/lyon\/wp-content\/uploads\/2025\/01\/CarteAcces_CentreDeCongres_Livraison-150x86.jpg 150w, https:\/\/www.thermalies.com\/lyon\/wp-content\/uploads\/2025\/01\/CarteAcces_CentreDeCongres_Livraison-500x288.jpg 500w\" sizes=\"(max-width: 2560px) 100vw, 2560px\" \/><\/p>\n<h2><span style=\"color: #0c5356;\">Horaires d\u2019ouverture<\/span><\/h2>\n<p>Vendredi-Samedi : 10h-18h30<\/p>\n<p>Dimanche : 10h-18h<\/p>\n<p>Aucune entr\u00e9e 1\/2 heure avant la fermeture<\/p>\n<p>&nbsp;<\/p>\n<h2><span style=\"color: #0c5356;\">Conditions d&rsquo;acc\u00e8s<\/span><\/h2>\n<p>Tarif d\u2019entr\u00e9e grand public et professionnels\u00a0: 5\u00a0\u20ac par personne<br \/>\nGratuit sur pr\u00e9sentation d\u2019une invitation Thermalies<\/p>\n<p><a href=\"http:\/\/www.thermalies.com\/lyon\/votre-entree\/\" target=\"_blank\" rel=\"noopener noreferrer\">Demandez votre invitation Thermalies<\/a><\/p>\n<p>&nbsp;<\/p>\n<h2><span style=\"color: #0c5356;\">Contact\u00a0Thermalies<\/span><\/h2>\n<p>T\u00e9l : 01\u00a077 37 63 47<br \/>\n<a href=\"mailto:info@thermalies.com\">info@thermalies.com<\/a><\/p>\n","protected":false},"excerpt":{"rendered":"<p>Dates Le salon se d\u00e9roulera du 15 au 17 janvier 2027. Lieu Cit\u00e9 Internationale &#8211; Centre de Congr\u00e8s &#8211; L&rsquo;Amphith\u00e9\u00e2tre &#8211; Entr\u00e9e B 50 Quai Charles de Gaulle 69006 Lyon Horaires d\u2019ouverture Vendredi-Samedi : 10h-18h30 Dimanche : 10h-18h Aucune entr\u00e9e 1\/2 heure avant la fermeture &nbsp; Conditions d&rsquo;acc\u00e8s Tarif d\u2019entr\u00e9e grand public et professionnels\u00a0: 5\u00a0\u20ac&hellip; <\/p>\n","protected":false},"author":1,"featured_media":1754,"parent":18,"menu_order":0,"comment_status":"closed","ping_status":"closed","template":"","meta":{"_monsterinsights_skip_tracking":false,"_monsterinsights_sitenote_active":false,"_monsterinsights_sitenote_note":"","_monsterinsights_sitenote_category":0,"footnotes":""},"class_list":["post-1300","page","type-page","status-publish","has-post-thumbnail","hentry"],"aioseo_notices":[],"_links":{"self":[{"href":"https:\/\/www.thermalies.com\/lyon\/wp-json\/wp\/v2\/pages\/1300","targetHints":{"allow":["GET"]}}],"collection":[{"href":"https:\/\/www.thermalies.com\/lyon\/wp-json\/wp\/v2\/pages"}],"about":[{"href":"https:\/\/www.thermalies.com\/lyon\/wp-json\/wp\/v2\/types\/page"}],"author":[{"embeddable":true,"href":"https:\/\/www.thermalies.com\/lyon\/wp-json\/wp\/v2\/users\/1"}],"replies":[{"embeddable":true,"href":"https:\/\/www.thermalies.com\/lyon\/wp-json\/wp\/v2\/comments?post=1300"}],"version-history":[{"count":0,"href":"https:\/\/www.thermalies.com\/lyon\/wp-json\/wp\/v2\/pages\/1300\/revisions"}],"up":[{"embeddable":true,"href":"https:\/\/www.thermalies.com\/lyon\/wp-json\/wp\/v2\/pages\/18"}],"wp:featuredmedia":[{"embeddable":true,"href":"https:\/\/www.thermalies.com\/lyon\/wp-json\/wp\/v2\/media\/1754"}],"wp:attachment":[{"href":"https:\/\/www.thermalies.com\/lyon\/wp-json\/wp\/v2\/media?parent=1300"}],"curies":[{"name":"wp","href":"https:\/\/api.w.org\/{rel}","templated":true}]}}