{"id":2151,"date":"2024-11-06T15:37:37","date_gmt":"2024-11-06T14:37:37","guid":{"rendered":"http:\/\/www.thermalies.com\/lyon\/?page_id=2151"},"modified":"2025-12-09T09:19:46","modified_gmt":"2025-12-09T08:19:46","slug":"bien-etre-sante","status":"publish","type":"page","link":"https:\/\/www.thermalies.com\/lyon\/pressepartenaires\/espace-partenaires\/bien-etre-sante\/","title":{"rendered":"Bien-\u00eatre &#038; Sant\u00e9"},"content":{"rendered":"<p class=\"p1\"><a href=\"http:\/\/www.bienetre-et-sante.fr\/\"><img fetchpriority=\"high\" decoding=\"async\" class=\"alignnone wp-image-7672 \" src=\"https:\/\/www.thermalies.com\/lyon\/wp-content\/uploads\/2025\/12\/bienetre-et-sante_logo_2025.png\" alt=\"\" width=\"427\" height=\"132\" srcset=\"https:\/\/www.thermalies.com\/lyon\/wp-content\/uploads\/2025\/12\/bienetre-et-sante_logo_2025.png 640w, https:\/\/www.thermalies.com\/lyon\/wp-content\/uploads\/2025\/12\/bienetre-et-sante_logo_2025-300x93.png 300w, https:\/\/www.thermalies.com\/lyon\/wp-content\/uploads\/2025\/12\/bienetre-et-sante_logo_2025-150x46.png 150w, https:\/\/www.thermalies.com\/lyon\/wp-content\/uploads\/2025\/12\/bienetre-et-sante_logo_2025-500x155.png 500w\" sizes=\"(max-width: 427px) 100vw, 427px\" \/><\/a><\/p>\n<p class=\"p1\"><strong>BIEN-\u00caTRE &amp; sant\u00e9<\/strong> est le magazine N\u00b01 de la Presse Sant\u00e9 Grand Public en diffusion, avec <b>330 000 exemplaires distribu\u00e9s par mois <\/b><b>(chiffres OJD \u2013\u00a0<\/b><b>repr\u00e9sentants 667 000 lecteurs\/mois)\u00a0<\/b>diffus\u00e9s exclusivement en pharmacie et remis gracieusement aux clients des pharmaciens abonn\u00e9s dans toute la France.<br \/>\nMagazine pr\u00e9curseur de l\u2019information sant\u00e9 en pharmacie (cr\u00e9ation en 1977),\u00a0<strong>BIEN-\u00caTRE &amp; sant\u00e9<\/strong>\u00a0est reconnu depuis plus de 40 ans pour la qualit\u00e9 de ses \u00a0informations, aussi bien par les professionnels de la sant\u00e9 que par le grand public.<\/p>\n<p class=\"p1\">Le magazine BIEN-\u00caTRE &amp; sant\u00e9 a pour vocation d\u2019informer le grand public sur les grandes questions de sant\u00e9 et de pr\u00e9vention, en s\u2019appuyant sur les conseils \u00a0des professionnels de sant\u00e9, dont les pharmaciens qui accompagnent les patients quotidiennement dans leur parcours de soin.<\/p>\n<p class=\"p1\">La version papier est enrichie d\u2019informations sur le web, avec une rubrique d\u00e9di\u00e9e \u00e0 au thermalisme et \u00e0 la thalassoth\u00e9rapie : site\u00a0<b><a href=\"https:\/\/www.bienetre-et-sante.fr\/\">https:\/\/www.bienetre-et-sante.fr\/<\/a>\u00a0<\/b>et d\u2019une newsletter BIEN-\u00caTRE &amp; sant\u00e9 HEBDO qui peut vous \u00eatre envoy\u00e9e gracieusement sur inscription.<\/p>\n<p>Retrouvez le magazine\u00a0<strong>BIEN-\u00caTRE &amp; sant\u00e9<\/strong>, partenaire fid\u00e8le des Thermalies \u00e0 l\u2019entr\u00e9e du salon, \u00e0 Paris au Carrousel du Louvre <strong>du 23 au 26 janvier 2025<\/strong> et \u00e0 la Cit\u00e9 Internationale de Lyon <strong>du 17 au 19 janvier 2025<\/strong>.<\/p>\n","protected":false},"excerpt":{"rendered":"<p>BIEN-\u00caTRE &amp; sant\u00e9 est le magazine N\u00b01 de la Presse Sant\u00e9 Grand Public en diffusion, avec 330 000 exemplaires distribu\u00e9s par mois (chiffres OJD \u2013\u00a0repr\u00e9sentants 667 000 lecteurs\/mois)\u00a0diffus\u00e9s exclusivement en pharmacie et remis gracieusement aux clients des pharmaciens abonn\u00e9s dans toute la France. Magazine pr\u00e9curseur de l\u2019information sant\u00e9 en pharmacie (cr\u00e9ation en 1977),\u00a0BIEN-\u00caTRE &amp; sant\u00e9\u00a0est&hellip; <\/p>\n","protected":false},"author":1,"featured_media":1677,"parent":526,"menu_order":0,"comment_status":"closed","ping_status":"closed","template":"","meta":{"_monsterinsights_skip_tracking":false,"_monsterinsights_sitenote_active":false,"_monsterinsights_sitenote_note":"","_monsterinsights_sitenote_category":0,"footnotes":""},"class_list":["post-2151","page","type-page","status-publish","has-post-thumbnail","hentry"],"aioseo_notices":[],"_links":{"self":[{"href":"https:\/\/www.thermalies.com\/lyon\/wp-json\/wp\/v2\/pages\/2151","targetHints":{"allow":["GET"]}}],"collection":[{"href":"https:\/\/www.thermalies.com\/lyon\/wp-json\/wp\/v2\/pages"}],"about":[{"href":"https:\/\/www.thermalies.com\/lyon\/wp-json\/wp\/v2\/types\/page"}],"author":[{"embeddable":true,"href":"https:\/\/www.thermalies.com\/lyon\/wp-json\/wp\/v2\/users\/1"}],"replies":[{"embeddable":true,"href":"https:\/\/www.thermalies.com\/lyon\/wp-json\/wp\/v2\/comments?post=2151"}],"version-history":[{"count":0,"href":"https:\/\/www.thermalies.com\/lyon\/wp-json\/wp\/v2\/pages\/2151\/revisions"}],"up":[{"embeddable":true,"href":"https:\/\/www.thermalies.com\/lyon\/wp-json\/wp\/v2\/pages\/526"}],"wp:featuredmedia":[{"embeddable":true,"href":"https:\/\/www.thermalies.com\/lyon\/wp-json\/wp\/v2\/media\/1677"}],"wp:attachment":[{"href":"https:\/\/www.thermalies.com\/lyon\/wp-json\/wp\/v2\/media?parent=2151"}],"curies":[{"name":"wp","href":"https:\/\/api.w.org\/{rel}","templated":true}]}}