{"id":2303,"date":"2016-12-20T12:42:21","date_gmt":"2016-12-20T11:42:21","guid":{"rendered":"http:\/\/www.thermalies.com\/lyon\/?page_id=2303"},"modified":"2024-11-06T15:40:01","modified_gmt":"2024-11-06T14:40:01","slug":"figaro-magazine","status":"publish","type":"page","link":"https:\/\/www.thermalies.com\/lyon\/figaro-magazine\/","title":{"rendered":"Figaro Magazine"},"content":{"rendered":"<p><img decoding=\"async\" class=\"alignnone wp-image-13800 size-medium\" src=\"https:\/\/www.thermalies.com\/paris\/wp-content\/uploads\/2016\/12\/LOGO-FIGmag-New-CMJN-300x94.png\" alt=\"\" width=\"300\" height=\"94\" \/><\/p>\n<p class=\"p1\">Magazine \u00e0 forte personnalit\u00e9, install\u00e9 au carrefour de l&rsquo;information et\u00a0du plaisir, le Figaro Magazine propose chaque vendredi une lecture\u00a0diff\u00e9rente de l&rsquo;actualit\u00e9 \u00e0 travers les opinions de ses chroniqueurs de\u00a0renom, quatre grands reportages, des photographies exceptionnelles, et\u00a0toujours le meilleur de la Culture et de l&rsquo;Art de Vivre.<\/p>\n<p class=\"p1\">Le Figaro, le Figaro Magazine, Madame Figaro et TV Magazine composent \u00ab Les Figaro Week-end \u00bb, en vente d\u00e8s le vendredi.<\/p>\n<p><a href=\"http:\/\/www.lefigaro.fr\/lefigaromagazine\" target=\"_blank\" rel=\"noopener noreferrer\">http:\/\/www.lefigaro.fr\/lefigaromagazine<\/a><\/p>\n","protected":false},"excerpt":{"rendered":"<p>Magazine \u00e0 forte personnalit\u00e9, install\u00e9 au carrefour de l&rsquo;information et\u00a0du plaisir, le Figaro Magazine propose chaque vendredi une lecture\u00a0diff\u00e9rente de l&rsquo;actualit\u00e9 \u00e0 travers les opinions de ses chroniqueurs de\u00a0renom, quatre grands reportages, des photographies exceptionnelles, et\u00a0toujours le meilleur de la Culture et de l&rsquo;Art de Vivre. Le Figaro, le Figaro Magazine, Madame Figaro et TV&hellip; <\/p>\n","protected":false},"author":1,"featured_media":1651,"parent":0,"menu_order":0,"comment_status":"closed","ping_status":"closed","template":"","meta":{"_monsterinsights_skip_tracking":false,"_monsterinsights_sitenote_active":false,"_monsterinsights_sitenote_note":"","_monsterinsights_sitenote_category":0,"footnotes":""},"class_list":["post-2303","page","type-page","status-publish","has-post-thumbnail","hentry"],"aioseo_notices":[],"_links":{"self":[{"href":"https:\/\/www.thermalies.com\/lyon\/wp-json\/wp\/v2\/pages\/2303","targetHints":{"allow":["GET"]}}],"collection":[{"href":"https:\/\/www.thermalies.com\/lyon\/wp-json\/wp\/v2\/pages"}],"about":[{"href":"https:\/\/www.thermalies.com\/lyon\/wp-json\/wp\/v2\/types\/page"}],"author":[{"embeddable":true,"href":"https:\/\/www.thermalies.com\/lyon\/wp-json\/wp\/v2\/users\/1"}],"replies":[{"embeddable":true,"href":"https:\/\/www.thermalies.com\/lyon\/wp-json\/wp\/v2\/comments?post=2303"}],"version-history":[{"count":0,"href":"https:\/\/www.thermalies.com\/lyon\/wp-json\/wp\/v2\/pages\/2303\/revisions"}],"wp:featuredmedia":[{"embeddable":true,"href":"https:\/\/www.thermalies.com\/lyon\/wp-json\/wp\/v2\/media\/1651"}],"wp:attachment":[{"href":"https:\/\/www.thermalies.com\/lyon\/wp-json\/wp\/v2\/media?parent=2303"}],"curies":[{"name":"wp","href":"https:\/\/api.w.org\/{rel}","templated":true}]}}