{"id":2338,"date":"2016-12-29T17:54:27","date_gmt":"2016-12-29T16:54:27","guid":{"rendered":"http:\/\/www.thermalies.com\/lyon\/?page_id=2338"},"modified":"2026-03-06T14:31:49","modified_gmt":"2026-03-06T13:31:49","slug":"les-conferences","status":"publish","type":"page","link":"https:\/\/www.thermalies.com\/lyon\/programme\/les-conferences\/","title":{"rendered":"Les conf\u00e9rences"},"content":{"rendered":"<p data-start=\"127\" data-end=\"355\">Les conf\u00e9rences 2027 seront prochainement communiqu\u00e9es.<\/p>\n<p data-start=\"127\" data-end=\"355\">\n<p data-start=\"127\" data-end=\"355\">En attendant, retrouvez le programme 2026 :<\/p>\n<p data-start=\"127\" data-end=\"355\">17 conf\u00e9rences pl\u00e9ni\u00e8res font intervenir m\u00e9decins, th\u00e9rapeutes et sp\u00e9cialistes sur des probl\u00e9matiques ancr\u00e9es dans l\u2019actualit\u00e9.<br data-start=\"254\" data-end=\"257\" \/>La th\u00e9matique g\u00e9n\u00e9rale de 2026 est : <strong data-start=\"294\" data-end=\"355\">\u00ab Sant\u00e9 mentale \u2013 Renouer avec l\u2019\u00e9quilibre corps-esprit \u00bb<\/strong><\/p>\n<h1 data-start=\"1150\" data-end=\"1171\"><span style=\"color: #008080;\">Vendredi 16 janvier<\/span><\/h1>\n<h4 data-start=\"357\" data-end=\"383\"><span style=\"color: #008080;\">Conf\u00e9rences Bien-\u00catre M\u00e9decine Douce<\/span><\/h4>\n<p data-start=\"385\" data-end=\"577\"><strong data-start=\"385\" data-end=\"414\">10h15 \u2013 B\u00e9n\u00e9dicte Vassard<\/strong><br data-start=\"414\" data-end=\"417\" \/><em data-start=\"417\" data-end=\"480\">Apaiser son monde int\u00e9rieur dans un monde qui en demande trop<\/em><br data-start=\"480\" data-end=\"483\" \/>\u00c9motions, pens\u00e9es et hypersensibilit\u00e9 : comprendre la surcharge et revenir au calme int\u00e9rieur.<\/p>\n<p data-start=\"579\" data-end=\"794\"><strong data-start=\"579\" data-end=\"606\">13h00 \u2013 France Guillain<\/strong><br data-start=\"606\" data-end=\"609\" \/><em data-start=\"609\" data-end=\"670\">Notre visage est le reflet de l\u2019encombrement de nos organes<\/em><br data-start=\"670\" data-end=\"673\" \/>Comment d\u00e9tecter, sur notre visage, les organes qui s\u2019enrobent de gras, et retrouver la sym\u00e9trie gr\u00e2ce au bain d\u00e9rivatif.<\/p>\n<h4 data-start=\"357\" data-end=\"383\"><span style=\"color: #008080;\">Conf\u00e9rences <\/span><span style=\"color: #008080;\">Thermalies<\/span><\/h4>\n<p class=\"p1\"><strong><span class=\"s1\">11h45 \u2013 Jo\u00eblle Tareau, Vals-les-Bains Thermes<\/span><\/strong><\/p>\n<p class=\"p1\"><em>Apprivoiser son stress au quotidien. <\/em>R\u00e9gion Auvergne Rh\u00f4ne-Alpes<\/p>\n<p data-start=\"796\" data-end=\"892\"><strong data-start=\"796\" data-end=\"821\">14h30 \u2013 Sophie Brunel<\/strong><br data-start=\"821\" data-end=\"824\" \/><em data-start=\"824\" data-end=\"892\">Jin Shin Jyutsu : 21 rituels d\u2019acupressure japonaise pour ma sant\u00e9<\/em><\/p>\n<h4 data-start=\"357\" data-end=\"383\"><span style=\"color: #008080;\">Conf\u00e9rences <\/span><span style=\"color: #008080;\">Bien-\u00catre M\u00e9decine Douce<\/span><\/h4>\n<p data-start=\"894\" data-end=\"1035\"><strong data-start=\"894\" data-end=\"923\">16h00 \u2013 Lucas Bourguignon<\/strong><br data-start=\"923\" data-end=\"926\" \/><em data-start=\"926\" data-end=\"981\">Stress, \u00e9quilibre corporel et d\u00e9veloppement sensoriel<\/em><br data-start=\"981\" data-end=\"984\" \/>Comment r\u00e9guler son stress en r\u00e9\u00e9duquant nos sens ?<\/p>\n<p data-start=\"1037\" data-end=\"1143\"><strong data-start=\"1037\" data-end=\"1110\">17h30 \u2013 Marlise Anthonioz (Centre Bouddhiste Kadampa Lamrim, Lyon 09)<\/strong><br data-start=\"1110\" data-end=\"1113\" \/><em data-start=\"1113\" data-end=\"1143\">M\u00e9diter pour un esprit calme<\/em><\/p>\n<hr data-start=\"1145\" data-end=\"1148\" \/>\n<h1 data-start=\"1150\" data-end=\"1171\"><span style=\"color: #008080;\">Samedi 17 janvier<\/span><\/h1>\n<h2 data-start=\"1172\" data-end=\"1208\"><span style=\"color: #008080;\">Performance et \u00e9quilibre global<\/span><\/h2>\n<h4 data-start=\"357\" data-end=\"383\"><span style=\"color: #008080;\">Conf\u00e9rences <\/span><span style=\"color: #008080;\">Bien-\u00catre M\u00e9decine Douce<\/span><\/h4>\n<p data-start=\"1239\" data-end=\"1349\"><strong data-start=\"1239\" data-end=\"1262\">10h15 \u2013 Delphine Py<\/strong><br data-start=\"1262\" data-end=\"1265\" \/><em data-start=\"1265\" data-end=\"1308\">Sant\u00e9 mentale : comment en prendre soin ?<\/em><br data-start=\"1308\" data-end=\"1311\" \/>Il existe des moyens pour aller mieux.<\/p>\n<p data-start=\"1351\" data-end=\"1504\"><strong data-start=\"1351\" data-end=\"1380\">11h30 \u2013 Benjamin Dariouch<\/strong><br data-start=\"1380\" data-end=\"1383\" \/><em data-start=\"1383\" data-end=\"1415\">Manger mieux pour penser mieux<\/em><br data-start=\"1415\" data-end=\"1418\" \/>L\u2019alimentation anti-inflammatoire au service de la sant\u00e9 mentale et de la performance.<\/p>\n<h4 data-start=\"357\" data-end=\"383\"><span style=\"color: #008080;\">Conf\u00e9rences <\/span><span style=\"color: #008080;\">Bien-\u00catre M\u00e9decine Douce<\/span><\/h4>\n<p data-start=\"1506\" data-end=\"1750\"><strong data-start=\"1506\" data-end=\"1535\">13h00 \u2013 Anne-Laure Denans<\/strong><br data-start=\"1535\" data-end=\"1538\" \/><em data-start=\"1538\" data-end=\"1643\">Les Compl\u00e9ments Nootropiques : Vos Nouveaux Alli\u00e9s pour une Sant\u00e9 Mentale et des Performances Optimales<\/em><br data-start=\"1643\" data-end=\"1646\" \/>Des compl\u00e9ments naturels pour booster performances mentales, \u00e9quilibre \u00e9motionnel et bien-\u00eatre cognitif.<\/p>\n<p data-start=\"1752\" data-end=\"1923\"><strong data-start=\"1752\" data-end=\"1780\">14h30 \u2013 Olivier Bourquin<\/strong><br data-start=\"1780\" data-end=\"1783\" \/><em data-start=\"1783\" data-end=\"1849\">Synergies sant\u00e9 et performance : les piliers d\u2019une vie optimis\u00e9e<\/em><br data-start=\"1849\" data-end=\"1852\" \/>Une vision globale et individualis\u00e9e de la sant\u00e9 pour optimiser sa vie.<\/p>\n<p data-start=\"1925\" data-end=\"2105\"><strong data-start=\"1925\" data-end=\"1959\">16h00 \u2013 Annabelle de Villedieu<\/strong><br data-start=\"1959\" data-end=\"1962\" \/><em data-start=\"1962\" data-end=\"2007\">Le pouvoir du son et des fr\u00e9quences sonores<\/em><br data-start=\"2007\" data-end=\"2010\" \/>Un outil puissant de lib\u00e9ration et de r\u00e9harmonisation : musicoth\u00e9rapie et fr\u00e9quences curatives.<\/p>\n<p data-start=\"2107\" data-end=\"2213\"><strong data-start=\"2107\" data-end=\"2180\">17h30 \u2013 Marlise Anthonioz (Centre Bouddhiste Kadampa Lamrim, Lyon 09)<\/strong><br data-start=\"2180\" data-end=\"2183\" \/><em data-start=\"2183\" data-end=\"2213\">M\u00e9diter pour un esprit clair<\/em><\/p>\n<hr data-start=\"2215\" data-end=\"2218\" \/>\n<h1 data-start=\"2220\" data-end=\"2243\"><span style=\"color: #008080;\">Dimanche 18 janvier<\/span><\/h1>\n<h2 data-start=\"2244\" data-end=\"2284\"><span style=\"color: #008080;\">Nourrir son corps, all\u00e9ger son esprit<\/span><\/h2>\n<h4 data-start=\"357\" data-end=\"383\"><span style=\"color: #008080;\">Conf\u00e9rences <\/span><span style=\"color: #008080;\">Thermalies<\/span><\/h4>\n<p data-start=\"2303\" data-end=\"2376\"><strong data-start=\"2303\" data-end=\"2338\">10h15 \u2013 Dr Pascale G\u00e9lis Imbert<\/strong><br data-start=\"2338\" data-end=\"2341\" \/><em data-start=\"2341\" data-end=\"2376\">Six cl\u00e9s pour \u00eatre en bonne sant\u00e9<\/em><\/p>\n<h4 data-start=\"357\" data-end=\"383\"><span style=\"color: #008080;\">Conf\u00e9rences <\/span><span style=\"color: #008080;\">Bien-\u00catre M\u00e9decine Douce<\/span><\/h4>\n<p data-start=\"2408\" data-end=\"2543\"><strong data-start=\"2408\" data-end=\"2434\">11h30 \u2013 Florence Parot<\/strong><br data-start=\"2434\" data-end=\"2437\" \/><em data-start=\"2437\" data-end=\"2470\">Prenez votre fatigue au s\u00e9rieux<\/em><br data-start=\"2470\" data-end=\"2473\" \/>Pourquoi n\u00e9gliger sa fatigue peut \u00eatre dangereux et comment en sortir.<\/p>\n<p data-start=\"2545\" data-end=\"2705\"><strong data-start=\"2545\" data-end=\"2574\">13h00 \u2013 Dr Dani\u00e8le Ranoux<\/strong><br data-start=\"2574\" data-end=\"2577\" \/><em data-start=\"2577\" data-end=\"2629\">Les fascias : les conna\u00eetre pour mieux les soigner<\/em><br data-start=\"2629\" data-end=\"2632\" \/>Douleurs, c\u00e9phal\u00e9es, acouph\u00e8nes, vertiges : et si c\u2019\u00e9taient vos fascias ?<\/p>\n<p data-start=\"2707\" data-end=\"2876\"><strong data-start=\"2707\" data-end=\"2732\">14h30 \u2013 Marion Kaplan<\/strong><br data-start=\"2732\" data-end=\"2735\" \/><em data-start=\"2735\" data-end=\"2785\">Changez votre assiette pour soigner votre mental<\/em><br data-start=\"2785\" data-end=\"2788\" \/>Quand la psychiatrie nutritionnelle r\u00e9volutionne notre fa\u00e7on de penser la sant\u00e9 mentale.<\/p>\n<p data-start=\"2878\" data-end=\"3047\"><strong data-start=\"2878\" data-end=\"2905\">16h00 \u2013 Christophe Haag<\/strong><br data-start=\"2905\" data-end=\"2908\" \/><em data-start=\"2908\" data-end=\"2971\">\u00c0 l\u2019heure de l\u2019IA, parlons d\u2019IE (Intelligence \u00c9motionnelle) !<\/em><br data-start=\"2971\" data-end=\"2974\" \/>Comment rester pleinement humain \u00e0 l\u2019\u00e8re des intelligences artificielles.<\/p>\n<p data-start=\"3049\" data-end=\"3160\"><strong data-start=\"3049\" data-end=\"3122\">17h30 \u2013 Marlise Anthonioz (Centre Bouddhiste Kadampa Lamrim, Lyon 09)<\/strong><br data-start=\"3122\" data-end=\"3125\" \/><em data-start=\"3125\" data-end=\"3160\">M\u00e9diter pour un esprit chaleureux<\/em><\/p>\n","protected":false},"excerpt":{"rendered":"<p>Les conf\u00e9rences 2027 seront prochainement communiqu\u00e9es. En attendant, retrouvez le programme 2026 : 17 conf\u00e9rences pl\u00e9ni\u00e8res font intervenir m\u00e9decins, th\u00e9rapeutes et sp\u00e9cialistes sur des probl\u00e9matiques ancr\u00e9es dans l\u2019actualit\u00e9.La th\u00e9matique g\u00e9n\u00e9rale de 2026 est : \u00ab Sant\u00e9 mentale \u2013 Renouer avec l\u2019\u00e9quilibre corps-esprit \u00bb Vendredi 16 janvier Conf\u00e9rences Bien-\u00catre M\u00e9decine Douce 10h15 \u2013 B\u00e9n\u00e9dicte VassardApaiser son&hellip; <\/p>\n","protected":false},"author":1,"featured_media":1370,"parent":14,"menu_order":0,"comment_status":"closed","ping_status":"closed","template":"","meta":{"_monsterinsights_skip_tracking":false,"_monsterinsights_sitenote_active":false,"_monsterinsights_sitenote_note":"","_monsterinsights_sitenote_category":0,"footnotes":""},"class_list":["post-2338","page","type-page","status-publish","has-post-thumbnail","hentry"],"aioseo_notices":[],"_links":{"self":[{"href":"https:\/\/www.thermalies.com\/lyon\/wp-json\/wp\/v2\/pages\/2338","targetHints":{"allow":["GET"]}}],"collection":[{"href":"https:\/\/www.thermalies.com\/lyon\/wp-json\/wp\/v2\/pages"}],"about":[{"href":"https:\/\/www.thermalies.com\/lyon\/wp-json\/wp\/v2\/types\/page"}],"author":[{"embeddable":true,"href":"https:\/\/www.thermalies.com\/lyon\/wp-json\/wp\/v2\/users\/1"}],"replies":[{"embeddable":true,"href":"https:\/\/www.thermalies.com\/lyon\/wp-json\/wp\/v2\/comments?post=2338"}],"version-history":[{"count":0,"href":"https:\/\/www.thermalies.com\/lyon\/wp-json\/wp\/v2\/pages\/2338\/revisions"}],"up":[{"embeddable":true,"href":"https:\/\/www.thermalies.com\/lyon\/wp-json\/wp\/v2\/pages\/14"}],"wp:featuredmedia":[{"embeddable":true,"href":"https:\/\/www.thermalies.com\/lyon\/wp-json\/wp\/v2\/media\/1370"}],"wp:attachment":[{"href":"https:\/\/www.thermalies.com\/lyon\/wp-json\/wp\/v2\/media?parent=2338"}],"curies":[{"name":"wp","href":"https:\/\/api.w.org\/{rel}","templated":true}]}}