{"id":24,"date":"2024-07-18T15:00:14","date_gmt":"2024-07-18T13:00:14","guid":{"rendered":"http:\/\/localhost:8888\/Saveurs\/?page_id=24"},"modified":"2025-04-25T15:02:36","modified_gmt":"2025-04-25T13:02:36","slug":"pressepartenaires","status":"publish","type":"page","link":"https:\/\/www.thermalies.com\/lyon\/pressepartenaires\/","title":{"rendered":"Presse\/partenaires"},"content":{"rendered":"<p><img fetchpriority=\"high\" decoding=\"async\" class=\"alignnone wp-image-7625 size-full\" src=\"https:\/\/www.thermalies.com\/lyon\/wp-content\/uploads\/2025\/04\/5dc307d7a856eo.webp\" alt=\"\" width=\"1024\" height=\"522\" srcset=\"https:\/\/www.thermalies.com\/lyon\/wp-content\/uploads\/2025\/04\/5dc307d7a856eo.webp 1024w, https:\/\/www.thermalies.com\/lyon\/wp-content\/uploads\/2025\/04\/5dc307d7a856eo-300x153.webp 300w, https:\/\/www.thermalies.com\/lyon\/wp-content\/uploads\/2025\/04\/5dc307d7a856eo-768x392.webp 768w, https:\/\/www.thermalies.com\/lyon\/wp-content\/uploads\/2025\/04\/5dc307d7a856eo-150x76.webp 150w, https:\/\/www.thermalies.com\/lyon\/wp-content\/uploads\/2025\/04\/5dc307d7a856eo-500x255.webp 500w\" sizes=\"(max-width: 1024px) 100vw, 1024px\" \/><\/p>\n<h2><span style=\"color: #0c5356;\">Bienvenue dans l&rsquo;espace Presse \/ Partenaires du salon des Thermalies<\/span><\/h2>\n<p>&nbsp;<\/p>\n<p class=\"p1\">Ici vous pouvez t\u00e9l\u00e9charger les communiqu\u00e9s et dossiers de presse du salon Thermalies Lyon au format .pdf, ainsi que les logos et visuels haute d\u00e9finition pour vos usages d&rsquo;impression et de communication.<\/p>\n<p>&nbsp;<\/p>\n<p class=\"p1\"><span style=\"color: #ed6e26;\"><a style=\"color: #ed6e26;\" href=\"http:\/\/www.thermalies.com\/lyon\/pressepartenaires\/espace-presse\/\">\u00a0&gt;&gt; Espace presse<\/a><\/span><\/p>\n<p class=\"p1\"><span style=\"color: #ed6e26;\"><a style=\"color: #ed6e26;\" href=\"http:\/\/www.thermalies.com\/lyon\/pressepartenaires\/espace-partenaires\/\" target=\"_blank\" rel=\"noopener noreferrer\">&gt;&gt; Espace partenaires<\/a><\/span><\/p>\n","protected":false},"excerpt":{"rendered":"<p>Bienvenue dans l&rsquo;espace Presse \/ Partenaires du salon des Thermalies &nbsp; Ici vous pouvez t\u00e9l\u00e9charger les communiqu\u00e9s et dossiers de presse du salon Thermalies Lyon au format .pdf, ainsi que les logos et visuels haute d\u00e9finition pour vos usages d&rsquo;impression et de communication. &nbsp; \u00a0&gt;&gt; Espace presse &gt;&gt; Espace partenaires<\/p>\n","protected":false},"author":1,"featured_media":1677,"parent":0,"menu_order":0,"comment_status":"closed","ping_status":"closed","template":"","meta":{"_monsterinsights_skip_tracking":false,"_monsterinsights_sitenote_active":false,"_monsterinsights_sitenote_note":"","_monsterinsights_sitenote_category":0,"footnotes":""},"class_list":["post-24","page","type-page","status-publish","has-post-thumbnail","hentry"],"aioseo_notices":[],"_links":{"self":[{"href":"https:\/\/www.thermalies.com\/lyon\/wp-json\/wp\/v2\/pages\/24","targetHints":{"allow":["GET"]}}],"collection":[{"href":"https:\/\/www.thermalies.com\/lyon\/wp-json\/wp\/v2\/pages"}],"about":[{"href":"https:\/\/www.thermalies.com\/lyon\/wp-json\/wp\/v2\/types\/page"}],"author":[{"embeddable":true,"href":"https:\/\/www.thermalies.com\/lyon\/wp-json\/wp\/v2\/users\/1"}],"replies":[{"embeddable":true,"href":"https:\/\/www.thermalies.com\/lyon\/wp-json\/wp\/v2\/comments?post=24"}],"version-history":[{"count":0,"href":"https:\/\/www.thermalies.com\/lyon\/wp-json\/wp\/v2\/pages\/24\/revisions"}],"wp:featuredmedia":[{"embeddable":true,"href":"https:\/\/www.thermalies.com\/lyon\/wp-json\/wp\/v2\/media\/1677"}],"wp:attachment":[{"href":"https:\/\/www.thermalies.com\/lyon\/wp-json\/wp\/v2\/media?parent=24"}],"curies":[{"name":"wp","href":"https:\/\/api.w.org\/{rel}","templated":true}]}}