{"id":2687,"date":"2017-11-15T15:37:31","date_gmt":"2017-11-15T14:37:31","guid":{"rendered":"http:\/\/www.thermalies.com\/lyon\/?page_id=2687"},"modified":"2023-11-06T16:00:15","modified_gmt":"2023-11-06T15:00:15","slug":"les-curistes","status":"publish","type":"page","link":"https:\/\/www.thermalies.com\/lyon\/pressepartenaires\/espace-partenaires\/les-curistes\/","title":{"rendered":"Les Curistes"},"content":{"rendered":"<p><img decoding=\"async\" class=\"alignnone size-full wp-image-2684\" src=\"http:\/\/www.thermalies.com\/lyon\/wp-content\/uploads\/2017\/11\/Logo-Lescuristes_web.jpg\" alt=\"\" width=\"150\" height=\"100\" \/><\/p>\n<p>&nbsp;<\/p>\n<p class=\"p1\"><a href=\"https:\/\/www.lescuristes.fr\/\" target=\"_blank\" rel=\"noopener\"><strong>LesCuristes.fr<\/strong><\/a> est le premier portail web d\u00e9di\u00e9 au thermalisme. V\u00e9ritable guide en ligne, il r\u00e9f\u00e9rence l\u2019ensemble des stations thermales de France et permet aux internautes de trouver des informations sur chacune. Pour chaque \u00e9tablissement, une fiche d\u00e9di\u00e9e pr\u00e9sente des photos, des informations pratiques, les locations \u00e0 proximit\u00e9, des questions et r\u00e9ponses d\u2019autres curistes et surtout, des avis d\u2019anciens curistes. Avec plus de 2 700 avis r\u00e9colt\u00e9s et 4 000 questions\/r\u00e9ponses, LesCuristes.fr est la premi\u00e8re communaut\u00e9 de curistes sur internet.<\/p>\n<p class=\"p1\">Le site propose de plus une partie d\u00e9di\u00e9e \u00e0 l\u2019h\u00e9bergement avec plus de 1000 annonces de propri\u00e9taires de meubl\u00e9 ou de professionnels (camping, h\u00f4tel..).<\/p>\n<p class=\"p1\">Une partie \u00e9ditoriale permet de plus aux futurs curistes de trouver les renseignements n\u00e9cessaires pour bien pr\u00e9parer sa cure thermale<\/p>\n<p><a href=\"https:\/\/www.lescuristes.fr\/\">https:\/\/www.lescuristes.fr\/<\/a><\/p>\n","protected":false},"excerpt":{"rendered":"<p>&nbsp; LesCuristes.fr est le premier portail web d\u00e9di\u00e9 au thermalisme. V\u00e9ritable guide en ligne, il r\u00e9f\u00e9rence l\u2019ensemble des stations thermales de France et permet aux internautes de trouver des informations sur chacune. Pour chaque \u00e9tablissement, une fiche d\u00e9di\u00e9e pr\u00e9sente des photos, des informations pratiques, les locations \u00e0 proximit\u00e9, des questions et r\u00e9ponses d\u2019autres curistes et&hellip; <\/p>\n","protected":false},"author":1,"featured_media":0,"parent":526,"menu_order":0,"comment_status":"closed","ping_status":"closed","template":"","meta":{"_monsterinsights_skip_tracking":false,"_monsterinsights_sitenote_active":false,"_monsterinsights_sitenote_note":"","_monsterinsights_sitenote_category":0,"footnotes":""},"class_list":["post-2687","page","type-page","status-publish","hentry"],"aioseo_notices":[],"_links":{"self":[{"href":"https:\/\/www.thermalies.com\/lyon\/wp-json\/wp\/v2\/pages\/2687","targetHints":{"allow":["GET"]}}],"collection":[{"href":"https:\/\/www.thermalies.com\/lyon\/wp-json\/wp\/v2\/pages"}],"about":[{"href":"https:\/\/www.thermalies.com\/lyon\/wp-json\/wp\/v2\/types\/page"}],"author":[{"embeddable":true,"href":"https:\/\/www.thermalies.com\/lyon\/wp-json\/wp\/v2\/users\/1"}],"replies":[{"embeddable":true,"href":"https:\/\/www.thermalies.com\/lyon\/wp-json\/wp\/v2\/comments?post=2687"}],"version-history":[{"count":0,"href":"https:\/\/www.thermalies.com\/lyon\/wp-json\/wp\/v2\/pages\/2687\/revisions"}],"up":[{"embeddable":true,"href":"https:\/\/www.thermalies.com\/lyon\/wp-json\/wp\/v2\/pages\/526"}],"wp:attachment":[{"href":"https:\/\/www.thermalies.com\/lyon\/wp-json\/wp\/v2\/media?parent=2687"}],"curies":[{"name":"wp","href":"https:\/\/api.w.org\/{rel}","templated":true}]}}