{"id":4158,"date":"2019-02-01T14:31:02","date_gmt":"2019-02-01T13:31:02","guid":{"rendered":"https:\/\/www.thermalies.com\/lyon\/?page_id=4158"},"modified":"2020-01-02T18:27:37","modified_gmt":"2020-01-02T17:27:37","slug":"le-guide-du-thermalisme-2019","status":"publish","type":"page","link":"https:\/\/www.thermalies.com\/lyon\/pressepartenaires\/espace-partenaires\/le-guide-du-thermalisme-2019\/","title":{"rendered":"Le Guide du Thermalisme 2020"},"content":{"rendered":"<p><img decoding=\"async\" class=\"alignnone size-full wp-image-4538\" src=\"https:\/\/www.thermalies.com\/lyon\/wp-content\/uploads\/2020\/01\/Logo-Guide-Thermalisme-2020.jpg\" alt=\"\" width=\"150\" height=\"150\" srcset=\"https:\/\/www.thermalies.com\/lyon\/wp-content\/uploads\/2020\/01\/Logo-Guide-Thermalisme-2020.jpg 150w, https:\/\/www.thermalies.com\/lyon\/wp-content\/uploads\/2020\/01\/Logo-Guide-Thermalisme-2020-50x50.jpg 50w, https:\/\/www.thermalies.com\/lyon\/wp-content\/uploads\/2020\/01\/Logo-Guide-Thermalisme-2020-45x45.jpg 45w\" sizes=\"(max-width: 150px) 100vw, 150px\" \/><\/p>\n<p class=\"p1\">Le guide de r\u00e9f\u00e9rence du thermalisme depuis plus de 40 ans.<\/p>\n<p class=\"p1\">Indispensable pour les futurs curistes qui y trouveront la station thermale adapt\u00e9e \u00e0 leurs besoins et leur recherche de bien-\u00eatre.<\/p>\n<p class=\"p1\">Bien plus qu&rsquo;un simple annuaire, ils y trouveront \u00e9galement des articles de fond sur les diverses orientations th\u00e9rapeutiques trait\u00e9es et les d\u00e9tails pratiques pour profiter au mieux de leur s\u00e9jour (conditions de prise en charge, tarifs&#8230;)<\/p>\n<p class=\"p1\"><span class=\"s1\">Distribution gratuite sur notre stand\u00a0<\/span><\/p>\n<p class=\"p1\">Le Guide est \u00e9dit\u00e9 par IMPACT MEDICOM &#8211; 13-15 rue des Sablons &#8211; 75116 Paris. &#8211; T\u00e9l : 01 47 22 52 20<\/p>\n<p class=\"p3\"><span class=\"s3\">E-mail\u00a0: <a href=\"mailto:guide-du-thermalisme@impact-medicom.com\"><span class=\"s1\">guide-du-thermalisme@impact-medicom.com<\/span><\/a> &#8211; Site internet : <a href=\"http:\/\/www.leguideduthermalisme.fr\/\"><span class=\"s1\">www.leguideduthermalisme.fr<\/span><\/a><\/span><\/p>\n","protected":false},"excerpt":{"rendered":"<p>Le guide de r\u00e9f\u00e9rence du thermalisme depuis plus de 40 ans. Indispensable pour les futurs curistes qui y trouveront la station thermale adapt\u00e9e \u00e0 leurs besoins et leur recherche de bien-\u00eatre. Bien plus qu&rsquo;un simple annuaire, ils y trouveront \u00e9galement des articles de fond sur les diverses orientations th\u00e9rapeutiques trait\u00e9es et les d\u00e9tails pratiques pour&hellip; <\/p>\n","protected":false},"author":1,"featured_media":0,"parent":526,"menu_order":0,"comment_status":"closed","ping_status":"closed","template":"","meta":{"_monsterinsights_skip_tracking":false,"_monsterinsights_sitenote_active":false,"_monsterinsights_sitenote_note":"","_monsterinsights_sitenote_category":0,"footnotes":""},"class_list":["post-4158","page","type-page","status-publish","hentry"],"aioseo_notices":[],"_links":{"self":[{"href":"https:\/\/www.thermalies.com\/lyon\/wp-json\/wp\/v2\/pages\/4158","targetHints":{"allow":["GET"]}}],"collection":[{"href":"https:\/\/www.thermalies.com\/lyon\/wp-json\/wp\/v2\/pages"}],"about":[{"href":"https:\/\/www.thermalies.com\/lyon\/wp-json\/wp\/v2\/types\/page"}],"author":[{"embeddable":true,"href":"https:\/\/www.thermalies.com\/lyon\/wp-json\/wp\/v2\/users\/1"}],"replies":[{"embeddable":true,"href":"https:\/\/www.thermalies.com\/lyon\/wp-json\/wp\/v2\/comments?post=4158"}],"version-history":[{"count":0,"href":"https:\/\/www.thermalies.com\/lyon\/wp-json\/wp\/v2\/pages\/4158\/revisions"}],"up":[{"embeddable":true,"href":"https:\/\/www.thermalies.com\/lyon\/wp-json\/wp\/v2\/pages\/526"}],"wp:attachment":[{"href":"https:\/\/www.thermalies.com\/lyon\/wp-json\/wp\/v2\/media?parent=4158"}],"curies":[{"name":"wp","href":"https:\/\/api.w.org\/{rel}","templated":true}]}}