{"id":4165,"date":"2025-11-27T12:54:30","date_gmt":"2025-11-27T11:54:30","guid":{"rendered":"https:\/\/www.thermalies.com\/lyon\/?page_id=4165"},"modified":"2025-11-27T16:50:39","modified_gmt":"2025-11-27T15:50:39","slug":"les-animations","status":"publish","type":"page","link":"https:\/\/www.thermalies.com\/lyon\/programme\/les-animations\/","title":{"rendered":"Les animations"},"content":{"rendered":"<h2><span style=\"color: #0c5356;\">De nombreuses animations Bien-\u00catre M\u00e9decine Douce<\/span><\/h2>\n<p><span style=\"color: #0c5356;\"><strong>Venez exp\u00e9rimenter les m\u00e9thodes de sant\u00e9 &amp; bien-\u00eatre au naturel<\/strong><\/span><\/p>\n<h3><span style=\"color: #458c7f;\"><strong>Le village des acteurs de la sant\u00e9 au naturel<\/strong><\/span><\/h3>\n<p>Nouvelle zone d\u00e9di\u00e9e aux praticiens en professions lib\u00e9rales, \u00e9coles, formations, massage.<\/p>\n<h3><span style=\"color: #458c7f;\"><strong>Les ateliers d&rsquo;alimentation saine<\/strong><\/span><\/h3>\n<p>D\u00e9monstrations, d\u00e9gustations et conseils pour mieux manger au quotidien.<\/p>\n<h3><span style=\"color: #458c7f;\"><strong>Le rendez-vous des guidances<\/strong><\/span><\/h3>\n<p>Zone d\u00e9di\u00e9e aux activit\u00e9s spirituelles\u00a0: \u00e9nerg\u00e9tique, chamanisme, m\u00e9diumnit\u00e9, cartomancie, astrologie\u2026<\/p>\n<h3><span style=\"color: #458c7f;\"><strong>L\u2019espace Reconnexion<\/strong><\/span><\/h3>\n<p>M\u00e9ditation, automassage, yoga, respiration, l\u00e2cher prise. Vivre des exp\u00e9riences in\u00e9dites.<\/p>\n","protected":false},"excerpt":{"rendered":"<p>De nombreuses animations Bien-\u00catre M\u00e9decine Douce Venez exp\u00e9rimenter les m\u00e9thodes de sant\u00e9 &amp; bien-\u00eatre au naturel Le village des acteurs de la sant\u00e9 au naturel Nouvelle zone d\u00e9di\u00e9e aux praticiens en professions lib\u00e9rales, \u00e9coles, formations, massage. Les ateliers d&rsquo;alimentation saine D\u00e9monstrations, d\u00e9gustations et conseils pour mieux manger au quotidien. Le rendez-vous des guidances Zone d\u00e9di\u00e9e&hellip; <\/p>\n","protected":false},"author":1,"featured_media":0,"parent":14,"menu_order":0,"comment_status":"closed","ping_status":"closed","template":"","meta":{"_monsterinsights_skip_tracking":false,"_monsterinsights_sitenote_active":false,"_monsterinsights_sitenote_note":"","_monsterinsights_sitenote_category":0,"footnotes":""},"class_list":["post-4165","page","type-page","status-publish","hentry"],"aioseo_notices":[],"_links":{"self":[{"href":"https:\/\/www.thermalies.com\/lyon\/wp-json\/wp\/v2\/pages\/4165","targetHints":{"allow":["GET"]}}],"collection":[{"href":"https:\/\/www.thermalies.com\/lyon\/wp-json\/wp\/v2\/pages"}],"about":[{"href":"https:\/\/www.thermalies.com\/lyon\/wp-json\/wp\/v2\/types\/page"}],"author":[{"embeddable":true,"href":"https:\/\/www.thermalies.com\/lyon\/wp-json\/wp\/v2\/users\/1"}],"replies":[{"embeddable":true,"href":"https:\/\/www.thermalies.com\/lyon\/wp-json\/wp\/v2\/comments?post=4165"}],"version-history":[{"count":0,"href":"https:\/\/www.thermalies.com\/lyon\/wp-json\/wp\/v2\/pages\/4165\/revisions"}],"up":[{"embeddable":true,"href":"https:\/\/www.thermalies.com\/lyon\/wp-json\/wp\/v2\/pages\/14"}],"wp:attachment":[{"href":"https:\/\/www.thermalies.com\/lyon\/wp-json\/wp\/v2\/media?parent=4165"}],"curies":[{"name":"wp","href":"https:\/\/api.w.org\/{rel}","templated":true}]}}