{"id":476,"date":"2024-07-16T10:00:58","date_gmt":"2024-07-16T08:00:58","guid":{"rendered":"http:\/\/www.salon-biogourmand.com\/?page_id=476"},"modified":"2025-12-02T15:00:15","modified_gmt":"2025-12-02T14:00:15","slug":"presentation-du-salon","status":"publish","type":"page","link":"https:\/\/www.thermalies.com\/lyon\/visiter\/presentation-du-salon\/","title":{"rendered":"Pr\u00e9sentation du salon"},"content":{"rendered":"<p><img fetchpriority=\"high\" decoding=\"async\" class=\"alignnone wp-image-7612 size-full\" src=\"https:\/\/www.thermalies.com\/lyon\/wp-content\/uploads\/2025\/04\/Capture-decran-2025-04-24-a-16.43.45.png\" alt=\"\" width=\"1295\" height=\"548\" srcset=\"https:\/\/www.thermalies.com\/lyon\/wp-content\/uploads\/2025\/04\/Capture-decran-2025-04-24-a-16.43.45.png 1295w, https:\/\/www.thermalies.com\/lyon\/wp-content\/uploads\/2025\/04\/Capture-decran-2025-04-24-a-16.43.45-300x127.png 300w, https:\/\/www.thermalies.com\/lyon\/wp-content\/uploads\/2025\/04\/Capture-decran-2025-04-24-a-16.43.45-1024x433.png 1024w, https:\/\/www.thermalies.com\/lyon\/wp-content\/uploads\/2025\/04\/Capture-decran-2025-04-24-a-16.43.45-768x325.png 768w, https:\/\/www.thermalies.com\/lyon\/wp-content\/uploads\/2025\/04\/Capture-decran-2025-04-24-a-16.43.45-150x63.png 150w, https:\/\/www.thermalies.com\/lyon\/wp-content\/uploads\/2025\/04\/Capture-decran-2025-04-24-a-16.43.45-500x212.png 500w\" sizes=\"(max-width: 1295px) 100vw, 1295px\" \/><\/p>\n<h2><span style=\"color: #0c5356;\">Les derni\u00e8res tendances en mati\u00e8re de sant\u00e9 et bien-\u00eatre sont au salon Thermalies \u00e0 Lyon<\/span><\/h2>\n<p>\u00c9v\u00e9nement de r\u00e9f\u00e9rence d\u00e9di\u00e9 \u00e0 la sant\u00e9 et au bien-\u00eatre par l&rsquo;eau, Les Thermalies rassemblent chaque ann\u00e9e les repr\u00e9sentants des centres de thalassoth\u00e9rapie, de cures thermales et de spas.<\/p>\n<h2><span style=\"color: #0c5356;\">Profitez de 3 jours pour prendre soin de vous, renforcer votre sant\u00e9 et faire le plein d&rsquo;\u00e9nergie !<\/span><\/h2>\n<p>Rencontrez <strong><span style=\"color: #008080;\">plus de 80 exposants<\/span><\/strong> et \u00e9changer avec des professionnels passionn\u00e9s pour d\u00e9couvrir :<\/p>\n<ul>\n<li><strong><span style=\"color: #008080;\">des conseils personnalis\u00e9s<\/span><\/strong> d\u00e9livr\u00e9s par des experts<\/li>\n<li><strong><span style=\"color: #008080;\">un large choix de destinations<\/span><\/strong> bien-\u00eatre en France et \u00e0 l&rsquo;international<\/li>\n<li>l&rsquo;occasion id\u00e9ale de trouver votre cure, mini-cure ou escapade bien-\u00eatre selon vos besoins et vos envies<\/li>\n<\/ul>\n<p>Venez vivre une exp\u00e9rience unique alliant ressourcement, d\u00e9tente et expertise.<\/p>\n<h2><span style=\"color: #0c5356;\">3 grands univers bien-\u00eatre \u00e0 d\u00e9couvrir<\/span><\/h2>\n<ul>\n<li><strong><span style=\"color: #008080;\">THALASSO<\/span><\/strong> : des s\u00e9jours bien-\u00eatre pour toutes les dur\u00e9es, port\u00e9s par les vertus exceptionnelles de l&rsquo;eau de mer<\/li>\n<li><strong><span style=\"color: #008080;\">THERMALISME<\/span><\/strong> : des cures m\u00e9dicales ou bien-\u00eatre, fond\u00e9es sur les bienfaits naturels des eaux de source.<\/li>\n<li><strong><span style=\"color: #008080;\">SPA<\/span><\/strong> : des exp\u00e9riences de d\u00e9tente profonde dans des cadres d&rsquo;exception.<\/li>\n<\/ul>\n<h2><span style=\"color: #0c5356;\">Sens &amp; Exp\u00e9riences :<\/span><\/h2>\n<ul>\n<li style=\"list-style-type: none;\">\n<ul>\n<li><strong><span style=\"color: #ed6e26;\">CONF\u00c9RENCES<\/span><br \/>\n<\/strong>Un contenu de qualit\u00e9, assistez aux conf\u00e9rences Thermalies anim\u00e9es par nos exposants ainsi que des professionnels de la sant\u00e9 et du bien-\u00eatre, sur des sujets de sant\u00e9 vari\u00e9s&#8230;<\/li>\n<li><span style=\"color: #ed6e26;\"><strong>SOINS ET MASSAGES<\/strong><\/span><br \/>\nTestez sur les stands de nos exposants : massages, cosm\u00e9tiques, &#8230;<\/li>\n<\/ul>\n<\/li>\n<\/ul>\n<h2><span style=\"color: #0c5356;\">Rejoignez-nous sur Facebook, Instagram et Linkedin<\/span><\/h2>\n<ul>\n<li>N&rsquo;attendez plus, suivez-nous sur <a href=\"http:\/\/fr-fr.facebook.com\/pages\/Les-Thermalies-le-Salon-de-leau-et-du-bien-%C3%AAtre\/44793142828\">Facebook<\/a>,\u00a0<a href=\"https:\/\/www.instagram.com\/mythermalies\/\" target=\"_blank\" rel=\"noopener noreferrer\">Instagram<\/a>\u00a0et <a href=\"https:\/\/www.linkedin.com\/showcase\/les-thermalies\" target=\"_blank\" rel=\"noopener noreferrer\">Linkedin<\/a><span style=\"font-size: 29px; font-weight: bold;\"><br \/>\n<\/span><span style=\"font-size: 29px; font-weight: bold;\"><br \/>\n<span style=\"color: #0c5356;\">Votre invitation au salon Thermalies Lyon<\/span><\/span><\/li>\n<li>N\u2019attendez plus ! T\u00e9l\u00e9chargez d\u00e8s aujourd\u2019hui votre invitation gratuite pour Thermalies Lyon :<span style=\"color: #ed6e26;\"> <a style=\"color: #ed6e26;\" href=\"http:\/\/www.thermalies.com\/lyon\/votre-entree\/\" target=\"_blank\" rel=\"noopener\">en cliquant ici<\/a><\/span><\/li>\n<\/ul>\n","protected":false},"excerpt":{"rendered":"<p>Les derni\u00e8res tendances en mati\u00e8re de sant\u00e9 et bien-\u00eatre sont au salon Thermalies \u00e0 Lyon \u00c9v\u00e9nement de r\u00e9f\u00e9rence d\u00e9di\u00e9 \u00e0 la sant\u00e9 et au bien-\u00eatre par l&rsquo;eau, Les Thermalies rassemblent chaque ann\u00e9e les repr\u00e9sentants des centres de thalassoth\u00e9rapie, de cures thermales et de spas. Profitez de 3 jours pour prendre soin de vous, renforcer votre&hellip; <\/p>\n","protected":false},"author":1,"featured_media":6482,"parent":2,"menu_order":0,"comment_status":"closed","ping_status":"closed","template":"","meta":{"_monsterinsights_skip_tracking":false,"_monsterinsights_sitenote_active":false,"_monsterinsights_sitenote_note":"","_monsterinsights_sitenote_category":0,"footnotes":""},"class_list":["post-476","page","type-page","status-publish","has-post-thumbnail","hentry"],"aioseo_notices":[],"_links":{"self":[{"href":"https:\/\/www.thermalies.com\/lyon\/wp-json\/wp\/v2\/pages\/476","targetHints":{"allow":["GET"]}}],"collection":[{"href":"https:\/\/www.thermalies.com\/lyon\/wp-json\/wp\/v2\/pages"}],"about":[{"href":"https:\/\/www.thermalies.com\/lyon\/wp-json\/wp\/v2\/types\/page"}],"author":[{"embeddable":true,"href":"https:\/\/www.thermalies.com\/lyon\/wp-json\/wp\/v2\/users\/1"}],"replies":[{"embeddable":true,"href":"https:\/\/www.thermalies.com\/lyon\/wp-json\/wp\/v2\/comments?post=476"}],"version-history":[{"count":0,"href":"https:\/\/www.thermalies.com\/lyon\/wp-json\/wp\/v2\/pages\/476\/revisions"}],"up":[{"embeddable":true,"href":"https:\/\/www.thermalies.com\/lyon\/wp-json\/wp\/v2\/pages\/2"}],"wp:featuredmedia":[{"embeddable":true,"href":"https:\/\/www.thermalies.com\/lyon\/wp-json\/wp\/v2\/media\/6482"}],"wp:attachment":[{"href":"https:\/\/www.thermalies.com\/lyon\/wp-json\/wp\/v2\/media?parent=476"}],"curies":[{"name":"wp","href":"https:\/\/api.w.org\/{rel}","templated":true}]}}