{"id":490,"date":"2024-07-18T15:00:34","date_gmt":"2024-07-18T13:00:34","guid":{"rendered":"http:\/\/www.salon-biogourmand.com\/?page_id=490"},"modified":"2025-04-30T14:20:58","modified_gmt":"2025-04-30T12:20:58","slug":"pourquoi-exposer","status":"publish","type":"page","link":"https:\/\/www.thermalies.com\/lyon\/exposer\/pourquoi-exposer\/","title":{"rendered":"Pourquoi exposer ?"},"content":{"rendered":"\r\n<h3><span style=\"color: #0c5356;\">LES THERMALIES, le salon incontournable pour promouvoir et commercialiser vos soins et produits aupr\u00e8s d\u2019une client\u00e8le cibl\u00e9e.<\/span><\/h3>\r\n<p><span style=\"color: #0c5356;\"><strong>Les chiffres cl\u00e9s :<\/strong><\/span><\/p>\r\n<ul>\r\n<li>9 000 visiteurs<\/li>\r\n<li>140 exposants<\/li>\r\n<li>80 conf\u00e9rences et animations<\/li>\r\n<\/ul>\r\n<h3><span style=\"color: #458c7f;\">PARTICIPEZ AUX SALONS THERMALIES LYON<\/span><\/h3>\r\n<ul>\r\n<li><span style=\"color: #0c5356;\"><strong>Commercialiser<\/strong><\/span>\u00a0vos cures, produits et soins aupr\u00e8s d\u2019un visitorat haut de gamme et de\u0301velopper votre chiffre d\u2019affaires<\/li>\r\n<li><span style=\"color: #0c5356;\"><strong>Prendre la parole<\/strong><\/span>\u00a0lors de conf\u00e9rences et ateliers et mettre en avant votre activit\u00e9<\/li>\r\n<li><strong><span style=\"color: #0c5356;\">Fid\u00e9liser<\/span>\u00a0<\/strong>vos clients en leur proposant vos nouvelles offres<\/li>\r\n<li><b><span style=\"color: #0c5356;\">Profiter<\/span>\u00a0<\/b>d\u2019un plan de communication d\u2019envergure<\/li>\r\n<li><span style=\"color: #0c5356;\"><strong>Faire conna\u00eetre<\/strong><\/span>\u00a0vos nouveaut\u00e9s aupr\u00e8s des journalistes cl\u00e9s du secteur<\/li>\r\n<li><span style=\"color: #0c5356;\"><strong>Rencontrer<\/strong><\/span>\u00a0vos futurs clients<\/li>\r\n<\/ul>\r\n<p>&nbsp;<\/p>\r\n<h3><span style=\"color: #458c7f;\">UN VISITORAT HAUT DE GAMME<\/span><\/h3>\r\n<p>Construisez une relation privil\u00e9gi\u00e9e avec une client\u00e8le f\u00e9minine<span style=\"color: #0c5356;\"><strong> haut de gamme.<\/strong><\/span><br \/>Les femmes, repr\u00e9sentant <span style=\"color: #0c5356;\"><strong>70 % du public<\/strong><\/span> Thermalies, viennent sur le salon pour r\u00e9server des cures ou des soins. \u00a0\u00a0<\/p>\r\n<h3><span style=\"color: #458c7f;\">LES 6 TH\u00c9MATIQUES<\/span><\/h3>\r\n<p><span style=\"color: #008080; font-size: 18pt;\"><strong><span style=\"color: #008080;\">1. <\/span>Thalasso France<\/strong><\/span><\/p>\r\n<p><span style=\"color: #008080;\"><strong>Les traitements aux vertus pr\u00e9ventives reconnues de l\u2019eau de mer<\/strong><\/span><\/p>\r\n<p>Les bienfaits du milieu marin sont reconnus depuis l\u2019Antiquit\u00e9 pour soulager de nombreux maux et gagner en vitalit\u00e9. L\u2019offre Thalasso r\u00e9partie le long du littoral fran\u00e7ais est ainsi largement repr\u00e9sent\u00e9e sur le salon. Le grand public vient r\u00e9server des cures de thalassoth\u00e9rapie, afin de profiter des effets tonifiants et favorables pour la sant\u00e9 du climat marin, eau de mer,\u00a0boues marines, algues et autres substances extraites de la mer.<\/p>\r\n<p><span style=\"color: #008080; font-size: 18pt;\"><strong>2. Sources Thermales France<\/strong><\/span><\/p>\r\n<p><span style=\"color: #008080;\"><strong>Les cures m\u00e9dicinales et les courts s\u00e9jours bas\u00e9s sur les bienfaits de l\u2019eau min\u00e9rale<\/strong><\/span><\/p>\r\n<p>Pratique ancienne, la cure thermale, bas\u00e9e sur l\u2019utilisation des eaux chaudes et min\u00e9rales naturelles de sources, prodigue des bienfaits sur la sant\u00e9 qui sont m\u00e9dicalement reconnus. L\u2019eau thermale est utilis\u00e9e sous diverses formes, les curistes sont amen\u00e9s pour se soigner \u00e0 la boire (eau pure), la respirer (vapeur) ou encore \u00e0 s\u2019immerger dedans (boue thermale). Les visiteurs viennent sur le salon d\u00e9couvrir la m\u00e9decine thermale en r\u00e9ponse \u00e0 des pathologies pr\u00e9cises : rhumatismes, asthme, fibromyalgie\u2026 Au-del\u00e0 des cures sp\u00e9cifiques et conventionn\u00e9es, les stations thermales proposent \u00e9galement des courts-s\u00e9jours en Spa thermaux.<\/p>\r\n<p><span style=\"color: #008080; font-size: 18pt;\"><strong>3. \u00c9vasion Spa<\/strong><\/span><\/p>\r\n<p><span style=\"color: #008080;\"><strong>Une zone de prestige d\u00e9di\u00e9e aux h\u00f4tels d\u2019exception offrant des soins de d\u00e9tente et de ressourcement<\/strong>,<\/span><\/p>\r\n<p>Dans un univers de luxe, des \u00e9tablissements d\u2019exception d\u00e9voilent leurs offres aux citadins qui souhaitent s\u2019\u00e9vader le temps d\u2019un s\u00e9jour ou d\u2019un weekend Spa. Une invitation \u00e0 la d\u00e9tente et au ressourcement avec des soins du corps personnalis\u00e9s.<\/p>\r\n<p><span style=\"color: #008080; font-size: 18pt;\"><strong>4. Destinations d\u2019ailleurs<\/strong><\/span><\/p>\r\n<p><span style=\"color: #008080;\"><strong>Un espace r\u00e9serv\u00e9 aux \u00e9tablissements du monde entier proposant des soins d\u2019ailleurs.<\/strong><\/span><\/p>\r\n<p>Un d\u00e9paysement assur\u00e9, une douceur de climat garantie, mais surtout la d\u00e9couverte de soins du monde et de traditions propos\u00e9es par de nombreuses destinations au-del\u00e0 de l\u2019hexagone. Ainsi les visiteurs trouveront sur le salon Thermalies\u00a0un large choix en mati\u00e8re de cures thermales, de soins \u00e0 base d\u2019eau de mer, et de v\u00e9ritables escales bien-\u00eatre bas\u00e9es sur une culture du bain et des pratiques m\u00e9dicales venues d\u2019ailleurs (Ayurveda, m\u00e9decine traditionnelle chinoise\u2026). Le bien-\u00eatre par l\u2019eau \u00e0 l\u2019\u00e9tranger pour une v\u00e9ritable \u00e9vasion, une parenth\u00e8se d\u00e9tente dans un cadre idyllique tout en profitant de soins prodigu\u00e9s par des experts. De nombreuses destinations \u00e0 l\u2019international seront repr\u00e9sent\u00e9es au salon des Thermalies pour r\u00e9pondre \u00e0 toutes les envies.<\/p>\r\n<p><span style=\"font-size: 18pt;\"><strong>\u00a0<span style=\"color: #008080;\">5. <\/span><\/strong><strong style=\"color: #008080;\">Long\u00e9vit\u00e9<\/strong><\/span><\/p>\r\n<p><span style=\"color: #008080;\"><strong>Le salon Les Thermalies 2026 inaugure un nouvel espace enti\u00e8rement consacr\u00e9 \u00e0 la long\u00e9vit\u00e9 et au vieillissement en bonne sant\u00e9.<\/strong><\/span><\/p>\r\n<p>Au c\u0153ur de cet espace, un programme riche de conf\u00e9rences d\u2019experts, ateliers, stands de produits, innovations technologiques anim\u00e9es par des m\u00e9decins experts en nutrition, psychologie positive et activit\u00e9s physiques. L\u2019accent est mis sur les six piliers essentiels pour prolonger son esp\u00e9rance de vie en pleine sant\u00e9 :\u00a0<strong>un sommeil r\u00e9parateur<\/strong>,\u00a0<strong>une alimentation \u00e9quilibr\u00e9e<\/strong>,\u00a0<strong>la pratique r\u00e9guli\u00e8re d\u2019une activit\u00e9 physique<\/strong>,\u00a0<strong>la gestion du stress par la m\u00e9ditation<\/strong>,\u00a0<strong>les cures d\u00e9toxifiantes<\/strong>\u00a0et\u00a0<strong>la reconnexion \u00e0 soi et \u00e0 la nature<\/strong>.<br \/>Les visiteurs pourront ainsi s\u2019informer sur les derni\u00e8res recherches scientifiques, d\u00e9couvrir des outils concrets pour int\u00e9grer ces piliers dans leur quotidien et rencontrer des professionnels proposant des programmes personnalis\u00e9s pour optimiser leur capital sant\u00e9 \u00e0 long terme. Un espace incontournable pour tous ceux qui souhaitent devenir acteurs de leur bien-\u00eatre et pr\u00e9server leur vitalit\u00e9 au fil des ann\u00e9es.<\/p>\r\n<p><span style=\"font-size: 18pt;\"><strong>\u00a0<span style=\"color: #008080;\">6. <\/span><\/strong><strong style=\"color: #008080;\">Beauty Corner<\/strong><\/span><\/p>\r\n<p><span style=\"color: #008080;\"><strong>Cosm\u00e9tiques, nutri-cosm\u00e9tiques, instituts, cliniques et autres \u00e9tablissements d\u00e9di\u00e9s \u00e0 la pr\u00e9vention du vieillissement et au soin de soi<\/strong><\/span><\/p>\r\n<p>Le Beauty Corner est l\u2019espace incontournable pour celles et ceux qui souhaitent d\u00e9couvrir les derni\u00e8res tendances en mati\u00e8re de beaut\u00e9 et de soins anti-\u00e2ge. Les visiteurs pourront \u00e9changer avec des marques de cosm\u00e9tique marine, de dermo-cosm\u00e9tique, ainsi que des experts en nutri-cosm\u00e9tique qui associent nutrition et soin de la peau. Conseils personnalis\u00e9s, pr\u00e9sentations de nouveaut\u00e9s, d\u00e9monstrations de rituels beaut\u00e9 : cet espace propose une approche globale du soin, de l\u2019int\u00e9rieur et de l\u2019ext\u00e9rieur. Des cliniques et instituts sp\u00e9cialis\u00e9s seront \u00e9galement pr\u00e9sents pour informer sur les techniques innovantes de pr\u00e9vention du vieillissement cutan\u00e9.\u00a0<\/p>\r\n<p><img fetchpriority=\"high\" decoding=\"async\" class=\"alignnone size-full wp-image-7316\" src=\"https:\/\/www.thermalies.com\/lyon\/wp-content\/uploads\/2024\/07\/AdobeStock_108476147-scaled-e1721309215600.jpeg\" alt=\"Exposer\" width=\"2560\" height=\"1361\" srcset=\"https:\/\/www.thermalies.com\/lyon\/wp-content\/uploads\/2024\/07\/AdobeStock_108476147-scaled-e1721309215600.jpeg 2560w, https:\/\/www.thermalies.com\/lyon\/wp-content\/uploads\/2024\/07\/AdobeStock_108476147-scaled-e1721309215600-300x159.jpeg 300w, https:\/\/www.thermalies.com\/lyon\/wp-content\/uploads\/2024\/07\/AdobeStock_108476147-scaled-e1721309215600-1024x544.jpeg 1024w, https:\/\/www.thermalies.com\/lyon\/wp-content\/uploads\/2024\/07\/AdobeStock_108476147-scaled-e1721309215600-768x408.jpeg 768w, https:\/\/www.thermalies.com\/lyon\/wp-content\/uploads\/2024\/07\/AdobeStock_108476147-scaled-e1721309215600-1536x817.jpeg 1536w, https:\/\/www.thermalies.com\/lyon\/wp-content\/uploads\/2024\/07\/AdobeStock_108476147-scaled-e1721309215600-2048x1089.jpeg 2048w, https:\/\/www.thermalies.com\/lyon\/wp-content\/uploads\/2024\/07\/AdobeStock_108476147-scaled-e1721309215600-150x80.jpeg 150w, https:\/\/www.thermalies.com\/lyon\/wp-content\/uploads\/2024\/07\/AdobeStock_108476147-scaled-e1721309215600-500x266.jpeg 500w\" sizes=\"(max-width: 2560px) 100vw, 2560px\" \/><\/p>\r\n<h2>\u00a0<\/h2>\r\n<h3><span style=\"color: #458c7f;\">SENS &amp; EXP\u00c9RIENCES<\/span><\/h3>\r\n<ul>\r\n<li><strong><span style=\"color: #0c5356;\">ATELIERS<\/span><br \/><\/strong>Animez un cours de yoga, me\u0301ditation, pilates, sophrologie, auto-massage&#8230;<\/li>\r\n<li><span style=\"color: #0c5356;\"><strong>SOINS &amp; MASSAGES<br \/><\/strong><\/span>Stands d\u00e9di\u00e9s aux soins de sant\u00e9 et de bien-\u00eatre pour les visiteurs.<\/li>\r\n<li><span style=\"color: #0c5356;\"><strong>CONF\u00c9RENCES <\/strong><\/span><br \/>Prenez la parole et mettez en avant vos cures et produits pendant le salon pour de\u0301velopper votre chiffre d\u2019affaires.<\/li>\r\n<\/ul>\r\n<p>&nbsp;<\/p>\r\n<h3><span style=\"color: #458c7f;\">UN PLAN DE COMMUNICATION SOIGN\u00c9 POUR ACCRO\u00ceTRE LA VISIBILIT\u00c9 DE VOTRE MARQUE<\/span><\/h3>\r\n<ul>\r\n<li>Une large visibilit\u00e9 m\u00e9diatique avant, pendant, apr\u00e8s les salons visant une client\u00e8le \u00e0 fort pouvoir d&rsquo;achat<\/li>\r\n<li>Une diffusion d\u2019invitations gratuites \u00e0 nos visiteurs CSP+, en plus des invitations que vous envoyez \u00e0 vos propres clients<\/li>\r\n<li>Un service de presse cibl\u00e9 sur la presse grand public et sp\u00e9cialis\u00e9e, affinitaire avec votre cible<\/li>\r\n<li>Une campagne d\u2019affichage massive dans le m\u00e9tro parisien<\/li>\r\n<li>Une communication cibl\u00e9e sur les r\u00e9seaux sociaux et les sites internet<\/li>\r\n<\/ul>\r\n<h3><span style=\"color: #ed6e26;\"><a style=\"color: #ed6e26;\" href=\"https:\/\/www.thermalies.com\/lyon\/exposer\/demandez-dossier-dinscription\/\">&gt;&gt; Demandez votre dossier d&rsquo;inscription<\/a><\/span><\/h3>\r\n<h3><span style=\"color: #458c7f;\">NOUVEAU<\/span><\/h3>\r\n<ul>\r\n<li><span style=\"color: #0c5356;\"><strong>Communication de\u0301die\u0301e aux exposants sur les re\u0301seaux <\/strong><\/span><strong><span style=\"color: #0c5356;\">sociaux et le site web du salon<\/span><br \/><\/strong>De\u0300s votre inscription aux salons, faites-nous parvenir :<br \/>&#8211; 3 photos de votre e\u0301tablissement (exte\u0301rieur, inte\u0301rieur et de soins)<br \/>&#8211; une vide\u0301o instagrammable verticale<br \/>&#8211; un live d\u2019expert sur des the\u0301matiques sante\u0301 (microbiote, arthrose, cancer, &#8230;) ou bien-e\u0302tre (anti a\u0302ge, minceur, l\u2019harmonie corps\/ esprit&#8230;) de 60 secondes<\/li>\r\n<\/ul>\r\n<div class=\"page\" title=\"Page 3\">\r\n<div class=\"section\">\r\n<div class=\"layoutArea\">\r\n<div class=\"column\">\r\n<ul>\r\n<li><span style=\"color: #0c5356;\"><strong>Ambassadeurs Thermalies sur les re\u0301seaux sociaux<\/strong><\/span><br \/>Mise en avant du salon et de ses exposants via des ambassadeurs influenceurs<br \/><br \/><\/li>\r\n<li><span style=\"color: #0c5356;\"><strong>Cre\u0301ation d\u2019un kiosque thermal<\/strong><\/span><br \/>Afin d\u2019informer et d\u2019orienter au mieux les curistes en fonction de leurs pathologies ou de leurs envies.<\/li>\r\n<\/ul>\r\n<\/div>\r\n<\/div>\r\n<\/div>\r\n<\/div>\r\n<h3><span style=\"color: #ed6e26;\"><a style=\"color: #ed6e26;\" href=\"https:\/\/www.thermalies.com\/lyon\/exposer\/contacts-exposants\/\">&gt;&gt; Contactez l&rsquo;\u00e9quipe du salon LES THERMALIES<\/a><\/span><\/h3>\r\n<ol><\/ol>","protected":false},"excerpt":{"rendered":"","protected":false},"author":1,"featured_media":1683,"parent":16,"menu_order":0,"comment_status":"closed","ping_status":"closed","template":"","meta":{"_monsterinsights_skip_tracking":false,"_monsterinsights_sitenote_active":false,"_monsterinsights_sitenote_note":"","_monsterinsights_sitenote_category":0,"footnotes":""},"class_list":["post-490","page","type-page","status-publish","has-post-thumbnail","hentry"],"aioseo_notices":[],"_links":{"self":[{"href":"https:\/\/www.thermalies.com\/lyon\/wp-json\/wp\/v2\/pages\/490","targetHints":{"allow":["GET"]}}],"collection":[{"href":"https:\/\/www.thermalies.com\/lyon\/wp-json\/wp\/v2\/pages"}],"about":[{"href":"https:\/\/www.thermalies.com\/lyon\/wp-json\/wp\/v2\/types\/page"}],"author":[{"embeddable":true,"href":"https:\/\/www.thermalies.com\/lyon\/wp-json\/wp\/v2\/users\/1"}],"replies":[{"embeddable":true,"href":"https:\/\/www.thermalies.com\/lyon\/wp-json\/wp\/v2\/comments?post=490"}],"version-history":[{"count":0,"href":"https:\/\/www.thermalies.com\/lyon\/wp-json\/wp\/v2\/pages\/490\/revisions"}],"up":[{"embeddable":true,"href":"https:\/\/www.thermalies.com\/lyon\/wp-json\/wp\/v2\/pages\/16"}],"wp:featuredmedia":[{"embeddable":true,"href":"https:\/\/www.thermalies.com\/lyon\/wp-json\/wp\/v2\/media\/1683"}],"wp:attachment":[{"href":"https:\/\/www.thermalies.com\/lyon\/wp-json\/wp\/v2\/media?parent=490"}],"curies":[{"name":"wp","href":"https:\/\/api.w.org\/{rel}","templated":true}]}}