{"id":5665,"date":"2020-09-09T17:32:49","date_gmt":"2020-09-09T15:32:49","guid":{"rendered":"https:\/\/www.thermalies.com\/lyon\/?page_id=5665"},"modified":"2024-07-04T16:02:19","modified_gmt":"2024-07-04T14:02:19","slug":"optimisez-votre-participation","status":"publish","type":"page","link":"https:\/\/www.thermalies.com\/lyon\/optimisez-votre-participation\/","title":{"rendered":"Optimisez votre participation"},"content":{"rendered":"<h2><span style=\"color: #458c7f;\"><strong>Vous \u00eates exposant au salon Les Thermalies<\/strong><strong>, communiquez sur votre activit\u00e9, cela int\u00e9resse les visiteurs et les journalistes !<\/strong><\/span><\/h2>\n<p>Profitez de cette opportunit\u00e9 pour mettre en avant votre marque, vos produits, vos nouveaut\u00e9s\u2026 Vos informations seront pr\u00e9sent\u00e9es aux visiteurs via le site internet et les r\u00e9seaux sociaux et relay\u00e9es \u00e0 la presse via les communiqu\u00e9s de presse du salon.<\/p>\n<p>Important : merci de nous adresser des images\/photos de qualit\u00e9 qui valorisent votre produit\/activit\u00e9.<\/p>\n<p>&nbsp;<\/p>\n\n<div class=\"wpcf7 no-js\" id=\"wpcf7-f5667-o1\" lang=\"fr-FR\" dir=\"ltr\" data-wpcf7-id=\"5667\">\n<div class=\"screen-reader-response\"><p role=\"status\" aria-live=\"polite\" aria-atomic=\"true\"><\/p> <ul><\/ul><\/div>\n<form action=\"\/lyon\/wp-json\/wp\/v2\/pages\/5665#wpcf7-f5667-o1\" method=\"post\" class=\"wpcf7-form init\" aria-label=\"Formulaire de contact\" enctype=\"multipart\/form-data\" novalidate=\"novalidate\" data-status=\"init\">\n<fieldset class=\"hidden-fields-container\"><input type=\"hidden\" name=\"_wpcf7\" value=\"5667\" \/><input type=\"hidden\" name=\"_wpcf7_version\" value=\"6.1.5\" \/><input type=\"hidden\" name=\"_wpcf7_locale\" value=\"fr_FR\" \/><input type=\"hidden\" name=\"_wpcf7_unit_tag\" value=\"wpcf7-f5667-o1\" \/><input type=\"hidden\" name=\"_wpcf7_container_post\" value=\"0\" \/><input type=\"hidden\" name=\"_wpcf7_posted_data_hash\" value=\"\" \/>\n<\/fieldset>\n<p><label> <strong>Pr\u00e9sentez-vous en quelques mots (votre activit\u00e9, votre histoire, vous et\/ou l\u2019\u00e9quipe) (obligatoire)<\/strong><br \/>\n<span class=\"wpcf7-form-control-wrap\" data-name=\"your-presentation\"><textarea cols=\"40\" rows=\"10\" maxlength=\"2000\" class=\"wpcf7-form-control wpcf7-textarea wpcf7-validates-as-required\" aria-required=\"true\" aria-invalid=\"false\" name=\"your-presentation\"><\/textarea><\/span> <\/label>\n<\/p>\n<p><label> <strong>Que proposez-vous sur le salon ? Produits phares ? Des remises sur le stand ? Des Nouveaut\u00e9s ? Ateliers ou conf\u00e9rences ? (obligatoire)<\/strong><br \/>\n<span class=\"wpcf7-form-control-wrap\" data-name=\"your-produit\"><textarea cols=\"40\" rows=\"10\" maxlength=\"2000\" class=\"wpcf7-form-control wpcf7-textarea wpcf7-validates-as-required\" aria-required=\"true\" aria-invalid=\"false\" name=\"your-produit\"><\/textarea><\/span> <\/label>\n<\/p>\n<p><label> <strong>Parlez-nous du salon Thermalies et de votre relation avec ce salon : (obligatoire)<\/strong><br \/>\n<span class=\"wpcf7-form-control-wrap\" data-name=\"your-relation\"><textarea cols=\"40\" rows=\"10\" maxlength=\"2000\" class=\"wpcf7-form-control wpcf7-textarea wpcf7-validates-as-required\" aria-required=\"true\" aria-invalid=\"false\" name=\"your-relation\"><\/textarea><\/span> <\/label>\n<\/p>\n<p><label> <strong>Et quel serait votre meilleur conseil ou astuce pour se sentir bien au quotidien ? (obligatoire)<\/strong><br \/>\n<span class=\"wpcf7-form-control-wrap\" data-name=\"your-esprit\"><textarea cols=\"40\" rows=\"10\" maxlength=\"2000\" class=\"wpcf7-form-control wpcf7-textarea wpcf7-validates-as-required\" aria-required=\"true\" aria-invalid=\"false\" name=\"your-esprit\"><\/textarea><\/span> <\/label>\n<\/p>\n<p><strong>Merci de nous joindre des visuels de qualit\u00e9 (photo de vous et\/ou de l'\u00e9quipe, du stand de l'an pass\u00e9, des produits\u2026) cela est indispensable pour faire le relai sur internet et les r\u00e9seaux sociaux :<\/strong>\n<\/p>\n<p><label> <strong>Image 1 : (obligatoire)<\/strong><br \/>\n<span class=\"wpcf7-form-control-wrap\" data-name=\"file1\"><input size=\"40\" class=\"wpcf7-form-control wpcf7-file wpcf7-validates-as-required\" accept=\"audio\/*,video\/*,image\/*\" aria-required=\"true\" aria-invalid=\"false\" type=\"file\" name=\"file1\" \/><\/span><\/label><br \/>\n<label> Image 2:<br \/>\n<span class=\"wpcf7-form-control-wrap\" data-name=\"file2\"><input size=\"40\" class=\"wpcf7-form-control wpcf7-file\" accept=\"audio\/*,video\/*,image\/*\" aria-invalid=\"false\" type=\"file\" name=\"file2\" \/><\/span><\/label><br \/>\n<label> <strong>Votre adresse email : (obligatoire)<\/strong><br \/>\n<span class=\"wpcf7-form-control-wrap\" data-name=\"email-720\"><input size=\"40\" maxlength=\"400\" class=\"wpcf7-form-control wpcf7-email wpcf7-validates-as-required wpcf7-text wpcf7-validates-as-email\" aria-required=\"true\" aria-invalid=\"false\" value=\"\" type=\"email\" name=\"email-720\" \/><\/span><\/label><br \/>\n<input class=\"wpcf7-form-control wpcf7-submit has-spinner\" type=\"submit\" value=\"Envoyer\" \/>\n<\/p><div class=\"wpcf7-response-output\" aria-hidden=\"true\"><\/div>\n<\/form>\n<\/div>\n\n","protected":false},"excerpt":{"rendered":"<p>Vous \u00eates exposant au salon Les Thermalies, communiquez sur votre activit\u00e9, cela int\u00e9resse les visiteurs et les journalistes ! Profitez de cette opportunit\u00e9 pour mettre en avant votre marque, vos produits, vos nouveaut\u00e9s\u2026 Vos informations seront pr\u00e9sent\u00e9es aux visiteurs via le site internet et les r\u00e9seaux sociaux et relay\u00e9es \u00e0 la presse via les communiqu\u00e9s&hellip; <\/p>\n","protected":false},"author":1,"featured_media":0,"parent":0,"menu_order":0,"comment_status":"closed","ping_status":"closed","template":"","meta":{"_monsterinsights_skip_tracking":false,"_monsterinsights_sitenote_active":false,"_monsterinsights_sitenote_note":"","_monsterinsights_sitenote_category":0,"footnotes":""},"class_list":["post-5665","page","type-page","status-publish","hentry"],"aioseo_notices":[],"_links":{"self":[{"href":"https:\/\/www.thermalies.com\/lyon\/wp-json\/wp\/v2\/pages\/5665","targetHints":{"allow":["GET"]}}],"collection":[{"href":"https:\/\/www.thermalies.com\/lyon\/wp-json\/wp\/v2\/pages"}],"about":[{"href":"https:\/\/www.thermalies.com\/lyon\/wp-json\/wp\/v2\/types\/page"}],"author":[{"embeddable":true,"href":"https:\/\/www.thermalies.com\/lyon\/wp-json\/wp\/v2\/users\/1"}],"replies":[{"embeddable":true,"href":"https:\/\/www.thermalies.com\/lyon\/wp-json\/wp\/v2\/comments?post=5665"}],"version-history":[{"count":0,"href":"https:\/\/www.thermalies.com\/lyon\/wp-json\/wp\/v2\/pages\/5665\/revisions"}],"wp:attachment":[{"href":"https:\/\/www.thermalies.com\/lyon\/wp-json\/wp\/v2\/media?parent=5665"}],"curies":[{"name":"wp","href":"https:\/\/api.w.org\/{rel}","templated":true}]}}