{"id":7149,"date":"2023-07-24T13:05:10","date_gmt":"2023-07-24T11:05:10","guid":{"rendered":"https:\/\/www.thermalies.com\/lyon\/?page_id=7149"},"modified":"2026-01-06T10:45:34","modified_gmt":"2026-01-06T09:45:34","slug":"outils-de-communication-2026","status":"publish","type":"page","link":"https:\/\/www.thermalies.com\/lyon\/outils-de-communication-2026\/","title":{"rendered":"Outils de communication"},"content":{"rendered":"<h2><\/h2>\n<h2><span style=\"color: #458c7f;\">T\u00e9l\u00e9chargez les outils de communication dont vous avez besoin :<\/span><\/h2>\n<ul>\n<li><strong><a href=\"https:\/\/www.thermalies.com\/lyon\/wp-content\/uploads\/2025\/04\/Capture-decran-2025-04-25-a-11.03.57.png\" target=\"_blank\" rel=\"noopener\">Affiche format A4<\/a><\/strong><\/li>\n<\/ul>\n<p><strong><a href=\"https:\/\/www.thermalies.com\/lyon\/wp-content\/uploads\/2025\/01\/TH25-AFF-A4-210X297-LYON.jpg\" target=\"_blank\" rel=\"noopener\"><img fetchpriority=\"high\" decoding=\"async\" class=\"alignnone wp-image-7618 \" src=\"https:\/\/www.thermalies.com\/lyon\/wp-content\/uploads\/2025\/04\/Capture-decran-2025-04-25-a-11.03.57.png\" alt=\"\" width=\"260\" height=\"368\" srcset=\"https:\/\/www.thermalies.com\/lyon\/wp-content\/uploads\/2025\/04\/Capture-decran-2025-04-25-a-11.03.57.png 918w, https:\/\/www.thermalies.com\/lyon\/wp-content\/uploads\/2025\/04\/Capture-decran-2025-04-25-a-11.03.57-212x300.png 212w, https:\/\/www.thermalies.com\/lyon\/wp-content\/uploads\/2025\/04\/Capture-decran-2025-04-25-a-11.03.57-723x1024.png 723w, https:\/\/www.thermalies.com\/lyon\/wp-content\/uploads\/2025\/04\/Capture-decran-2025-04-25-a-11.03.57-768x1088.png 768w, https:\/\/www.thermalies.com\/lyon\/wp-content\/uploads\/2025\/04\/Capture-decran-2025-04-25-a-11.03.57-150x212.png 150w, https:\/\/www.thermalies.com\/lyon\/wp-content\/uploads\/2025\/04\/Capture-decran-2025-04-25-a-11.03.57-353x500.png 353w\" sizes=\"(max-width: 260px) 100vw, 260px\" \/><\/a><\/strong><\/p>\n<p>&nbsp;<\/p>\n<ul>\n<li><a href=\"https:\/\/www.thermalies.com\/lyon\/wp-content\/uploads\/2024\/07\/LOGO-TH25-1.png\" target=\"_blank\" rel=\"noopener\"><strong>Logo<\/strong><\/a><\/li>\n<\/ul>\n<p><img decoding=\"async\" class=\"alignnone size-medium wp-image-7304\" src=\"https:\/\/www.thermalies.com\/lyon\/wp-content\/uploads\/2024\/07\/LOGO-TH25-1-300x139.png\" alt=\"\" width=\"300\" height=\"139\" srcset=\"https:\/\/www.thermalies.com\/lyon\/wp-content\/uploads\/2024\/07\/LOGO-TH25-1-300x139.png 300w, https:\/\/www.thermalies.com\/lyon\/wp-content\/uploads\/2024\/07\/LOGO-TH25-1-150x70.png 150w, https:\/\/www.thermalies.com\/lyon\/wp-content\/uploads\/2024\/07\/LOGO-TH25-1-500x232.png 500w, https:\/\/www.thermalies.com\/lyon\/wp-content\/uploads\/2024\/07\/LOGO-TH25-1.png 640w\" sizes=\"(max-width: 300px) 100vw, 300px\" \/><\/p>\n<p>&nbsp;<\/p>\n<ul>\n<li><strong><a href=\"https:\/\/www.thermalies.com\/lyon\/wp-content\/uploads\/2026\/01\/JPG-TH26-LYON-1200x630-ON-Y-SERA.jpg\" target=\"_blank\" rel=\"noopener\">Banni\u00e8re On y sera ! Et vous ? au format Facebook (1200x630px)<\/a><\/strong><\/li>\n<\/ul>\n<p><img decoding=\"async\" class=\"alignnone size-medium wp-image-7724\" src=\"https:\/\/www.thermalies.com\/lyon\/wp-content\/uploads\/2025\/12\/JPG-TH26-LYON-1200x630-ON-Y-SERA-300x158.jpg\" alt=\"\" width=\"300\" height=\"158\" srcset=\"https:\/\/www.thermalies.com\/lyon\/wp-content\/uploads\/2025\/12\/JPG-TH26-LYON-1200x630-ON-Y-SERA-300x158.jpg 300w, https:\/\/www.thermalies.com\/lyon\/wp-content\/uploads\/2025\/12\/JPG-TH26-LYON-1200x630-ON-Y-SERA-1024x538.jpg 1024w, https:\/\/www.thermalies.com\/lyon\/wp-content\/uploads\/2025\/12\/JPG-TH26-LYON-1200x630-ON-Y-SERA-768x403.jpg 768w, https:\/\/www.thermalies.com\/lyon\/wp-content\/uploads\/2025\/12\/JPG-TH26-LYON-1200x630-ON-Y-SERA-150x79.jpg 150w, https:\/\/www.thermalies.com\/lyon\/wp-content\/uploads\/2025\/12\/JPG-TH26-LYON-1200x630-ON-Y-SERA-500x263.jpg 500w, https:\/\/www.thermalies.com\/lyon\/wp-content\/uploads\/2025\/12\/JPG-TH26-LYON-1200x630-ON-Y-SERA.jpg 1200w\" sizes=\"(max-width: 300px) 100vw, 300px\" \/><\/p>\n<ul>\n<li><strong><a href=\"https:\/\/www.thermalies.com\/lyon\/wp-content\/uploads\/2025\/04\/JPG-TH26-LYON-728x90-jexpose.jpg\" target=\"_blank\" rel=\"noopener\">Banni\u00e8re (728&#215;90)<\/a><\/strong><\/li>\n<\/ul>\n<p><img loading=\"lazy\" decoding=\"async\" class=\"alignnone wp-image-7621 \" src=\"https:\/\/www.thermalies.com\/lyon\/wp-content\/uploads\/2025\/04\/JPG-TH26-LYON-728x90-jexpose.jpg\" alt=\"\" width=\"555\" height=\"69\" srcset=\"https:\/\/www.thermalies.com\/lyon\/wp-content\/uploads\/2025\/04\/JPG-TH26-LYON-728x90-jexpose.jpg 728w, https:\/\/www.thermalies.com\/lyon\/wp-content\/uploads\/2025\/04\/JPG-TH26-LYON-728x90-jexpose-300x37.jpg 300w, https:\/\/www.thermalies.com\/lyon\/wp-content\/uploads\/2025\/04\/JPG-TH26-LYON-728x90-jexpose-150x19.jpg 150w, https:\/\/www.thermalies.com\/lyon\/wp-content\/uploads\/2025\/04\/JPG-TH26-LYON-728x90-jexpose-500x62.jpg 500w\" sizes=\"(max-width: 555px) 100vw, 555px\" \/><\/p>\n<p>Vous souhaitez \u00eatre pr\u00e9sent sur nos supports de communication, d\u00e9couvrez notre plaquette de tarification ci-dessous et contactez l&rsquo;\u00e9quipe Thermalies :<\/p>\n<p><strong>Vous retrouverez ici votre kit media 2026 d\u00e8s qu&rsquo;il sera disponible !<\/strong><\/p>\n<div style=\"background-color: #f8f8f8; border-radius: 20px; margin: 0px; padding: 30px 15px 15px 30px; width: 80%;\">\n<p><strong>Afin d\u2019augmenter votre visibilit\u00e9 avant le salon, nous vous invitons \u00e0 cr\u00e9er un \u00e9v\u00e8nement sur Facebook pour indiquer votre pr\u00e9sence.<br \/>\n<\/strong>Vos abonn\u00e9s et clients pourront ainsi savoir o\u00f9 vous trouver. Les \u00e9v\u00e8nements ont une meilleure port\u00e9e que les publications.<br \/>\nLe nom de l\u2019\u00e9v\u00e8nement pourra prendre la forme\u00a0: [Nom de l\u2019exposant] au salon [Nom du salon].<\/p>\n<p>N\u2019h\u00e9sitez pas \u00e0 nous ajouter en co-organisateur de votre \u00e9v\u00e8nement lors de sa cr\u00e9ation pour que l\u2019\u00e9v\u00e8nement soit aussi visible sur notre page Facebook. N\u2019oubliez pas d\u2019ajouter une description, le lieu du salon, ainsi que le lien pour que les personnes puissent demander leur entr\u00e9e. Pour cr\u00e9er un \u00e9v\u00e8nement rendez-vous sur la gauche de votre page Facebook dans la section \u00c9v\u00e8nements et cliquez simplement sur le bouton Cr\u00e9er un \u00e9v\u00e8nement.<\/p>\n<\/div>\n<p>&nbsp;<\/p>\n<p><strong>Karelle GEYER<\/strong><br \/>\nDirectrice du salon<br \/>\n<a href=\"mailto:karelle.geyer@thermalies.com\">karelle.geyer@thermalies.com<\/a><br \/>\nT\u00e9l.\u00a0: +33 (0)1 45 56 09 09<\/p>\n","protected":false},"excerpt":{"rendered":"<p>T\u00e9l\u00e9chargez les outils de communication dont vous avez besoin : Affiche format A4 &nbsp; Logo &nbsp; Banni\u00e8re On y sera ! Et vous ? au format Facebook (1200x630px) Banni\u00e8re (728&#215;90) Vous souhaitez \u00eatre pr\u00e9sent sur nos supports de communication, d\u00e9couvrez notre plaquette de tarification ci-dessous et contactez l&rsquo;\u00e9quipe Thermalies : Vous retrouverez ici votre kit&hellip; <\/p>\n","protected":false},"author":7,"featured_media":0,"parent":0,"menu_order":0,"comment_status":"closed","ping_status":"closed","template":"","meta":{"_monsterinsights_skip_tracking":false,"_monsterinsights_sitenote_active":false,"_monsterinsights_sitenote_note":"","_monsterinsights_sitenote_category":0,"footnotes":""},"class_list":["post-7149","page","type-page","status-publish","hentry"],"aioseo_notices":[],"_links":{"self":[{"href":"https:\/\/www.thermalies.com\/lyon\/wp-json\/wp\/v2\/pages\/7149","targetHints":{"allow":["GET"]}}],"collection":[{"href":"https:\/\/www.thermalies.com\/lyon\/wp-json\/wp\/v2\/pages"}],"about":[{"href":"https:\/\/www.thermalies.com\/lyon\/wp-json\/wp\/v2\/types\/page"}],"author":[{"embeddable":true,"href":"https:\/\/www.thermalies.com\/lyon\/wp-json\/wp\/v2\/users\/7"}],"replies":[{"embeddable":true,"href":"https:\/\/www.thermalies.com\/lyon\/wp-json\/wp\/v2\/comments?post=7149"}],"version-history":[{"count":0,"href":"https:\/\/www.thermalies.com\/lyon\/wp-json\/wp\/v2\/pages\/7149\/revisions"}],"wp:attachment":[{"href":"https:\/\/www.thermalies.com\/lyon\/wp-json\/wp\/v2\/media?parent=7149"}],"curies":[{"name":"wp","href":"https:\/\/api.w.org\/{rel}","templated":true}]}}