{"id":7195,"date":"2023-12-19T14:12:55","date_gmt":"2023-12-19T13:12:55","guid":{"rendered":"https:\/\/www.thermalies.com\/lyon\/?page_id=7195"},"modified":"2024-11-06T15:43:13","modified_gmt":"2024-11-06T14:43:13","slug":"psychologies-magazine","status":"publish","type":"page","link":"https:\/\/www.thermalies.com\/lyon\/pressepartenaires\/espace-partenaires\/psychologies-magazine\/","title":{"rendered":"Psychologies Magazine"},"content":{"rendered":"<p><img fetchpriority=\"high\" decoding=\"async\" class=\"alignnone size-full wp-image-7196\" src=\"https:\/\/www.thermalies.com\/lyon\/wp-content\/uploads\/2023\/12\/psychologies-mag.png\" alt=\"\" width=\"225\" height=\"225\" srcset=\"https:\/\/www.thermalies.com\/lyon\/wp-content\/uploads\/2023\/12\/psychologies-mag.png 225w, https:\/\/www.thermalies.com\/lyon\/wp-content\/uploads\/2023\/12\/psychologies-mag-150x150.png 150w, https:\/\/www.thermalies.com\/lyon\/wp-content\/uploads\/2023\/12\/psychologies-mag-45x45.png 45w\" sizes=\"(max-width: 225px) 100vw, 225px\" \/><\/p>\n<p>Psychologies Magazine est un magazine grand public mensuel fran\u00e7ais consacr\u00e9 au bien-\u00eatre et au d\u00e9veloppement personnel : https:\/\/www.psychologies.com\/<\/p>\n","protected":false},"excerpt":{"rendered":"<p>Psychologies Magazine est un magazine grand public mensuel fran\u00e7ais consacr\u00e9 au bien-\u00eatre et au d\u00e9veloppement personnel : https:\/\/www.psychologies.com\/<\/p>\n","protected":false},"author":10,"featured_media":0,"parent":526,"menu_order":0,"comment_status":"closed","ping_status":"closed","template":"","meta":{"_monsterinsights_skip_tracking":false,"_monsterinsights_sitenote_active":false,"_monsterinsights_sitenote_note":"","_monsterinsights_sitenote_category":0,"footnotes":""},"class_list":["post-7195","page","type-page","status-publish","hentry"],"aioseo_notices":[],"_links":{"self":[{"href":"https:\/\/www.thermalies.com\/lyon\/wp-json\/wp\/v2\/pages\/7195","targetHints":{"allow":["GET"]}}],"collection":[{"href":"https:\/\/www.thermalies.com\/lyon\/wp-json\/wp\/v2\/pages"}],"about":[{"href":"https:\/\/www.thermalies.com\/lyon\/wp-json\/wp\/v2\/types\/page"}],"author":[{"embeddable":true,"href":"https:\/\/www.thermalies.com\/lyon\/wp-json\/wp\/v2\/users\/10"}],"replies":[{"embeddable":true,"href":"https:\/\/www.thermalies.com\/lyon\/wp-json\/wp\/v2\/comments?post=7195"}],"version-history":[{"count":0,"href":"https:\/\/www.thermalies.com\/lyon\/wp-json\/wp\/v2\/pages\/7195\/revisions"}],"up":[{"embeddable":true,"href":"https:\/\/www.thermalies.com\/lyon\/wp-json\/wp\/v2\/pages\/526"}],"wp:attachment":[{"href":"https:\/\/www.thermalies.com\/lyon\/wp-json\/wp\/v2\/media?parent=7195"}],"curies":[{"name":"wp","href":"https:\/\/api.w.org\/{rel}","templated":true}]}}