{"id":7351,"date":"2024-10-31T11:28:32","date_gmt":"2024-10-31T10:28:32","guid":{"rendered":"https:\/\/www.thermalies.com\/lyon\/?page_id=7351"},"modified":"2024-11-06T15:41:09","modified_gmt":"2024-11-06T14:41:09","slug":"le-doc-du-sport","status":"publish","type":"page","link":"https:\/\/www.thermalies.com\/lyon\/le-doc-du-sport\/","title":{"rendered":"Doc du Sport"},"content":{"rendered":"<p><img fetchpriority=\"high\" decoding=\"async\" class=\"alignnone wp-image-7352\" src=\"https:\/\/www.thermalies.com\/lyon\/wp-content\/uploads\/2024\/10\/LOGODDSROUGE-scaled-e1730370025579.jpg\" alt=\"\" width=\"477\" height=\"156\" srcset=\"https:\/\/www.thermalies.com\/lyon\/wp-content\/uploads\/2024\/10\/LOGODDSROUGE-scaled-e1730370025579.jpg 1378w, https:\/\/www.thermalies.com\/lyon\/wp-content\/uploads\/2024\/10\/LOGODDSROUGE-scaled-e1730370025579-300x98.jpg 300w, https:\/\/www.thermalies.com\/lyon\/wp-content\/uploads\/2024\/10\/LOGODDSROUGE-scaled-e1730370025579-1024x336.jpg 1024w, https:\/\/www.thermalies.com\/lyon\/wp-content\/uploads\/2024\/10\/LOGODDSROUGE-scaled-e1730370025579-768x252.jpg 768w, https:\/\/www.thermalies.com\/lyon\/wp-content\/uploads\/2024\/10\/LOGODDSROUGE-scaled-e1730370025579-150x49.jpg 150w, https:\/\/www.thermalies.com\/lyon\/wp-content\/uploads\/2024\/10\/LOGODDSROUGE-scaled-e1730370025579-500x164.jpg 500w\" sizes=\"(max-width: 477px) 100vw, 477px\" \/><\/p>\n<p>Plus qu&rsquo;un magazine, Doc Du Sport est le <a href=\"https:\/\/www.docdusport.com\/\" target=\"_blank\" rel=\"noopener\">m\u00e9dia de tous les sportifs<\/a> qui s&rsquo;int\u00e9ressent \u00e0 leur sant\u00e9, tous sports et tous niveaux confondus.<\/p>\n","protected":false},"excerpt":{"rendered":"<p>Plus qu&rsquo;un magazine, Doc Du Sport est le m\u00e9dia de tous les sportifs qui s&rsquo;int\u00e9ressent \u00e0 leur sant\u00e9, tous sports et tous niveaux confondus.<\/p>\n","protected":false},"author":6,"featured_media":0,"parent":0,"menu_order":0,"comment_status":"closed","ping_status":"closed","template":"","meta":{"_monsterinsights_skip_tracking":false,"_monsterinsights_sitenote_active":false,"_monsterinsights_sitenote_note":"","_monsterinsights_sitenote_category":0,"footnotes":""},"class_list":["post-7351","page","type-page","status-publish","hentry"],"aioseo_notices":[],"_links":{"self":[{"href":"https:\/\/www.thermalies.com\/lyon\/wp-json\/wp\/v2\/pages\/7351","targetHints":{"allow":["GET"]}}],"collection":[{"href":"https:\/\/www.thermalies.com\/lyon\/wp-json\/wp\/v2\/pages"}],"about":[{"href":"https:\/\/www.thermalies.com\/lyon\/wp-json\/wp\/v2\/types\/page"}],"author":[{"embeddable":true,"href":"https:\/\/www.thermalies.com\/lyon\/wp-json\/wp\/v2\/users\/6"}],"replies":[{"embeddable":true,"href":"https:\/\/www.thermalies.com\/lyon\/wp-json\/wp\/v2\/comments?post=7351"}],"version-history":[{"count":0,"href":"https:\/\/www.thermalies.com\/lyon\/wp-json\/wp\/v2\/pages\/7351\/revisions"}],"wp:attachment":[{"href":"https:\/\/www.thermalies.com\/lyon\/wp-json\/wp\/v2\/media?parent=7351"}],"curies":[{"name":"wp","href":"https:\/\/api.w.org\/{rel}","templated":true}]}}