{"id":7463,"date":"2025-01-06T14:36:52","date_gmt":"2025-01-06T13:36:52","guid":{"rendered":"https:\/\/www.thermalies.com\/lyon\/?page_id=7463"},"modified":"2025-01-06T14:37:57","modified_gmt":"2025-01-06T13:37:57","slug":"vieux","status":"publish","type":"page","link":"https:\/\/www.thermalies.com\/lyon\/pressepartenaires\/espace-partenaires\/vieux\/","title":{"rendered":"Vieux"},"content":{"rendered":"<p><img decoding=\"async\" class=\"alignnone size-medium wp-image-7464 aligncenter\" src=\"https:\/\/www.thermalies.com\/lyon\/wp-content\/uploads\/2025\/01\/Vieux_logo_noir100_page-0001-300x73.jpg\" alt=\"\" width=\"300\" height=\"73\" srcset=\"https:\/\/www.thermalies.com\/lyon\/wp-content\/uploads\/2025\/01\/Vieux_logo_noir100_page-0001-300x73.jpg 300w, https:\/\/www.thermalies.com\/lyon\/wp-content\/uploads\/2025\/01\/Vieux_logo_noir100_page-0001-1024x248.jpg 1024w, https:\/\/www.thermalies.com\/lyon\/wp-content\/uploads\/2025\/01\/Vieux_logo_noir100_page-0001-768x186.jpg 768w, https:\/\/www.thermalies.com\/lyon\/wp-content\/uploads\/2025\/01\/Vieux_logo_noir100_page-0001-150x36.jpg 150w, https:\/\/www.thermalies.com\/lyon\/wp-content\/uploads\/2025\/01\/Vieux_logo_noir100_page-0001-500x121.jpg 500w, https:\/\/www.thermalies.com\/lyon\/wp-content\/uploads\/2025\/01\/Vieux_logo_noir100_page-0001.jpg 1182w\" sizes=\"(max-width: 300px) 100vw, 300px\" \/><\/p>\n<p>&nbsp;<\/p>\n<div class=\"flex max-w-full flex-col flex-grow\">\n<div class=\"min-h-8 text-message flex w-full flex-col items-end gap-2 whitespace-normal break-words text-start [.text-message+&amp;]:mt-5\" dir=\"auto\" data-message-author-role=\"assistant\" data-message-id=\"214dca11-8046-464c-9e4e-79545761d61c\" data-message-model-slug=\"gpt-4o\">\n<div class=\"flex w-full flex-col gap-1 empty:hidden first:pt-[3px]\">\n<div class=\"markdown prose w-full break-words dark:prose-invert light\">\n<p><span style=\"color: #000000;\"><a style=\"color: #000000;\" href=\"https:\/\/www.jemabonne.fr\/magazine-vieux.html\"><em>VIEUX<\/em><\/a> est un magazine trimestriel atypique et inspirant, d\u00e9di\u00e9 \u00e0 celles et ceux qui embrassent la richesse de l\u2019exp\u00e9rience et du temps qui passe. Avec sagesse, expertise et une touche d\u2019humour, il aborde de grandes th\u00e9matiques d\u2019actualit\u00e9 telles que :<\/span><\/p>\n<ul style=\"list-style-type: circle;\">\n<li><span style=\"color: #000000;\"><strong>Philosophie et transmission<\/strong> : R\u00e9flexions sur les valeurs et le partage interg\u00e9n\u00e9rationnel.<\/span><\/li>\n<li><span style=\"color: #000000;\"><strong>Sant\u00e9 et beaut\u00e9<\/strong> : Conseils pour vieillir avec \u00e9l\u00e9gance et s\u00e9r\u00e9nit\u00e9.<\/span><\/li>\n<li><span style=\"color: #000000;\"><strong>Engagement et environnement<\/strong> : Focus sur des initiatives et des enjeux durables.<\/span><\/li>\n<li><span style=\"color: #000000;\"><strong>Culture et voyage<\/strong> : Litt\u00e9rature, musique, d\u00e9couvertes et r\u00e9cits inspirants.<\/span><\/li>\n<\/ul>\n<p><span style=\"color: #000000;\">Son ton d\u00e9cal\u00e9 et bienveillant invite les lecteurs \u00e0 voir l\u2019\u00e2ge non comme une contrainte, mais comme un tr\u00e9sor d\u2019exp\u00e9rience \u00e0 cultiver. Fid\u00e8le \u00e0 son slogan, <em>\u00ab\u00a0le magazine qu\u2019on finira tous par lire,\u00a0\u00bb<\/em> <em>VIEUX<\/em> c\u00e9l\u00e8bre la sagesse sous toutes ses formes.<\/span><\/p>\n<p><span style=\"color: #000000;\">Disponible en version papier et num\u00e9rique, ce magazine s\u2019impose comme une lecture enrichissante, \u00e0 la fois l\u00e9g\u00e8re et profonde, pour aborder le passage du temps avec optimisme et humour.<\/span><\/p>\n<p>&nbsp;<\/p>\n<p><span style=\"color: #000000;\">Retrouvez le magazine<strong>\u00a0Vieux<\/strong>, partenaire des Thermalies \u00e0 l\u2019entr\u00e9e du salon, \u00e0 Paris au Carrousel du Louvre <strong>du 23 au 26 janvier 2025<\/strong>\u00a0et \u00e0 la Cit\u00e9 Internationale de Lyon\u00a0<strong>du 17 au 19 janvier 2025<\/strong>.<\/span><\/p>\n<\/div>\n<\/div>\n<\/div>\n<\/div>\n<div class=\"mb-2 flex gap-3 empty:hidden -ml-2\">\n<div class=\"items-center justify-start rounded-xl p-1 flex\">\n<div class=\"flex items-center\">\n<div class=\"flex\"><\/div>\n<div class=\"flex items-center pb-0\"><\/div>\n<\/div>\n<\/div>\n<\/div>\n","protected":false},"excerpt":{"rendered":"<p>&nbsp; VIEUX est un magazine trimestriel atypique et inspirant, d\u00e9di\u00e9 \u00e0 celles et ceux qui embrassent la richesse de l\u2019exp\u00e9rience et du temps qui passe. Avec sagesse, expertise et une touche d\u2019humour, il aborde de grandes th\u00e9matiques d\u2019actualit\u00e9 telles que : Philosophie et transmission : R\u00e9flexions sur les valeurs et le partage interg\u00e9n\u00e9rationnel. Sant\u00e9 et&hellip; <\/p>\n","protected":false},"author":7,"featured_media":0,"parent":526,"menu_order":0,"comment_status":"closed","ping_status":"closed","template":"","meta":{"_monsterinsights_skip_tracking":false,"_monsterinsights_sitenote_active":false,"_monsterinsights_sitenote_note":"","_monsterinsights_sitenote_category":0,"footnotes":""},"class_list":["post-7463","page","type-page","status-publish","hentry"],"aioseo_notices":[],"_links":{"self":[{"href":"https:\/\/www.thermalies.com\/lyon\/wp-json\/wp\/v2\/pages\/7463","targetHints":{"allow":["GET"]}}],"collection":[{"href":"https:\/\/www.thermalies.com\/lyon\/wp-json\/wp\/v2\/pages"}],"about":[{"href":"https:\/\/www.thermalies.com\/lyon\/wp-json\/wp\/v2\/types\/page"}],"author":[{"embeddable":true,"href":"https:\/\/www.thermalies.com\/lyon\/wp-json\/wp\/v2\/users\/7"}],"replies":[{"embeddable":true,"href":"https:\/\/www.thermalies.com\/lyon\/wp-json\/wp\/v2\/comments?post=7463"}],"version-history":[{"count":0,"href":"https:\/\/www.thermalies.com\/lyon\/wp-json\/wp\/v2\/pages\/7463\/revisions"}],"up":[{"embeddable":true,"href":"https:\/\/www.thermalies.com\/lyon\/wp-json\/wp\/v2\/pages\/526"}],"wp:attachment":[{"href":"https:\/\/www.thermalies.com\/lyon\/wp-json\/wp\/v2\/media?parent=7463"}],"curies":[{"name":"wp","href":"https:\/\/api.w.org\/{rel}","templated":true}]}}