{"id":10333,"date":"2021-12-20T13:13:37","date_gmt":"2021-12-20T12:13:37","guid":{"rendered":"https:\/\/www.thermalies.com\/paris\/?page_id=10333"},"modified":"2021-12-20T13:13:37","modified_gmt":"2021-12-20T12:13:37","slug":"conferences-thermalies-paris-2020","status":"publish","type":"page","link":"https:\/\/www.thermalies.com\/paris\/conferences-thermalies-paris-2020\/","title":{"rendered":"Conf\u00e9rences Thermalies Paris 2020"},"content":{"rendered":"<h2><strong>Jeudi 23 janvier 2020<\/strong><\/h2>\n<p>&nbsp;<\/p>\n<p><strong><span style=\"color: #006786;\">10h\u00a0<\/span>: Comment bien choisir son h\u00e9bergement lors d&rsquo;une cure thermale ?<\/strong><\/p>\n<p style=\"font-weight: 300;\">Le choix de l\u2019h\u00e9bergement lors d\u2019un s\u00e9jour en cure thermale est primordial. En effet, il vous assurera un certain confort tout au long du s\u00e9jour et permettra de ne pas compromettre les b\u00e9n\u00e9fices des soins thermaux. Entre meubl\u00e9s de tourisme, h\u00f4tels, r\u00e9sidences h\u00f4teli\u00e8res et campings, le choix peut \u00eatre complexe, LesCuristes.fr vous vous pr\u00e9sentera les diff\u00e9rentes solutions. Nous vous proposerons de plus un \u00e9tat des lieux g\u00e9n\u00e9ral sur les offres d&rsquo;h\u00e9bergements par destination, \u00e0 partir des 2 700 annonces pr\u00e9sentes sur le site LesCuristes.fr (prix moyen, saisonnalit\u00e9..)<br \/>\n<em>Intervenants : Laura Dupuy et Luc Vigneron du site LesCuristes.fr\u00a0<\/em><\/p>\n<p>&nbsp;<\/p>\n<div><\/div>\n<p><strong><span style=\"color: #006786;\">11h <\/span>: L\u2019efficacit\u00e9 de l\u2019\u00e9ducation th\u00e9rapeutique en milieu thermal d\u00e9montr\u00e9e<\/strong><\/p>\n<p>La cure thermale est un lieu propice \u00e0 l\u2019\u00e9ducation th\u00e9rapeutique. Mais qu\u2019est-ce que c\u2019est au juste ? L\u2019exemple de Brides-les-Bains, en Savoie, qui a d\u00e9montr\u00e9 par une \u00e9tude clinique les b\u00e9n\u00e9fices de l\u2019\u00e9ducation th\u00e9rapeutique dans la cadre d\u2019une cure thermale pour la prise en charge de la surcharge pond\u00e9rale.<br \/>\n<em>Intervenant : Nathalie N\u00e9gro, Di\u00e9t\u00e9ticienne et Responsable du Centre Nutritionnel des Thermes de Brides-Les-Bains<\/em><\/p>\n<p>&nbsp;<\/p>\n<p><strong><span style=\"color: #006786;\">13h<\/span>\u00a0: L\u2019approche de l\u2019am\u00e9lioration du sommeil \u00e0 la thalassoth\u00e9rapie de Dinard<\/strong><\/p>\n<p>La prise en charge de clients ayant des troubles du sommeil existe au centre de thalassoth\u00e9rapie de Dinard depuis 25 ans. Le programme repose sur un socle de 5 s\u00e9ances d\u2019une heure de sophrologie et 5 s\u00e9ances de luminoth\u00e9rapie, conjugu\u00e9es avec des massages et des soins en eau de mer chauff\u00e9e ; les r\u00e9sultats obtenus sur le l\u00e2cher prise, l\u2019apparition du calme, du bien-\u00eatre et l\u2019am\u00e9lioration de la qualit\u00e9 du sommeil sont notre fiert\u00e9.<br \/>\n<em>Intervenant : <\/em><em>Jo\u00eblle Colin, Directrice de la Thalassoth\u00e9rapie de Dinard<\/em><\/p>\n<p>&nbsp;<\/p>\n<p><strong><span style=\"color: #006786;\">14h<\/span> : Vers de nouveaux modes de management et d\u2019exploitation des centres d\u2019hydroth\u00e9rapie en Tunisie<\/strong><\/p>\n<p>La carte de la qualit\u00e9 est l\u2019\u00e9l\u00e9ment de choix dans la politique de diff\u00e9renciation du produit hydroth\u00e9rapie mise en \u0153uvre par l\u2019Etat Tunisien, et ce afin de se distinguer par rapport \u00e0 la concurrence. Une nouvelle vision du mode de gestion des centres d\u2019hydroth\u00e9rapie adapt\u00e9 \u00e0 la sp\u00e9cificit\u00e9 de cette activit\u00e9 particuli\u00e8re a \u00e9t\u00e9 adopt\u00e9e afin d\u2019atteindre l\u2019excellence\u2026<br \/>\n<em>Intervenant\u00a0: Rzig Oueslati, Directeur G\u00e9n\u00e9ral de l\u2019Office National tunisien du Thermalisme et de l\u2019Hydroth\u00e9rapie<\/em><\/p>\n<p>&nbsp;<\/p>\n<p><strong><span style=\"color: #006786;\">15h<\/span>\u00a0:\u00a0<\/strong><strong>Aider ne devrait jamais rimer avec s\u2019\u00e9puiser et pourtant\u2026<\/strong><\/p>\n<p>Cette ann\u00e9e, la thalasso Serge Blanco s\u2019int\u00e9resse tout particuli\u00e8rement aux plus de 11 millions de Fran\u00e7ais qui \u0153uvrent quotidiennement au bien-\u00eatre d\u2019un parent, un enfant ou d\u2019un proche en situation de d\u00e9pendance et qui \u00e0 travers ce geste d\u2019amour et de solidarit\u00e9 ressentent un \u00e9puisement et bien souvent des effets sur leur vie personnelle. Chaque jour le manque de temps, la fatigue physique, la complexit\u00e9 des d\u00e9marches administratives, la difficult\u00e9 \u00e0 g\u00e9rer les situations d\u2019urgence, un sommeil compliqu\u00e9 qui ab\u00eeme \u00e0 petit feu et le manque de soutien moral affaiblissent un peu plus ceux qui ont fait le choix de d\u00e9dier une partie de leur vie \u00e0 un proche qui en a besoin.<\/p>\n<p>Aider un proche, c\u2019est faire de lui une priorit\u00e9. Quitte \u00e0 s\u2019oublier parfois. Il faut savoir pr\u00e9server des espaces \u00e0 soi, des moments de r\u00e9cup\u00e9ration qui vont permettre de maintenir un \u00e9quilibre psychologique et une implication le plus longtemps possible.<br \/>\n<em>Intervenant : <\/em><em>Bruno Rogoff, Th\u00e9rapeute<\/em><\/p>\n<p>&nbsp;<\/p>\n<p><strong><span style=\"color: #006786;\">16h<\/span>\u00a0:\u00a0<\/strong><strong>Cure thermale et douleurs<\/strong><\/p>\n<p>Pr\u00e9sentation des m\u00e9canismes d\u2019action mis en jeu dans la s\u00e9dation des douleurs et les r\u00e9sultats obtenus dans les principales indications douloureuses, non seulement dans les pathologies musculo-squelettiques, mais aussi d\u2019origine neurologique, musculaire ou visc\u00e9rale.<br \/>\n<em>Intervenant : <\/em> <em>Pr Christian-Fran\u00e7ois Roques, Pr\u00e9sident du Conseil scientifique de l\u2019AFRETh (Association Fran\u00e7aise pour la Recherche Thermale)<\/em><\/p>\n<p>&nbsp;<\/p>\n<p><strong><span style=\"color: #006786;\">17h<\/span>\u00a0:\u00a0<\/strong><strong>Femme(s) en \u00e9quilibre<\/strong><\/p>\n<p>A chaque \u00e2ge de la vie, la femme \u00e9volue en un mouvement cyclique dans lequel il s&rsquo;agit de maintenir l&rsquo;harmonie.<br \/>\nTrouver ou restaurer ce rythme id\u00e9al, celui qui nourrit le corps, et la f\u00e9minit\u00e9, confronte parfois les femmes \u00e0 des difficult\u00e9s qui rejaillissent alors sur la psychologie, ou impactent les relations. Avec une orientation Gestalt ou Yoga Hormonal, les nouvelles cures aident les femmes \u00e0 mieux comprendre leurs besoins et \u00e0 se lib\u00e9rer des tensions qui font obstacle \u00e0 leur bien-\u00eatre, pour vivre leur f\u00e9minit\u00e9 en conciliant toutes les facettes de leur vie.<br \/>\nLa cure est \u00e9galement propos\u00e9e pour les adolescentes afin de les accompagner d\u00e8s leur plus jeune \u00e2ge.<br \/>\n<em>Intervenants : <\/em> <em>Marie-No\u00eblle Veillet-Berry, Directrice G\u00e9n\u00e9rale d\u2019Alliance Pornic et Martine Lesage, Responsable Thalasso &amp; Spa<\/em><\/p>\n<p>&nbsp;<\/p>\n<p><strong><span style=\"color: #006786;\">18h<\/span>\u00a0 : Yoga et m\u00e9ditation : d\u00e9cupler les bienfaits de la thalassoth\u00e9rapie<\/strong><\/p>\n<p>Le yoga est pratiqu\u00e9 par pr\u00e8s de 3 millions de personnes en France. Ses adeptes augmentent chaque ann\u00e9e. Pour cause, l\u2019approche globale corps-esprit du yoga permet de ressentir un bien-\u00eatre \u00e0 la fois physique et mental.<br \/>\nClaire Gautier, intervenante en thalassoth\u00e9rapie, passionn\u00e9e par les bienfaits de l\u2019eau, expliquera pourquoi et comment associer le yoga en centres de thalassoth\u00e9rapie et en stations thermales pour le plus grand plaisir des clients !<br \/>\nLors de cette conf\u00e9rence, un instant sera aussi d\u00e9di\u00e9 \u00e0 la pratique : mouvements, respiration, et quelques minutes de m\u00e9ditation<br \/>\n<em>Intervenante :<\/em> <em>Claire Gautier, fondatrice de GET YOGi, expert fran\u00e7ais yoga et m\u00e9ditation, conf\u00e9renci\u00e8re sur le bien-\u00eatre, intervenante en thalassoth\u00e9rapie<\/em><\/p>\n<p>&nbsp;<\/p>\n<h2><strong>Vendredi 24 janvier 2020\u00a0<\/strong><\/h2>\n<p><strong><span style=\"color: #006786;\">10h<\/span>\u00a0: Douleurs persistantes et cures thermales\u00a0: pourquoi\u00a0?<\/strong><\/p>\n<p>D\u00e8s qu&rsquo;une douleur persiste trop longtemps, elle peut devenir nocive pour le corps comme pour l&rsquo;esprit. Pour s&rsquo;en d\u00e9barrasser, il faut faire appel \u00e0 des traitements non m\u00e9dicamenteux. La cure thermale d\u00e9sormais apporte la preuve de son efficacit\u00e9 pour lutter contre la douleur.<em><br \/>\nIntervenant : Dr Patrick Sich\u00e8re, Rhumatologue et Pr\u00e9sident du Comit\u00e9 de Lutte contre la Douleur des H\u00f4pitaux de Saint Denis. Enseignant DU et Capacit\u00e9 Douleur au CHU Lariboisi\u00e8re &#8211; St Louis <\/em><\/p>\n<p>&nbsp;<\/p>\n<p><strong><span style=\"color: #006786;\">11h<\/span>\u00a0:\u00a0<\/strong><strong>La di\u00e9t\u00e9tique, une \u00e9tymologie qui en dit long\u2026 <\/strong><\/p>\n<p>Aujourd\u2019hui plus que jamais le bien \u00eatre passe par l\u2019art de de bien s\u2019alimenter. \u00a0A travers des cures ultra personnalis\u00e9es, la Thalasso Serge Blanco propose des programmes d\u00e9velopp\u00e9s en nutrition pour prendre conscience des incoh\u00e9rences alimentaires et optimiser son avenir : Cure minceur pour se sentir mieux dans son corps, pause D\u00e9tox pour insuffler une \u00e9nergie nouvelle \u00e0 son organisme.<br \/>\n<em>Intervenant : Jacques Courtill\u00e9, Directeur de l\u2019\u00e9tablissement Serge Blanco <\/em><\/p>\n<p><strong>\u00a0<\/strong><\/p>\n<p><strong><span style=\"color: #006786;\">12h<\/span> : L\u2019accueil Post-Cancer en Thalasso <\/strong><\/p>\n<p>Exemple avec la Cure R\u00e9g\u00e9n\u00e9rante de la thalassoth\u00e9rapie de Concarneau, en Bretagne.<br \/>\n<em>Intervenantes : Marie-Anne Conorgues, Socio esth\u00e9ticienne en oncologie, et co-dirigeante de l&rsquo;organisme de formation Esth\u00e9tique et Sant\u00e9 et Caroline Mah\u00e9-L\u00e9a, Directrice d\u2019Exploitation de la Thalassoth\u00e9rapie de Concarneau<\/em><\/p>\n<p>&nbsp;<\/p>\n<p><strong><span style=\"color: #006786;\">13h<\/span> : Le Sommeil <\/strong><\/p>\n<p>Pourquoi je n&rsquo;arrive pas \u00e0 m&rsquo;endormir ? Pourquoi je me r\u00e9veille la nuit ?<br \/>\nLe Train du sommeil : Mieux comprendre le sommeil pour mieux l&rsquo;appr\u00e9hender.<br \/>\n<em>Intervenant : <\/em><em>Lo\u00efc Machillot, Responsable du p\u00f4le pr\u00e9vention sant\u00e9 aux Thermes de Bourbon-Lancy<\/em><\/p>\n<p>&nbsp;<\/p>\n<p><strong><span style=\"color: #006786;\">14h<\/span>\u00a0:\u00a0<\/strong><strong>Sommeil et poids, liaisons dangereuses<\/strong><\/p>\n<p>Les troubles du sommeil peuvent induire une prise de poids par de nombreux m\u00e9canismes physiologiques et comportementaux. De m\u00eame la prise de poids, facteur de risque d\u2019apn\u00e9es du sommeil, peut engendrer des troubles du sommeil. La cure thermale, parce qu\u2019elle agit sur le niveau de stress et d\u2019anxi\u00e9t\u00e9, peut casser ce cercle vicieux.<br \/>\n<em>Intervenant : <\/em><em>Nathalie N\u00e9gro, Di\u00e9t\u00e9ticienne et Responsable du Centre Nutritionnel des Thermes de Brides-Les-Bains<\/em><\/p>\n<p>&nbsp;<\/p>\n<p><strong><span style=\"color: #006786;\">15h<\/span> :\u00a0<\/strong><strong>Comment chouchouter son microbiote\u00a0: alimentation et thermalisme<\/strong><\/p>\n<p>Qu\u2019est-ce que le microbiote et quelle est sa fonction dans le bon \u00e9quilibre de votre sant\u00e9 ? Comment chouchouter votre microbiote, adapter et varier votre alimentation ? Un questionnaire simple et rapide sur le confort digestif vous permettra en quelques minutes de mieux savoir \u00ab o\u00f9 en est l\u2019\u00e9quilibre de votre propre microbiote \u00bb et de b\u00e9n\u00e9ficier de conseils alimentaires. Vous d\u00e9couvrirez la compl\u00e9mentarit\u00e9 des ateliers cuisine sant\u00e9, des soins thermaux, des conseils nutritionnels pour retrouver l\u2019\u00e9quilibre de votre microbiote et votre confort digestif r\u00e9alis\u00e9s \u00e0 Aiga resort, le nouveau resort thermal enti\u00e8rement d\u00e9di\u00e9 au microbiote, aux pathologies digestives et \u00e0 la rhumatologie qui ouvre \u00e0 Chatel Guyon (Auvergne) au printemps 2020.<br \/>\n<em>Intervenants : <\/em><em>Solveig Darrigo Dartinet, Nutritionniste Consultante pour le groupe France Thermes\/Aiga Resort thermal, co-autrice du livre avec le Dr Didier Chos \u00ab A chacun ses recettes pour un microbiote en forme \u00bb et <\/em><em>Dr Didier Chos, Consultant M\u00e9dical France Thermes et Pr\u00e9sident de l\u2019Institut Europ\u00e9en de Di\u00e9t\u00e9tique et Micronutrition.<\/em><\/p>\n<p>&nbsp;<\/p>\n<p><strong><span style=\"color: #006786;\">16h<\/span>\u00a0:\u00a0<\/strong><strong>La gonarthrose en milieu thermal<\/strong><\/p>\n<p>Quels sont les bienfaits d&rsquo;une cure thermale pour soigner son arthrose du genou ? Exemple avec la cure des Thermes de Vals-Les-Bains et ses nouveaux soins associ\u00e9s. Les r\u00e9sultats d&rsquo;une \u00e9tude scientifique vous seront alors pr\u00e9sent\u00e9s.<br \/>\n<em>Intervenant : <\/em><em>Dr Eric Jouret, M\u00e9decin thermal aux Thermes de Vals-les-Bains<\/em><\/p>\n<p>&nbsp;<\/p>\n<p><strong><span style=\"color: #006786;\">17h<\/span>\u00a0:\u00a0<\/strong><strong>L\u2019int\u00e9r\u00eat de l\u2019initiation \u00e0 la marche en station thermale<\/strong><\/p>\n<p>Le s\u00e9jour thermal est un temps id\u00e9al pour s\u2019initier \u00e0 la marche r\u00e9guli\u00e8re qui est reconnue comme une excellente activit\u00e9 par la m\u00e9decine. Elle am\u00e9liore l\u2019\u00e9tat psychique et la condition physique et facilite la r\u00e9gulation du poids. Il serait donc dommage de s\u2019en priver.<br \/>\n<em>Intervenant : <\/em> <em>Sylvain Plantard, Educateur sportif et coach sportif en \u00e9tablissement thermal<\/em><\/p>\n<p>&nbsp;<\/p>\n<p><strong><span style=\"color: #006786;\">18h<\/span> : Pourquoi et comment l\u00e2cher prise en cure thermale ?<\/strong><\/p>\n<p>Aujourd\u2019hui 5 \u00e0 6% des Fran\u00e7ais souffrent d\u2019une anxi\u00e9t\u00e9 qui les invalide quotidiennement (inqui\u00e9tude, troubles du sommeil, nervosit\u00e9, fatigue\u2026). Ces \u00e9tats prolong\u00e9s de stress et de tension viennent souvent d\u2019un besoin de contr\u00f4le individuel, d\u2019une difficult\u00e9 \u00e0 se laisser aller. Une \u00e9tude r\u00e9cente a mis en \u00e9vidence que le l\u00e2cher prise, quand il est obtenu de mani\u00e8re prolong\u00e9e, en cure, apportait un effet th\u00e9rapeutique significatif et durable. C\u2019est ce nouveau concept de l\u00e2cher-prise th\u00e9rapeutique, particuli\u00e8rement abouti dans le cadre de cure thermale, que nous d\u00e9crivons ici.<br \/>\n<em>Intervenant :<\/em><em> Dr Olivier Dubois, M\u00e9decin Psychiatre, Pr\u00e9sident du Directoire des Thermes de Saujon<\/em><\/p>\n<p>&nbsp;<\/p>\n<h2><strong>Samedi 25 janvier 2020\u00a0<\/strong><\/h2>\n<p><strong><span style=\"color: #006786;\">10h<\/span> :\u00a0<\/strong><strong>Zviolyne, un \u00e9quipement au service de la douleur<\/strong><\/p>\n<p>Les douleurs de toutes sortes concernent la plupart des Fran\u00e7ais : qui n&rsquo;a pas mal quelque part ? Une nouvelle biotechnologie r\u00e9volutionnaire apporte, enfin, un vrai soulagement \u00e0 ceux qui souffrent, sans effet ind\u00e9sirable et sans m\u00e9dicament.<br \/>\n<em>Intervenant : <\/em><em>Michel Zeiger<\/em><em>, cr\u00e9ateur de l\u2019\u00e9quipement Zviolyne. <\/em><\/p>\n<p>&nbsp;<\/p>\n<p><strong><span style=\"color: #006786;\">11h\u00a0\u2013 12h30<\/span> : <b>La cure thermale expliqu\u00e9e par le m\u00e9decin thermal<\/b><\/strong><strong>\u00a0<\/strong><\/p>\n<p>Questions-r\u00e9ponses avec le public<br \/>\n<em>Intervenant : Dr Alain Fran\u00e7on et membres du bureau de la Soci\u00e9t\u00e9 Fran\u00e7aise de M\u00e9decine Thermale<\/em><\/p>\n<p>&nbsp;<\/p>\n<p><strong><span style=\"color: #006786;\">12h30 \u2013 13h <\/span><span style=\"color: #000000;\">: <\/span><\/strong><strong>La phycocyanine, l&rsquo;or bleu de la Spiruline<\/strong><\/p>\n<p>Tout le monde conna\u00eet la Spiruline. Mais qui conna\u00eet la phycocyanine ? L&rsquo;or bleu de la Spiruline \u00e0 une jolie couleur, une structure mol\u00e9culaire qui ressemble \u00e0 nos propres mol\u00e9cules et des bienfaits puissants et naturels pour notre sant\u00e9.<br \/>\n<em><u>Intervenant<\/u><\/em><em> : Dr <\/em><em>Aur\u00e9lie Godrant Giboureau, Doctorat Chimie marine, experte en micro-algues, Chef de Projet R&amp;D chez Algaenutri.<\/em><\/p>\n<p>&nbsp;<\/p>\n<p><strong><span style=\"color: #006786;\">13h<\/span>\u00a0:\u00a0<\/strong><strong>Apprivoiser son sommeil <\/strong><\/p>\n<p>Travail, vie personnelle et familiale intense, activit\u00e9s de loisirs : le rythme de vie actuel est charg\u00e9 et peut parfois conduire \u00e0 un \u00e9tat physique et psychique peu favorable \u00e0 l\u2019endormissement. L\u2019ambition de cette conf\u00e9rence est de vous faire d\u00e9couvrir des pistes, des techniques et des astuces pour r\u00e9pondre au mieux \u00e0 la probl\u00e9matique du sommeil et cela de fa\u00e7on durable.<br \/>\n<em>Intervenants : <\/em><em>Serge Fourcade, Directeur de la thalassoth\u00e9rapie de Thalazur Royan et <\/em><em>J\u00e9r\u00f4me Palmade, Responsable de la thalassoth\u00e9rapie de Thalazur Port-Camargue<\/em><\/p>\n<p>&nbsp;<\/p>\n<p><strong><span style=\"color: #006786;\">14h<\/span>\u00a0: Cryoth\u00e9rapie : les bienfaits du froid au naturel\u00a0<\/strong><\/p>\n<p>CryoBox vous dit tout sur la cryoth\u00e9rapie corps entier. Quels sont les bienfaits du froid \u00e0 -110\u00b0 ? Comment se passe une s\u00e9ance ? Et vous, pourquoi devriez-vous adopter la cryoth\u00e9rapie ?<br \/>\n<em>Intervenant : <\/em><em>Thibault Vignais, Kin\u00e9sith\u00e9rapeute, Ost\u00e9opathe, Cryoth\u00e9rapeute chez CryoBox 74 Bd Haussmann 75008 Paris<\/em><\/p>\n<p>&nbsp;<\/p>\n<p><strong><span style=\"color: #006786;\">15h<\/span> :\u00a0<\/strong><strong>L\u2019Education Th\u00e9rapeutique du patient au service\u00a0des patients atteints de fibromyalgie<\/strong><\/p>\n<p>Une exp\u00e9rience concluante aux Thermes de Bourbon Lancy avec le programme ETP FIBR\u2019EAUX.<br \/>\n<em>Intervenants : <\/em><em>Lo\u00efc Machillot, Responsable du p\u00f4le Pr\u00e9vention Sant\u00e9 aux Thermes de Bourbon-Lancy et Didier Monssus, Directeur des Thermes de Bourbon-Lancy <\/em><\/p>\n<p>&nbsp;<\/p>\n<p><strong><span style=\"color: #006786;\">16h<\/span> : Quelle place pour l\u2019\u00e9lectroth\u00e9rapie TENS pour soulager vos douleurs chroniques ?<\/strong><\/p>\n<p>Strat\u00e9gie th\u00e9rapeutique pour soulager la douleur chronique &#8211; Modalit\u00e9s de prise en charge par l&rsquo;\u00e9lectroth\u00e9rapie TENS.<br \/>\n<em>Intervenant : <\/em><em>Pr Alain Serrie, MD, PhD, HDR, Chef du service de M\u00e9decine de la Douleur et de M\u00e9decine palliative, H\u00f4pital Lariboisi\u00e8re \u00e0 Paris<\/em><\/p>\n<p>&nbsp;<\/p>\n<p><strong><span style=\"color: #006786;\">17h<\/span> : L\u2019accueil Post-Cancer en Thalasso <\/strong><\/p>\n<p>Exemple avec la Cure R\u00e9g\u00e9n\u00e9rante de la thalassoth\u00e9rapie de Concarneau, en Bretagne.<br \/>\n<em>Intervenant : <\/em> <em>Caroline Mah\u00e9-L\u00e9a, Directrice d\u2019Exploitation de la Thalassoth\u00e9rapie de Concarneau<\/em><\/p>\n<p>&nbsp;<\/p>\n<p><strong><span style=\"color: #006786;\">18h<\/span>\u00a0: Stress, anxi\u00e9t\u00e9, insomnie, burn-out \u2026 : Comment s\u2019en sortir ?<\/strong><\/p>\n<p>A partir de plusieurs \u00e9tudes scientifiques qu\u2019il a coordonn\u00e9es, et d\u2019un ouvrage sorti fin 2018 o\u00f9 il fait part de son exp\u00e9rience professionnelle de pr\u00e8s de 30 ans dans le thermalisme, le docteur Dubois expose, ici, les troubles psychiques que l\u2019on soigne le plus efficacement en cure thermale. Il apporte tous les \u00e9l\u00e9ments de preuve scientifique les plus r\u00e9cents, relatifs \u00e0 ces constats.<br \/>\n<em>Intervenant :<\/em><em> Dr Olivier Dubois, M\u00e9decin Psychiatre, Pr\u00e9sident du Directoire des Thermes de Saujon<\/em><\/p>\n<h2><strong><br \/>\nDimanche 26 janvier 2020\u00a0<\/strong><\/h2>\n<p><strong><span style=\"color: #006786;\">10h<\/span> : La gestion du stress par la coh\u00e9rence cardiaque <\/strong><\/p>\n<p>Id\u00e9al pour la gestion du stress au quotidien, la coh\u00e9rence cardiaque est un outil pr\u00e9cieux dans la gestion des maladies cardio-art\u00e9rielles et la fibromyalgie.<br \/>\n<em>Intervenant\u00a0: Lo\u00efc Machillot, Responsable du p\u00f4le Pr\u00e9vention Sant\u00e9 aux Thermes de Bourbon-Lancy <\/em><\/p>\n<p>&nbsp;<\/p>\n<p><strong><span style=\"color: #006786;\">11h<\/span>\u00a0: L\u2019ayurv\u00e9da, un art de vivre gage de bonne sant\u00e9<\/strong><\/p>\n<p>Dans un monde o\u00f9 tout s\u2019acc\u00e9l\u00e8re, nous visons bien souvent en d\u00e9s\u00e9quilibre avec notre nature profonde. En abordant l\u2019\u00eatre humain dans sa globalit\u00e9, \u00ab l\u2019Ayurv\u00e9da \u00bb permet de trouver les cl\u00e9s pour vivre en accord avec son propre \u00ab temp\u00e9rament \u00bb et d\u2019\u00e9valuer ses besoins pour un maintien en forme physique et psychologique. En r\u00e9interpr\u00e9tant des savoirs faire ancestraux, la Thalasso Serge Blanco propose une approche th\u00e9rapeutique holistique bas\u00e9e sur l\u2019acquisition de l\u2019\u00e9coute.<br \/>\n<em>Intervenant : <\/em><em>Lo\u00ebtitia Maurille, Responsable Spa Beaut\u00e9<\/em><\/p>\n<p>&nbsp;<\/p>\n<p><strong><span style=\"color: #006786;\">12h<\/span>\u00a0: Le Pijat Kepala ou Massage Balinais Cr\u00e2nien, un outil pour le l\u00e2cher-prise <\/strong><\/p>\n<p>L&rsquo;approche indon\u00e9sienne du bien-\u00eatre influence de plus en plus le monde de la thalassoth\u00e9rapie par l&rsquo;originalit\u00e9 de ses techniques et sa mani\u00e8re d&rsquo;approcher les clients. Le pijat kepala ou massage balinais cr\u00e2nien procure pause mentale, d\u00e9tente de l&rsquo;esprit ainsi qu&rsquo;abandon de soi aux mains de la masseuse. Un outil formidable en cure pour le l\u00e2cher prise, la d\u00e9tente des contraintes mentales et l&rsquo;\u00e9loignement des ruminations.<br \/>\n<em>Intervenant : <\/em><em>Ruth Indiathi, Cr\u00e9atrice, Formatrice, Spa-consultante, Fondatrice de l&rsquo;organisme de formation \u00ab Village Balinais \u00bb, \u00e9cole de massages de bien-\u00eatre. Ruth sillonne l\u2019archipel indon\u00e9sien depuis de nombreuses ann\u00e9es pour recueillir le t\u00e9moignage des pratiques traditionnelles du spa, tenir compte des tendances et d\u00e9nicher les bonnes adresses de Bal et ses soins in\u00e9dits d\u2019esth\u00e9tique et de bien-\u00eatre.<\/em><\/p>\n<p>&nbsp;<\/p>\n<p><strong><span style=\"color: #006786;\">13h<\/span>\u00a0: Comment am\u00e9liorer son sommeil\u00a0? \u00a0<\/strong><\/p>\n<p>Les insomnies concernent 20 millions de Fran\u00e7ais. Il existe aujourd&rsquo;hui une technologie issue de la recherche qui permet de retrouver un vrai sommeil et de r\u00e9g\u00e9n\u00e9rer l&rsquo;organisme, sans contre-indication et sans effet secondaire.<br \/>\n<em>Intervenant : <\/em><em>Michel Zeiger<\/em><em>, cr\u00e9ateur de l\u2019\u00e9quipement Zviolyne.<\/em><\/p>\n<p>&nbsp;<\/p>\n<p><strong><span style=\"color: #006786;\">14h<\/span>\u00a0 : Alimentation Plaisir et Sant\u00e9 : les grands principes <\/strong><\/p>\n<p>Parce que la nutrition et la sant\u00e9 concernent chacun d\u2019entre nous, quel que soit notre \u00e2ge et notre situation, Julie vous donnera des clefs accessibles et applicables pour int\u00e9grer l\u2019\u00e9quilibre alimentaire dans le plaisir gastronomique au quotidien.<br \/>\n<em>Intervenant : Julie Chatt\u00e9, Di\u00e9t\u00e9ticienne-Nutritionniste et conseill\u00e8re en micro-nutrition, Relais Thalasso Ile-de-R\u00e9<\/em><\/p>\n<p>&nbsp;<\/p>\n<p><strong><span style=\"color: #006786;\">15h<\/span>\u00a0: Quelle place pour l\u2019\u00e9lectroth\u00e9rapie TENS pour soulager vos douleurs chroniques ?<\/strong><\/p>\n<p>Strat\u00e9gie th\u00e9rapeutique pour soulager la douleur chronique &#8211; Modalit\u00e9s de prise en charge par l&rsquo;\u00e9lectroth\u00e9rapie TENS.<br \/>\n<em>Intervenant\u00a0: Pr Alain Serrie, MD, PhD, HDR, Chef du service de M\u00e9decine de la Douleur et de M\u00e9decine palliative, H\u00f4pital Lariboisi\u00e8re \u00e0 Paris<\/em><\/p>\n<p>&nbsp;<\/p>\n<p><strong><span style=\"color: #006786;\">16h<\/span> : \u00a0<b>Un sophrologue \u00e0 tout moment avec vous avec Accord Sophro<\/b><\/strong><\/p>\n<p style=\"font-weight: 400;\">L&rsquo;application Accord-Sophro permet, pendant votre s\u00e9jour en Thalasso, de g\u00e9rer votre stress, d&rsquo;am\u00e9liorer votre sommeil et d&rsquo;augmenter sa confiance en soi. Pendant la conf\u00e9rence, vous ferez une s\u00e9ance de sophrologie avec Christophe Meyer, Expert Sophrologue, qui pr\u00e9sentera l&rsquo;application.<br \/>\n<em>Intervenant : <\/em><em>Christophe Meyer, <i>Expert Sophrologue et Pr\u00e9sident d\u2019Accord-Sophro\u00a0<\/i><\/em><\/p>\n","protected":false},"excerpt":{"rendered":"<p>Jeudi 23 janvier 2020 &nbsp; 10h\u00a0: Comment bien choisir son h\u00e9bergement lors d&rsquo;une cure thermale ? Le choix de l\u2019h\u00e9bergement lors d\u2019un s\u00e9jour en cure thermale est primordial. En effet, il vous assurera un certain confort tout au long du s\u00e9jour et permettra de ne pas compromettre les b\u00e9n\u00e9fices des soins thermaux. Entre meubl\u00e9s de&hellip; <\/p>\n","protected":false},"author":6,"featured_media":0,"parent":0,"menu_order":0,"comment_status":"closed","ping_status":"closed","template":"","meta":{"_angie_page":false,"footnotes":""},"class_list":["post-10333","page","type-page","status-publish","hentry"],"aioseo_notices":[],"_links":{"self":[{"href":"https:\/\/www.thermalies.com\/paris\/wp-json\/wp\/v2\/pages\/10333","targetHints":{"allow":["GET"]}}],"collection":[{"href":"https:\/\/www.thermalies.com\/paris\/wp-json\/wp\/v2\/pages"}],"about":[{"href":"https:\/\/www.thermalies.com\/paris\/wp-json\/wp\/v2\/types\/page"}],"author":[{"embeddable":true,"href":"https:\/\/www.thermalies.com\/paris\/wp-json\/wp\/v2\/users\/6"}],"replies":[{"embeddable":true,"href":"https:\/\/www.thermalies.com\/paris\/wp-json\/wp\/v2\/comments?post=10333"}],"version-history":[{"count":0,"href":"https:\/\/www.thermalies.com\/paris\/wp-json\/wp\/v2\/pages\/10333\/revisions"}],"wp:attachment":[{"href":"https:\/\/www.thermalies.com\/paris\/wp-json\/wp\/v2\/media?parent=10333"}],"curies":[{"name":"wp","href":"https:\/\/api.w.org\/{rel}","templated":true}]}}