{"id":10566,"date":"2021-12-23T11:21:10","date_gmt":"2021-12-23T10:21:10","guid":{"rendered":"https:\/\/www.thermalies.com\/paris\/?page_id=10566"},"modified":"2021-12-23T11:21:10","modified_gmt":"2021-12-23T10:21:10","slug":"programme-des-ateliers-2020","status":"publish","type":"page","link":"https:\/\/www.thermalies.com\/paris\/programme-des-ateliers-2020\/","title":{"rendered":"Programme des ateliers 2020"},"content":{"rendered":"<h3><strong>PROGRAMME ATELIERS THERMALIES \u2013 ESPACE E32<\/strong><\/h3>\n<p>Profitez de votre visite pour tester et pratiquer gratuitement sur le salon diverses disciplines : Pilates, Sophrologie, Pilates, Auto-Massage, Yoga, &#8230;<\/p>\n<h3><strong><br \/>\nJeudi 23 Janvier 2020<\/strong><\/h3>\n<p>&nbsp;<\/p>\n<p><span style=\"color: #006786;\"><strong>11h<\/strong>\u00a0<strong>Mieux comprendre et soulager la douleur chronique \u2013 Atelier-Conf\u00e9rence <\/strong><\/span><\/p>\n<p>Pr\u00e9sentation de l\u2019\u00e9lectroth\u00e9rapie TENS et de ses b\u00e9n\u00e9fices sur les douleurs.\u00a0Anim\u00e9 par Les Laboratoires Urgo Healthcare, expert fran\u00e7ais du traitement des douleurs par \u00e9lectroth\u00e9rapie TENS.<\/p>\n<p>&nbsp;<\/p>\n<p><span style=\"color: #006786;\"><strong>12h Manger en pleine conscience : l\u2019anti-r\u00e9gime qui fait maigrir avec le sourire \u2013 Atelier Bien-Etre<\/strong><\/span><\/p>\n<p>Si le choix d\u2019une alimentation vari\u00e9e et \u00e9quilibr\u00e9e est important, ce n\u2019est pas suffisant. Notre approche \u00e0 Thalasso Concarneau, aborde le rapport \u00e0 la nourriture sous toutes ses formes car nos \u00e9motions et nos habitudes influencent tr\u00e8s largement notre comportement alimentaire. Avec notre programme pluridisciplinaire, vous d\u00e9velopperez de nouvelles habitudes et un rapport apais\u00e9 avec votre alimentation<br \/>\nAnim\u00e9 par G\u00e9raldine Desindes, Professeur de M\u00e9ditation et Enseignante du Programme \u00ab\u00a0Manger et Vivre en Pleine Conscience\u00a0\u00bb.<\/p>\n<p>&nbsp;<\/p>\n<p><strong><span style=\"color: #333399;\"><span style=\"color: #006786;\">13h<\/span><\/span><span style=\"color: #006786;\">\u00a0Postural Ball \u2013 Atelier Bien-Etre<\/span><\/strong><\/p>\n<p>Le Postural Ball\u00ae s\u2019applique \u00e0 toute personne voulant pr\u00e9server ou am\u00e9liorer sa condition physique et son bien-\u00eatre, quel que soit l\u2019\u00e2ge, le sexe ou la condition physique. Am\u00e9liore la posture corporelle et l\u2019\u00e9quilibre, renforce le dos, relaxe corps et esprit, d\u00e9veloppe la souplesse, sculpte un ventre plat et lib\u00e8re les tensions physiques.<br \/>\nAnim\u00e9 par Jude Alphonse Onguene, Instructeur Postural Ball, Formateur Postural Ball Senior, Coach Sportif et Masseur, Paris 12<sup>\u00e8me<\/sup>.<\/p>\n<p>&nbsp;<\/p>\n<p><span style=\"color: #006786;\"><strong> 14h Auto-Modelage apaisant des mains \u2013 Atelier Bien-Etre<\/strong><\/span><\/p>\n<p>Comment soulager rapidement et au quotidien l&rsquo;inconfort ressenti dans vos mains ? Valvital vous propose\u00a0gratuitement\u00a0\u00e0 la salle d&rsquo;atelier\u00a0une initiation \u00e0 l&rsquo;auto-modelage des mains de quelques minutes. D\u00e9couvrez des gestes simples associ\u00e9s \u00e0 l&rsquo;action chauffante de notre baume apaisant, v\u00e9ritable cocktail d&rsquo;actifs arthro-apaisants, qui vous offriront une parenth\u00e8se de bien-\u00eatre accessible \u00e0 tous moments.<br \/>\nAnim\u00e9 par Ga\u00eblle Digonnet, Chef de Produit gamme Valvital et Esth\u00e9ticienne, Si\u00e8ge Valvital \u00e0 Aix-les-Bains.<\/p>\n<p>&nbsp;<\/p>\n<p><span style=\"color: #006786;\"><strong>15h Yoga Adapt\u00e9 Sp\u00e9cial Dos \u2013 Atelier Bien-Etre<\/strong><\/span><\/p>\n<p>Id\u00e9al pour renforcer sa musculature profonde, am\u00e9liorer sa posture, \u00e9vacuer stress et tensions. Ce cours est destin\u00e9 \u00e0 tous ceux qui souffrent du dos et\/ou qui veulent se prot\u00e9ger dans la vie quotidienne et dans le sport. En utilisant les outils du Yoga (respiration, postures, concentration), vous apprendrez \u00e0 renforcer votre dos, \u00e0 vous d\u00e9tendre et \u00e0 augmenter votre capital sant\u00e9.<br \/>\nAnim\u00e9 par Vincent Lartigue, Coach Sportif et Professeur de Yoga form\u00e9 \u00e0 la m\u00e9thode Pilates, <em>Harmonia le studio de Yoga<\/em>, Paris 5<sup>\u00e8me<\/sup> et <em>Harmonia, la Gym autrement<\/em>, Ch\u00e2teau de Bel-Ebat \u00e0 Marcoussis (91).<\/p>\n<p>&nbsp;<\/p>\n<p><span style=\"color: #006786;\"><strong>16h<\/strong>\u00a0<strong>Postural Ball \u2013 Atelier Bien-Etre<\/strong><\/span><\/p>\n<p>Le Postural Ball\u00ae s\u2019applique \u00e0 toute personne voulant pr\u00e9server ou am\u00e9liorer sa condition physique et son bien-\u00eatre, quel que soit l\u2019\u00e2ge, le sexe ou la condition physique. Am\u00e9liore la posture corporelle et l\u2019\u00e9quilibre, renforce le dos, relaxe corps et esprit, d\u00e9veloppe la souplesse, sculpte un ventre plat et lib\u00e8re les tensions physiques.<br \/>\nAnim\u00e9 par Jude Alphonse Onguene, Instructeur Postural Ball, Formateur Postural Ball Senior, Coach Sportif et Masseur, Paris 12<sup>\u00e8me<\/sup>.<\/p>\n<p>&nbsp;<\/p>\n<p><span style=\"color: #006786;\"><strong>17h<\/strong><b>\u00a0La reconstruction apr\u00e8s Cancer &#8211; Conf\u00e9rence \/ Table Ronde<\/b><\/span><\/p>\n<p>Vous \u00eates atteint d\u2019un Cancer ou \u00eates en r\u00e9mission : venez \u00e9changer \u00e0 l\u2019occasion d\u2019une table ronde autour des possibilit\u00e9s existantes en termes de :<br \/>\n&#8211; reconstruction de la peau (bienfaits des cures thermales et des cr\u00e8mes dermatologiques, maquillage correcteur, \u2026),<br \/>\n&#8211; reconstruction physique \u00e0 travers l\u2019activit\u00e9 physique adapt\u00e9e (ses bienfaits pendant et apr\u00e8s les traitements),<br \/>\n&#8211; reconstruction psychique (comment se r\u00e9approprier son corps pour se sentir mieux dans sa t\u00eate ?).<br \/>\nAnim\u00e9 par\u00a0le centre thermal La Roche Posay et l\u2019association Cami Sport &amp; Cancer.<\/p>\n<p>&nbsp;<\/p>\n<p><span style=\"color: #006786;\"><strong>18h Madoth\u00e9rapie &#8211; D\u00e9monstration<\/strong>\u00a0<\/span><\/p>\n<p style=\"font-weight: 400;\">Pr\u00e9sentation de la \u00ab\u00a0Madoth\u00e9rapie\u00a0\u00bb, un soin bien-\u00eatre correspondant \u00e0 une technique de massage (sculptant, modelant, drainant) d\u00e9velopp\u00e9 par Olfa Perbal et utilisant un bois sp\u00e9cifique provenant de Colombie pour des r\u00e9sultats imm\u00e9diats et spectaculaires.<br \/>\nAnim\u00e9 par Olfa Perbal, Cr\u00e9atrice de l\u2019Institut Olfa Perbal, Paris 16<sup>\u00e8me<\/sup>.<\/p>\n<h3><\/h3>\n<h3><strong>Vendredi 24 Janvier 2020<\/strong><\/h3>\n<p>&nbsp;<\/p>\n<p><strong><span style=\"color: #006786;\">11h <\/span><span style=\"color: #006786;\">Mieux comprendre et soulager la douleur chronique \u2013 Atelier-Conf\u00e9rence<\/span> <\/strong><\/p>\n<p>Pr\u00e9sentation de l\u2019\u00e9lectroth\u00e9rapie TENS et de ses b\u00e9n\u00e9fices sur les douleurs.<br \/>\nAnim\u00e9 par Les Laboratoires Urgo Healthcare, expert fran\u00e7ais du traitement des<br \/>\ndouleurs par \u00e9lectroth\u00e9rapie TENS.<\/p>\n<p><span style=\"color: #006786;\"><strong><br \/>\n12h Manger en pleine conscience : l\u2019anti-r\u00e9gime qui fait maigrir avec le sourire \u2013 Atelier Bien-Etre<\/strong><\/span><\/p>\n<p>Si le choix d\u2019une alimentation vari\u00e9e et \u00e9quilibr\u00e9e est important, ce n\u2019est pas suffisant. Notre approche \u00e0 Thalasso Concarneau, aborde le rapport \u00e0 la nourriture sous toutes ses formes car nos \u00e9motions et nos habitudes influencent tr\u00e8s largement notre comportement alimentaire. Avec notre programme pluridisciplinaire, vous d\u00e9velopperez de nouvelles habitudes et un rapport apais\u00e9 avec votre alimentation.<br \/>\nAnim\u00e9 par G\u00e9raldine Desindes, Professeur de M\u00e9ditation et Enseignante du Programme \u00ab\u00a0Manger et Vivre en Pleine Conscience\u00a0\u00bb.<\/p>\n<p><strong><span style=\"color: #006786;\"><br \/>\n13h Danse Balinaise \u2013 D\u00e9monstration<\/span><\/strong><\/p>\n<p>En face de l\u2019espace massage balinais, voyagez dans la spiritualit\u00e9 indon\u00e9sienne, le ramyanna, en venant d\u00e9couvrir des extraits de danse balinaise.<\/p>\n<p>&nbsp;<\/p>\n<p><span style=\"color: #006786;\"><strong>13h30 Madoth\u00e9rapie &#8211; D\u00e9monstration<\/strong>\u00a0<\/span><\/p>\n<p style=\"font-weight: 400;\">Pr\u00e9sentation de la \u00ab\u00a0Madoth\u00e9rapie\u00a0\u00bb, un soin bien-\u00eatre correspondant \u00e0 une technique de massage (sculptant, modelant, drainant) d\u00e9velopp\u00e9 par Olfa Perbal et utilisant un bois sp\u00e9cifique provenant de Colombie pour des r\u00e9sultats imm\u00e9diats et spectaculaires.<br \/>\nAnim\u00e9 par Olfa Perbal, Cr\u00e9atrice de l\u2019Institut Olfa Perbal, Paris 16<sup>\u00e8me<\/sup>.<\/p>\n<p>&nbsp;<\/p>\n<p><strong><span style=\"color: #006786;\">14h Postural Ball \u2013 Atelier Bien-Etre<\/span><\/strong><\/p>\n<p>Le Postural Ball\u00ae s\u2019applique \u00e0 toute personne voulant pr\u00e9server ou am\u00e9liorer sa condition physique et son bien-\u00eatre, quel que soit l\u2019\u00e2ge, le sexe ou la condition physique. Am\u00e9liore la posture corporelle et l\u2019\u00e9quilibre, renforce le dos, relaxe corps et esprit, d\u00e9veloppe la souplesse, sculpte un ventre plat et lib\u00e8re les tensions physiques.<br \/>\nAnim\u00e9 par Jude Alphonse Onguene, Instructeur Postural Ball, Formateur Postural Ball Senior, Coach Sportif et Masseur, Paris 12<sup>\u00e8me<\/sup>.<\/p>\n<p>&nbsp;<\/p>\n<p><span style=\"color: #006786;\"><strong>15h Bien-Etre Indon\u00e9sien \/ Initiation \u00e0 l\u2019(Auto)-Massage cr\u00e2ne\/nuque \u2013 Atelier Bien-Etre<\/strong><\/span><\/p>\n<p>Venez vous initier \u00e0 quelques man\u0153uvres sp\u00e9cifiques\u00a0issues du massage balinais cr\u00e2nien Pijat Kepala pour assouplir votre cuir chevelu et d\u00e9nouer la nuque.<br \/>\nAnim\u00e9 par Ruth Indiathi, Cr\u00e9atrice, Formatrice, Spa-th\u00e9rapeute, Fondatrice du Village Balinais\u00a0: formation &amp; studio priv\u00e9, Paris, Bali.<\/p>\n<p>&nbsp;<\/p>\n<p><span style=\"color: #006786;\"><strong>16h Yoga Adapt\u00e9 Sp\u00e9cial Dos \u2013 Atelier Bien-Etre<\/strong><\/span><\/p>\n<p>Id\u00e9al pour renforcer sa musculature profonde, am\u00e9liorer sa posture, \u00e9vacuer stress et tensions. Ce cours est destin\u00e9 \u00e0 tous ceux qui souffrent du dos et\/ou qui veulent se prot\u00e9ger dans la vie quotidienne et dans le sport. En utilisant les outils du Yoga (respiration, postures, concentration), vous apprendrez \u00e0 renforcer votre dos, \u00e0 vous d\u00e9tendre et \u00e0 augmenter votre capital sant\u00e9.<br \/>\nAnim\u00e9 par Vincent Lartigue, Coach Sportif et Professeur de Yoga form\u00e9 \u00e0 la m\u00e9thode Pilates, <em>Harmonia le studio de Yoga<\/em>, Paris 5<sup>\u00e8me<\/sup> et <em>Harmonia, la Gym autrement<\/em>, Ch\u00e2teau de Bel-Ebat \u00e0 Marcoussis (91).<\/p>\n<p><span style=\"color: #006786;\"><strong><br \/>\n17h Postural Ball \u2013 Atelier Bien-Etre<\/strong><\/span><\/p>\n<p>Le Postural Ball\u00ae s\u2019applique \u00e0 toute personne voulant pr\u00e9server ou am\u00e9liorer sa condition physique et son bien-\u00eatre, quel que soit l\u2019\u00e2ge, le sexe ou la condition physique. Am\u00e9liore la posture corporelle et l\u2019\u00e9quilibre, renforce le dos, relaxe corps et esprit, d\u00e9veloppe la souplesse, sculpte un ventre plat et lib\u00e8re les tensions physiques.<br \/>\nAnim\u00e9 par Jude Alphonse Onguene, Instructeur Postural Ball, Formateur Postural Ball Senior, Coach Sportif et Masseur, Paris 12<sup>\u00e8me<\/sup>.<\/p>\n<p>&nbsp;<\/p>\n<p><span style=\"color: #006786;\"><strong>18h Auto-modelage apaisant des mains \u2013 Atelier Bien-Etre<\/strong><\/span><\/p>\n<p>Comment soulager rapidement et au quotidien l&rsquo;inconfort ressenti dans vos mains ? Valvital vous propose\u00a0gratuitement\u00a0\u00e0 la salle d&rsquo;atelier\u00a0une initiation \u00e0 l&rsquo;auto-modelage des mains de quelques minutes. D\u00e9couvrez des gestes simples associ\u00e9s \u00e0 l&rsquo;action chauffante de notre baume apaisant, v\u00e9ritable cocktail d&rsquo;actifs arthro-apaisants, qui vous offriront une parenth\u00e8se de bien-\u00eatre accessible \u00e0 tous moments.<br \/>\nAnim\u00e9 par Ga\u00eblle Digonnet, Chef de Produit gamme Valvital et Esth\u00e9ticienne, Si\u00e8ge Valvital \u00e0 Aix-les-Bains.<\/p>\n<p><strong>\u00a0<\/strong><\/p>\n<h3><strong>Samedi 25 Janvier 2020<\/strong><\/h3>\n<p><span style=\"color: #006786;\"><strong><br \/>\n11h Mieux comprendre et soulager la douleur chronique \u2013 Atelier-Conf\u00e9rence <\/strong><\/span><\/p>\n<p>Pr\u00e9sentation de l\u2019\u00e9lectroth\u00e9rapie TENS et de ses b\u00e9n\u00e9fices sur les douleurs.<br \/>\nAnim\u00e9 par Les Laboratoires Urgo Healthcare, expert fran\u00e7ais du traitement des douleurs par \u00e9lectroth\u00e9rapie TENS.<\/p>\n<p>&nbsp;<\/p>\n<p><span style=\"color: #006786;\"><strong>12h Postural Ball \u2013 Atelier Bien-Etre<\/strong><\/span><\/p>\n<p>Le Postural Ball\u00ae s\u2019applique \u00e0 toute personne voulant pr\u00e9server ou am\u00e9liorer sa condition physique et son bien-\u00eatre, quel que soit l\u2019\u00e2ge, le sexe ou la condition physique. Am\u00e9liore la posture corporelle et l\u2019\u00e9quilibre, renforce le dos, relaxe corps et esprit, d\u00e9veloppe la souplesse, sculpte un ventre plat et lib\u00e8re les tensions physiques.<br \/>\nAnim\u00e9 par Jude Alphonse Onguene, Instructeur Postural Ball, Formateur Postural Ball Senior, Coach Sportif et Masseur, Paris 12<sup>\u00e8me<\/sup>.<\/p>\n<p>&nbsp;<\/p>\n<p style=\"font-weight: 400;\"><span style=\"color: #006786;\"><strong>13h00<\/strong>\u00a0<strong>R\u00e9flexologie plantaire \u2013 Atelier Bien-Etre<\/strong><\/span><\/p>\n<p style=\"font-weight: 400;\">Atelier collectif de d\u00e9couverte de la r\u00e9flexologie plantaire.<br \/>\nAnim\u00e9 par Marion Hardy, Naturopathe &#8211; R\u00e9flexologue, Paris 13<sup>\u00e8me<\/sup>\u00a0et Nogent-sur-Marne.<\/p>\n<p style=\"font-weight: 400;\"><strong>\u00a0<\/strong><\/p>\n<p><span style=\"color: #006786;\"><strong>13h30<\/strong> <strong style=\"font-weight: 400;\">R\u00e9flexologie plantaire \u2013 Atelier Bien-Etre<\/strong><\/span><\/p>\n<p style=\"font-weight: 400;\">Atelier collectif de d\u00e9couverte de la r\u00e9flexologie plantaire.<br \/>\nAnim\u00e9 par Marion Hardy, Naturopathe &#8211; R\u00e9flexologue, Paris 13<sup>\u00e8me<\/sup>\u00a0et Nogent-sur-Marne.<\/p>\n<p>&nbsp;<\/p>\n<p><span style=\"color: #006786;\"><strong>14h Madoth\u00e9rapie &#8211; D\u00e9monstration<\/strong>\u00a0<\/span><\/p>\n<p style=\"font-weight: 400;\">Pr\u00e9sentation de la \u00ab\u00a0Madoth\u00e9rapie\u00a0\u00bb, un soin bien-\u00eatre correspondant \u00e0 une technique de massage (sculptant, modelant, drainant) d\u00e9velopp\u00e9 par Olfa Perbal et utilisant un bois sp\u00e9cifique provenant de Colombie pour des r\u00e9sultats imm\u00e9diats et spectaculaires.<br \/>\nAnim\u00e9 par Olfa Perbal, Cr\u00e9atrice de l\u2019Institut Olfa Perbal, Paris 16<sup>\u00e8me<\/sup>.<\/p>\n<p><strong>\u00a0<\/strong><\/p>\n<p><span style=\"color: #006786;\"><strong>15h Bien-Etre Indon\u00e9sien \/ R\u00e9flexologie Palmaire \u2013 Atelier Bien-Etre<\/strong><\/span><\/p>\n<p>Initiations \u00e0 la r\u00e9alisation de man\u0153uvres relaxantes de la main. La main est consid\u00e9r\u00e9e en Indon\u00e9sie comme une zone de r\u00e9flexologie laquelle, stimul\u00e9e, laisse entrer tranquillement, et de plus en plus profond\u00e9ment, l\u2019\u00e9nergie.<br \/>\nAnim\u00e9 par Ruth Indiathi, Cr\u00e9atrice, Formatrice, Spa-th\u00e9rapeute, Fondatrice du Village Balinais\u00a0: formation &amp; studio priv\u00e9, Paris, Bali.<\/p>\n<p>&nbsp;<\/p>\n<p style=\"font-weight: 400;\"><span style=\"color: #006786;\"><strong>16h<\/strong> <strong>R\u00e9flexologie plantaire \u2013 Atelier Bien-Etre<\/strong><\/span><\/p>\n<p style=\"font-weight: 400;\">Atelier collectif de d\u00e9couverte de la r\u00e9flexologie plantaire.<br \/>\nAnim\u00e9 par Marion Hardy, Naturopathe &#8211; R\u00e9flexologue, Paris 13<sup>\u00e8me<\/sup>\u00a0et Nogent-sur-Marne.<\/p>\n<p style=\"font-weight: 400;\"><strong>\u00a0<\/strong><\/p>\n<p style=\"font-weight: 400;\"><span style=\"color: #006786;\"><strong>16h30 R\u00e9flexologie plantaire \u2013 Atelier Bien-Etre<\/strong><\/span><\/p>\n<p style=\"font-weight: 400;\">Atelier collectif de d\u00e9couverte de la r\u00e9flexologie plantaire.<br \/>\nAnim\u00e9 par Marion Hardy, Naturopathe &#8211; R\u00e9flexologue, Paris 13<sup>\u00e8me<\/sup>\u00a0et Nogent-sur-Marne.<\/p>\n<p>&nbsp;<\/p>\n<p><span style=\"color: #006786;\"><strong>17h Postural Ball \u2013 Atelier Bien-Etre<\/strong><\/span><\/p>\n<p>Le Postural Ball\u00ae s\u2019applique \u00e0 toute personne voulant pr\u00e9server ou am\u00e9liorer sa condition physique et son bien-\u00eatre, quel que soit l\u2019\u00e2ge, le sexe ou la condition physique. Am\u00e9liore la posture corporelle et l\u2019\u00e9quilibre, renforce le dos, relaxe corps et esprit, d\u00e9veloppe la souplesse, sculpte un ventre plat et lib\u00e8re les tensions physiques.<br \/>\nAnim\u00e9 par Jude Alphonse Onguene, Instructeur Postural Ball, Formateur Postural Ball Senior, Coach Sportif et Masseur, Paris 12<sup>\u00e8me<\/sup>.<\/p>\n<p>&nbsp;<\/p>\n<p><span style=\"color: #006786;\"><strong>18h Yoga Vinyasa \u2013 Atelier Bien-Etre<\/strong><\/span><\/p>\n<p>Le Vinyasa est un syst\u00e8me de mouvements et de respiration synchronis\u00e9. Il se caract\u00e9rise dans la pratique par l\u2019enchainement de postures (asanas) g\u00e9n\u00e9r\u00e9 par la respiration. Les postures apportent force, souplesse, ma\u00eetrise et d\u00e9tente afin d\u2019\u00e9viter les douleurs et les probl\u00e8mes physiques \u00e9ventuels dus aux mauvais placements. La concentration sur la respiration apporte calme et d\u00e9tente afin de calmer l\u2019esprit.<br \/>\nAnim\u00e9 par Vincent Lartigue, Coach Sportif et Professeur de Yoga form\u00e9 \u00e0 la m\u00e9thode Pilates, <em>Harmonia le studio de Yoga<\/em>, Paris 5<sup>\u00e8me<\/sup> et <em>Harmonia, la Gym autrement<\/em>, Ch\u00e2teau de Bel-Ebat \u00e0 Marcoussis (91).<\/p>\n<p><strong>\u00a0<\/strong><\/p>\n<h3><strong>Dimanche 26 Janvier 2020<\/strong><\/h3>\n<p>&nbsp;<\/p>\n<p><span style=\"color: #006786;\"><strong>11h Mieux comprendre et soulager la douleur chronique \u2013 Atelier-Conf\u00e9rence <\/strong><\/span><\/p>\n<p>Pr\u00e9sentation de l\u2019\u00e9lectroth\u00e9rapie TENS et de ses b\u00e9n\u00e9fices sur les douleurs.<br \/>\nAnim\u00e9 par Les Laboratoires Urgo Healthcare, expert fran\u00e7ais du traitement des douleurs par \u00e9lectroth\u00e9rapie TENS.<\/p>\n<p>&nbsp;<\/p>\n<p><span style=\"color: #006786;\"><strong>12h Postural Ball \u2013 Atelier Bien-Etre<\/strong><\/span><\/p>\n<p>Le Postural Ball\u00ae s\u2019applique \u00e0 toute personne voulant pr\u00e9server ou am\u00e9liorer sa condition physique et son bien-\u00eatre, quel que soit l\u2019\u00e2ge, le sexe ou la condition physique. Am\u00e9liore la posture corporelle et l\u2019\u00e9quilibre, renforce le dos, relaxe corps et esprit, d\u00e9veloppe la souplesse, sculpte un ventre plat et lib\u00e8re les tensions physiques.<br \/>\nAnim\u00e9 par Jude Alphonse Onguene, Instructeur Postural Ball, Formateur Postural Ball Senior, Coach Sportif et Masseur, Paris 12<sup>\u00e8me<\/sup>.<\/p>\n<p>&nbsp;<\/p>\n<p><strong><span style=\"color: #006786;\">13h Danse Balinaise \u2013 D\u00e9monstration<\/span><\/strong><\/p>\n<p>En face de l\u2019espace massage balinais, voyagez dans la spiritualit\u00e9 indon\u00e9sienne, le ramyanna, en venant d\u00e9couvrir des extraits de danse balinaise.<\/p>\n<p>&nbsp;<\/p>\n<p><strong><span style=\"color: #006786;\">14h Yoga adapt\u00e9 Sp\u00e9cial Abdos M\u00e9thode de Gasquet \u2013 Atelier Bien-Etre<\/span><\/strong><\/p>\n<p>Grandir, mincir, \u00e9tirer, affiner, renforcer\u2026 Ne jamais se tasser, raccourcir, pousser sur le ventre\u2026 Les cours sont sp\u00e9cialement centr\u00e9s sur le travail abdominal selon la m\u00e9thode du Dr Bernadette De Gasquet. Cette s\u00e9ance de yoga inclut des exercices de respiration, de renforcement musculaire sp\u00e9cifique, des moments de d\u00e9tente, pour des abdos plus forts sans se blesser.<br \/>\nAnim\u00e9 par Vincent Lartigue, Coach Sportif et Professeur de Yoga form\u00e9 \u00e0 la m\u00e9thode Pilates, <em>Harmonia le studio de Yoga<\/em>, Paris 5<sup>\u00e8me<\/sup> et <em>Harmonia, la Gym autrement<\/em>, Ch\u00e2teau de Bel-Ebat \u00e0 Marcoussis (91).<\/p>\n<p>&nbsp;<\/p>\n<p><span style=\"color: #006786;\"><strong>15h Madoth\u00e9rapie &#8211; D\u00e9monstration<\/strong>\u00a0<\/span><\/p>\n<p style=\"font-weight: 400;\">Pr\u00e9sentation de la \u00ab\u00a0Madoth\u00e9rapie\u00a0\u00bb, un soin bien-\u00eatre correspondant \u00e0 une technique de massage (sculptant, modelant, drainant) d\u00e9velopp\u00e9 par Olfa Perbal et utilisant un bois sp\u00e9cifique provenant de Colombie pour des r\u00e9sultats imm\u00e9diats et spectaculaires.<br \/>\nAnim\u00e9 par Olfa Perbal, Cr\u00e9atrice de l\u2019Institut Olfa Perbal, Paris 16<sup>\u00e8me<\/sup>.<\/p>\n<p>&nbsp;<\/p>\n<p><span style=\"color: #006786;\"><strong>16h Postural Ball \u2013 Atelier Bien-Etre<\/strong><\/span><\/p>\n<p>Le Postural Ball\u00ae s\u2019applique \u00e0 toute personne voulant pr\u00e9server ou am\u00e9liorer sa condition physique et son bien-\u00eatre, quel que soit l\u2019\u00e2ge, le sexe ou la condition physique. Am\u00e9liore la posture corporelle et l\u2019\u00e9quilibre, renforce le dos, relaxe corps et esprit, d\u00e9veloppe la souplesse, sculpte un ventre plat et lib\u00e8re les tensions physiques.<br \/>\nAnim\u00e9 par Jude Alphonse Onguene, Instructeur Postural Ball, Formateur Postural Ball Senior, Coach Sportif et Masseur, Paris 12<sup>\u00e8me<\/sup>.<\/p>\n<p>&nbsp;<\/p>\n<p><span style=\"color: #006786;\"><strong>17h Madoth\u00e9rapie &#8211; D\u00e9monstration<\/strong>\u00a0<\/span><\/p>\n<p style=\"font-weight: 400;\">Pr\u00e9sentation de la \u00ab\u00a0Madoth\u00e9rapie\u00a0\u00bb, un soin bien-\u00eatre correspondant \u00e0 une technique de massage (sculptant, modelant, drainant) d\u00e9velopp\u00e9 par Olfa Perbal et utilisant un bois sp\u00e9cifique provenant de Colombie pour des r\u00e9sultats imm\u00e9diats et spectaculaires.<br \/>\nAnim\u00e9 par Olfa Perbal, Cr\u00e9atrice de l\u2019Institut Olfa Perbal, Paris 16<sup>\u00e8me<\/sup>.<\/p>\n","protected":false},"excerpt":{"rendered":"<p>PROGRAMME ATELIERS THERMALIES \u2013 ESPACE E32 Profitez de votre visite pour tester et pratiquer gratuitement sur le salon diverses disciplines : Pilates, Sophrologie, Pilates, Auto-Massage, Yoga, &#8230; Jeudi 23 Janvier 2020 &nbsp; 11h\u00a0Mieux comprendre et soulager la douleur chronique \u2013 Atelier-Conf\u00e9rence Pr\u00e9sentation de l\u2019\u00e9lectroth\u00e9rapie TENS et de ses b\u00e9n\u00e9fices sur les douleurs.\u00a0Anim\u00e9 par Les Laboratoires&hellip; <\/p>\n","protected":false},"author":6,"featured_media":0,"parent":0,"menu_order":0,"comment_status":"closed","ping_status":"closed","template":"","meta":{"footnotes":""},"class_list":["post-10566","page","type-page","status-publish","hentry"],"aioseo_notices":[],"_links":{"self":[{"href":"https:\/\/www.thermalies.com\/paris\/wp-json\/wp\/v2\/pages\/10566","targetHints":{"allow":["GET"]}}],"collection":[{"href":"https:\/\/www.thermalies.com\/paris\/wp-json\/wp\/v2\/pages"}],"about":[{"href":"https:\/\/www.thermalies.com\/paris\/wp-json\/wp\/v2\/types\/page"}],"author":[{"embeddable":true,"href":"https:\/\/www.thermalies.com\/paris\/wp-json\/wp\/v2\/users\/6"}],"replies":[{"embeddable":true,"href":"https:\/\/www.thermalies.com\/paris\/wp-json\/wp\/v2\/comments?post=10566"}],"version-history":[{"count":0,"href":"https:\/\/www.thermalies.com\/paris\/wp-json\/wp\/v2\/pages\/10566\/revisions"}],"wp:attachment":[{"href":"https:\/\/www.thermalies.com\/paris\/wp-json\/wp\/v2\/media?parent=10566"}],"curies":[{"name":"wp","href":"https:\/\/api.w.org\/{rel}","templated":true}]}}