{"id":1347,"date":"2024-07-08T14:53:42","date_gmt":"2024-07-08T12:53:42","guid":{"rendered":"http:\/\/www.salon-biogourmand.com\/?page_id=1347"},"modified":"2025-12-16T12:41:05","modified_gmt":"2025-12-16T11:41:05","slug":"outils-de-communication","status":"publish","type":"page","link":"https:\/\/www.thermalies.com\/paris\/exposer\/outils-de-communication\/","title":{"rendered":"Outils de communication"},"content":{"rendered":"<h2><span style=\"color: #0c5356;\">T\u00e9l\u00e9chargez les outils de communication dont vous avez besoin :<\/span><\/h2>\n<ul>\n<li><span style=\"color: #0c5356;\"><strong>Affiche format A4<\/strong><\/span><\/li>\n<\/ul>\n<p><a href=\"https:\/\/www.thermalies.com\/paris\/exposer\/outils-de-communication\/capture-decran-2025-04-25-a-10-13-54\/\"><img fetchpriority=\"high\" decoding=\"async\" class=\"alignnone wp-image-15902\" src=\"http:\/\/www.thermalies.com\/paris\/wp-content\/uploads\/2025\/04\/Capture-decran-2025-04-25-a-10.13.54.png\" alt=\"\" width=\"311\" height=\"441\" srcset=\"https:\/\/www.thermalies.com\/paris\/wp-content\/uploads\/2025\/04\/Capture-decran-2025-04-25-a-10.13.54.png 850w, https:\/\/www.thermalies.com\/paris\/wp-content\/uploads\/2025\/04\/Capture-decran-2025-04-25-a-10.13.54-211x300.png 211w, https:\/\/www.thermalies.com\/paris\/wp-content\/uploads\/2025\/04\/Capture-decran-2025-04-25-a-10.13.54-722x1024.png 722w, https:\/\/www.thermalies.com\/paris\/wp-content\/uploads\/2025\/04\/Capture-decran-2025-04-25-a-10.13.54-768x1090.png 768w, https:\/\/www.thermalies.com\/paris\/wp-content\/uploads\/2025\/04\/Capture-decran-2025-04-25-a-10.13.54-150x213.png 150w, https:\/\/www.thermalies.com\/paris\/wp-content\/uploads\/2025\/04\/Capture-decran-2025-04-25-a-10.13.54-352x500.png 352w, https:\/\/www.thermalies.com\/paris\/wp-content\/uploads\/2025\/04\/Capture-decran-2025-04-25-a-10.13.54-600x851.png 600w\" sizes=\"(max-width: 311px) 100vw, 311px\" \/><\/a><\/p>\n<p>&nbsp;<\/p>\n<ul>\n<li><span style=\"color: #0c5356;\"><strong>Logo<\/strong><\/span><\/li>\n<\/ul>\n<p><a href=\"https:\/\/www.thermalies.com\/paris\/exposer\/outils-de-communication\/logo-thermalies-2\/\" target=\"_blank\" rel=\"noopener\"><img decoding=\"async\" class=\"alignnone wp-image-14426\" src=\"https:\/\/www.thermalies.com\/paris\/wp-content\/uploads\/2024\/07\/cropped-LOGO-TH25.png\" alt=\"Logo Thermalies\" width=\"330\" height=\"153\" srcset=\"https:\/\/www.thermalies.com\/paris\/wp-content\/uploads\/2024\/07\/cropped-LOGO-TH25.png 640w, https:\/\/www.thermalies.com\/paris\/wp-content\/uploads\/2024\/07\/cropped-LOGO-TH25-300x139.png 300w, https:\/\/www.thermalies.com\/paris\/wp-content\/uploads\/2024\/07\/cropped-LOGO-TH25-150x70.png 150w, https:\/\/www.thermalies.com\/paris\/wp-content\/uploads\/2024\/07\/cropped-LOGO-TH25-500x232.png 500w, https:\/\/www.thermalies.com\/paris\/wp-content\/uploads\/2024\/07\/cropped-LOGO-TH25-600x278.png 600w\" sizes=\"(max-width: 330px) 100vw, 330px\" \/><\/a><\/p>\n<p>&nbsp;<\/p>\n<ul>\n<li><span style=\"color: #0c5356;\"><strong>Banni\u00e8re emailing format mobile paysage 580&#215;250 px<\/strong><\/span><\/li>\n<\/ul>\n<p><a href=\"https:\/\/www.thermalies.com\/paris\/exposer\/outils-de-communication\/bd1-th26-paris-580x250px-emailing-mobile\/\"><img decoding=\"async\" class=\"alignnone wp-image-15852\" src=\"http:\/\/www.thermalies.com\/paris\/wp-content\/uploads\/2025\/04\/BD1-TH26-PARIS-580x250px-EMAILING-MOBILE.jpg\" alt=\"\" width=\"552\" height=\"237\" srcset=\"https:\/\/www.thermalies.com\/paris\/wp-content\/uploads\/2025\/04\/BD1-TH26-PARIS-580x250px-EMAILING-MOBILE.jpg 582w, https:\/\/www.thermalies.com\/paris\/wp-content\/uploads\/2025\/04\/BD1-TH26-PARIS-580x250px-EMAILING-MOBILE-300x129.jpg 300w, https:\/\/www.thermalies.com\/paris\/wp-content\/uploads\/2025\/04\/BD1-TH26-PARIS-580x250px-EMAILING-MOBILE-150x64.jpg 150w, https:\/\/www.thermalies.com\/paris\/wp-content\/uploads\/2025\/04\/BD1-TH26-PARIS-580x250px-EMAILING-MOBILE-500x215.jpg 500w\" sizes=\"(max-width: 552px) 100vw, 552px\" \/><\/a><\/p>\n<p>&nbsp;<\/p>\n<ul>\n<li><span style=\"color: #0c5356;\"><strong>Banni\u00e8re \u00ab\u00a0On y sera ! Et vous ?\u00a0\u00bb format Facebook 1200&#215;630 px<\/strong><\/span><\/li>\n<\/ul>\n<p><a href=\"https:\/\/www.thermalies.com\/paris\/exposer\/outils-de-communication\/jpg-th26-paris-1200x630-on-y-sera\/\"><img loading=\"lazy\" decoding=\"async\" class=\"alignnone wp-image-15853\" src=\"http:\/\/www.thermalies.com\/paris\/wp-content\/uploads\/2025\/04\/JPG-TH26-PARIS-1200x630-ON-Y-SERA.jpg\" alt=\"\" width=\"576\" height=\"303\" srcset=\"https:\/\/www.thermalies.com\/paris\/wp-content\/uploads\/2025\/04\/JPG-TH26-PARIS-1200x630-ON-Y-SERA.jpg 1200w, https:\/\/www.thermalies.com\/paris\/wp-content\/uploads\/2025\/04\/JPG-TH26-PARIS-1200x630-ON-Y-SERA-300x158.jpg 300w, https:\/\/www.thermalies.com\/paris\/wp-content\/uploads\/2025\/04\/JPG-TH26-PARIS-1200x630-ON-Y-SERA-1024x538.jpg 1024w, https:\/\/www.thermalies.com\/paris\/wp-content\/uploads\/2025\/04\/JPG-TH26-PARIS-1200x630-ON-Y-SERA-768x403.jpg 768w, https:\/\/www.thermalies.com\/paris\/wp-content\/uploads\/2025\/04\/JPG-TH26-PARIS-1200x630-ON-Y-SERA-150x79.jpg 150w, https:\/\/www.thermalies.com\/paris\/wp-content\/uploads\/2025\/04\/JPG-TH26-PARIS-1200x630-ON-Y-SERA-500x263.jpg 500w, https:\/\/www.thermalies.com\/paris\/wp-content\/uploads\/2025\/04\/JPG-TH26-PARIS-1200x630-ON-Y-SERA-600x315.jpg 600w\" sizes=\"(max-width: 576px) 100vw, 576px\" \/><\/a><\/p>\n<p>&nbsp;<\/p>\n<ul>\n<li><span style=\"color: #0c5356;\"><strong>Banni\u00e8re \u00ab\u00a0J&rsquo;expose au salon\u00a0\u00bb format 728&#215;90 px<\/strong><\/span><\/li>\n<\/ul>\n<p><a href=\"https:\/\/www.thermalies.com\/paris\/exposer\/outils-de-communication\/jpg-th26-paris-728x90-jexpose\/\"><img loading=\"lazy\" decoding=\"async\" class=\"alignnone wp-image-15854 size-full\" src=\"http:\/\/www.thermalies.com\/paris\/wp-content\/uploads\/2025\/04\/JPG-TH26-PARIS-728x90-jexpose.jpg\" alt=\"\" width=\"728\" height=\"90\" srcset=\"https:\/\/www.thermalies.com\/paris\/wp-content\/uploads\/2025\/04\/JPG-TH26-PARIS-728x90-jexpose.jpg 728w, https:\/\/www.thermalies.com\/paris\/wp-content\/uploads\/2025\/04\/JPG-TH26-PARIS-728x90-jexpose-300x37.jpg 300w, https:\/\/www.thermalies.com\/paris\/wp-content\/uploads\/2025\/04\/JPG-TH26-PARIS-728x90-jexpose-150x19.jpg 150w, https:\/\/www.thermalies.com\/paris\/wp-content\/uploads\/2025\/04\/JPG-TH26-PARIS-728x90-jexpose-500x62.jpg 500w, https:\/\/www.thermalies.com\/paris\/wp-content\/uploads\/2025\/04\/JPG-TH26-PARIS-728x90-jexpose-600x74.jpg 600w\" sizes=\"(max-width: 728px) 100vw, 728px\" \/><\/a><\/p>\n<p>&nbsp;<\/p>\n<ul>\n<li><span style=\"color: #0c5356;\"><b>Banni\u00e8re emailing format desktop 600&#215;260 \u00ab\u00a0<\/b><\/span><\/li>\n<\/ul>\n<p><a href=\"https:\/\/www.thermalies.com\/paris\/exposer\/outils-de-communication\/bd1-th26-paris-600x260-emailing-desktop\/\"><img loading=\"lazy\" decoding=\"async\" class=\"alignnone wp-image-15903 size-full\" src=\"http:\/\/www.thermalies.com\/paris\/wp-content\/uploads\/2025\/04\/BD1-TH26-PARIS-600x260-EMAILING-DESKTOP.jpg\" alt=\"\" width=\"600\" height=\"260\" srcset=\"https:\/\/www.thermalies.com\/paris\/wp-content\/uploads\/2025\/04\/BD1-TH26-PARIS-600x260-EMAILING-DESKTOP.jpg 600w, https:\/\/www.thermalies.com\/paris\/wp-content\/uploads\/2025\/04\/BD1-TH26-PARIS-600x260-EMAILING-DESKTOP-300x130.jpg 300w, https:\/\/www.thermalies.com\/paris\/wp-content\/uploads\/2025\/04\/BD1-TH26-PARIS-600x260-EMAILING-DESKTOP-150x65.jpg 150w, https:\/\/www.thermalies.com\/paris\/wp-content\/uploads\/2025\/04\/BD1-TH26-PARIS-600x260-EMAILING-DESKTOP-500x217.jpg 500w\" sizes=\"(max-width: 600px) 100vw, 600px\" \/><\/a><\/p>\n<p>&nbsp;<\/p>\n<p>Vous\u00a0souhaitez \u00eatre pr\u00e9sent sur nos supports\u00a0de communication, d\u00e9couvrez notre plaquette de tarification ci-dessous\u00a0et contactez l&rsquo;\u00e9quipe Thermalies :<\/p>\n<p><span style=\"color: #008080;\"><span style=\"font-size: 18pt;\"><strong>&gt;&gt; <a style=\"color: #008080;\" href=\"http:\/\/www.thermalies.com\/paris\/wp-content\/uploads\/2025\/09\/Kit-Paris-2026.pdf\">T\u00e9l\u00e9chargez le kit m\u00e9dia 2026<\/a><\/strong><\/span><\/span><\/p>\n<p>&nbsp;<\/p>\n<div style=\"background-color: #f8f8f8; border-radius: 20px; margin: 0px; padding: 30px 15px 15px 30px; width: 80%;\">\n<p><strong>Afin d\u2019augmenter votre visibilit\u00e9 avant le salon, nous vous invitons \u00e0 cr\u00e9er un \u00e9v\u00e8nement sur Facebook pour indiquer votre pr\u00e9sence.<br \/>\n<\/strong>Vos abonn\u00e9s et clients pourront ainsi savoir o\u00f9 vous trouver. Les \u00e9v\u00e8nements ont une meilleure port\u00e9e que les publications.<br \/>\nLe nom de l\u2019\u00e9v\u00e8nement pourra prendre la forme\u00a0: [Nom de l\u2019exposant] au salon [Nom du salon].<\/p>\n<p>N\u2019h\u00e9sitez pas \u00e0 nous ajouter en co-organisateur de votre \u00e9v\u00e8nement lors de sa cr\u00e9ation pour que l\u2019\u00e9v\u00e8nement soit aussi visible sur notre page Facebook. N\u2019oubliez pas d\u2019ajouter une description, le lieu du salon, ainsi que le lien pour que les personnes puissent demander leur entr\u00e9e. Pour cr\u00e9er un \u00e9v\u00e8nement rendez-vous sur la gauche de votre page Facebook dans la section \u00c9v\u00e8nements et cliquez simplement sur le bouton Cr\u00e9er un \u00e9v\u00e8nement.<\/p>\n<\/div>\n<p>&nbsp;<\/p>\n<p><strong>Karelle GEYER<\/strong><br \/>\nDirectrice du salon<br \/>\n<span style=\"color: #458c7f;\"><a style=\"color: #458c7f;\" href=\"mailto:karelle.geyer@thermalies.com\">karelle.geyer@thermalies.com<\/a><\/span><br \/>\nT\u00e9l. : +33 (0)1 77 37 63 24<\/p>\n<p>&nbsp;<\/p>\n<p><span style=\"color: #ed6e26;\"><span style=\"font-size: 18pt;\">\u00a0<\/span><\/span><\/p>\n","protected":false},"excerpt":{"rendered":"<p>T\u00e9l\u00e9chargez les outils de communication dont vous avez besoin : Affiche format A4 &nbsp; Logo &nbsp; Banni\u00e8re emailing format mobile paysage 580&#215;250 px &nbsp; Banni\u00e8re \u00ab\u00a0On y sera ! Et vous ?\u00a0\u00bb format Facebook 1200&#215;630 px &nbsp; Banni\u00e8re \u00ab\u00a0J&rsquo;expose au salon\u00a0\u00bb format 728&#215;90 px &nbsp; Banni\u00e8re emailing format desktop 600&#215;260 \u00ab\u00a0 &nbsp; Vous\u00a0souhaitez \u00eatre pr\u00e9sent&hellip; <\/p>\n","protected":false},"author":1,"featured_media":0,"parent":16,"menu_order":0,"comment_status":"closed","ping_status":"closed","template":"","meta":{"footnotes":""},"class_list":["post-1347","page","type-page","status-publish","hentry"],"aioseo_notices":[],"_links":{"self":[{"href":"https:\/\/www.thermalies.com\/paris\/wp-json\/wp\/v2\/pages\/1347","targetHints":{"allow":["GET"]}}],"collection":[{"href":"https:\/\/www.thermalies.com\/paris\/wp-json\/wp\/v2\/pages"}],"about":[{"href":"https:\/\/www.thermalies.com\/paris\/wp-json\/wp\/v2\/types\/page"}],"author":[{"embeddable":true,"href":"https:\/\/www.thermalies.com\/paris\/wp-json\/wp\/v2\/users\/1"}],"replies":[{"embeddable":true,"href":"https:\/\/www.thermalies.com\/paris\/wp-json\/wp\/v2\/comments?post=1347"}],"version-history":[{"count":19,"href":"https:\/\/www.thermalies.com\/paris\/wp-json\/wp\/v2\/pages\/1347\/revisions"}],"predecessor-version":[{"id":16220,"href":"https:\/\/www.thermalies.com\/paris\/wp-json\/wp\/v2\/pages\/1347\/revisions\/16220"}],"up":[{"embeddable":true,"href":"https:\/\/www.thermalies.com\/paris\/wp-json\/wp\/v2\/pages\/16"}],"wp:attachment":[{"href":"https:\/\/www.thermalies.com\/paris\/wp-json\/wp\/v2\/media?parent=1347"}],"curies":[{"name":"wp","href":"https:\/\/api.w.org\/{rel}","templated":true}]}}