{"id":13545,"date":"2024-07-11T11:00:14","date_gmt":"2024-07-11T09:00:14","guid":{"rendered":"https:\/\/www.thermalies.com\/paris\/?page_id=13545"},"modified":"2026-03-06T14:28:49","modified_gmt":"2026-03-06T13:28:49","slug":"les-ateliers-conferences-thermalisme","status":"publish","type":"page","link":"https:\/\/www.thermalies.com\/paris\/programme\/les-ateliers-conferences-thermalisme\/","title":{"rendered":"Les ateliers-conf\u00e9rences thermalisme"},"content":{"rendered":"<div class=\"relative basis-auto flex-col -mb-(--composer-overlap-px) [--composer-overlap-px:28px] grow flex\">\n<div class=\"flex flex-col text-sm pb-25\">\n<article class=\"text-token-text-primary w-full focus:outline-none [--shadow-height:45px] has-data-writing-block:pointer-events-none has-data-writing-block:-mt-(--shadow-height) has-data-writing-block:pt-(--shadow-height) [&amp;:has([data-writing-block])&gt;*]:pointer-events-auto [content-visibility:auto] supports-[content-visibility:auto]:[contain-intrinsic-size:auto_100lvh] scroll-mt-[calc(var(--header-height)+min(200px,max(70px,20svh)))]\" dir=\"auto\" tabindex=\"-1\" data-turn-id=\"d2b9c27e-4df8-4ad8-b01f-fa154d073e1d\" data-testid=\"conversation-turn-2\" data-scroll-anchor=\"true\" data-turn=\"assistant\">\n<div class=\"text-base my-auto mx-auto pb-10 [--thread-content-margin:--spacing(4)] @w-sm\/main:[--thread-content-margin:--spacing(6)] @w-lg\/main:[--thread-content-margin:--spacing(16)] px-(--thread-content-margin)\">\n<div class=\"[--thread-content-max-width:40rem] @w-lg\/main:[--thread-content-max-width:48rem] mx-auto max-w-(--thread-content-max-width) flex-1 group\/turn-messages focus-visible:outline-hidden relative flex w-full min-w-0 flex-col agent-turn\" tabindex=\"-1\">\n<div class=\"flex max-w-full flex-col grow\">\n<div class=\"min-h-8 text-message relative flex w-full flex-col items-end gap-2 text-start break-words whitespace-normal [.text-message+&amp;]:mt-1\" dir=\"auto\" data-message-author-role=\"assistant\" data-message-id=\"d74251a5-8ba5-4674-ba32-37a5bd9b6e11\" data-message-model-slug=\"gpt-5-mini\">\n<div class=\"flex w-full flex-col gap-1 empty:hidden first:pt-[1px]\">\n<div class=\"markdown prose dark:prose-invert w-full break-words light markdown-new-styling\">\n<h1 data-start=\"165\" data-end=\"192\"><span style=\"font-size: 24px;\">Les ateliers-conf\u00e9rences thermalisme 2027 seront prochainement communiqu\u00e9s<\/span><\/h1>\n<h2 data-start=\"176\" data-end=\"204\"><span style=\"color: #008080;\"><strong data-start=\"179\" data-end=\"204\">Jeudi 22 JANVIER 2026<\/strong><\/span><\/h2>\n<p data-start=\"206\" data-end=\"717\"><span style=\"color: #008080; font-size: 24px;\"><strong data-start=\"206\" data-end=\"221\">10H30-11H30 : <\/strong><\/span><span style=\"color: #008080; font-size: 24px;\"><strong data-start=\"224\" data-end=\"352\">\u201cAvec ma douleur, je ne peux pas\u2026\u201d \u2014 et si on vous prouvait le contraire ? Avec la Maison Sport Sant\u00e9 des Thermes de Balaruc<\/strong><\/span><br data-start=\"352\" data-end=\"355\" \/><span style=\"color: #000000;\"><strong data-start=\"355\" data-end=\"372\">Intervenant :<\/strong> Thierry Lacroix<\/span><br data-start=\"388\" data-end=\"391\" \/><span style=\"color: #000000;\"><strong data-start=\"391\" data-end=\"407\">Descriptif :<\/strong><\/span><br data-start=\"407\" data-end=\"410\" \/><span style=\"color: #000000;\">Vous avez mal et vous pensez que bouger est impossible ? Thierry montre comment le mouvement adapt\u00e9 peut devenir une sortie concr\u00e8te de la douleur, \u00e0 condition d\u2019\u00eatre progressif et bien dos\u00e9. Il pr\u00e9sente la Maison Sport Sant\u00e9 comme la solution encadr\u00e9e, rassurante et efficace pour reprendre en confiance.<\/span><\/p>\n<p data-start=\"719\" data-end=\"1304\"><span style=\"color: #008080; font-size: 24px;\"><strong data-start=\"719\" data-end=\"734\">11H45-12H45 : <\/strong><\/span><span style=\"color: #008080; font-size: 24px;\"><strong data-start=\"737\" data-end=\"772\">La douleur dans les rhumatismes<\/strong><\/span><br data-start=\"772\" data-end=\"775\" \/><span style=\"color: #000000;\"><strong data-start=\"775\" data-end=\"792\">Intervenant :<\/strong> Fran\u00e7oise Alliot-Launois<\/span><br data-start=\"817\" data-end=\"820\" \/><span style=\"color: #000000;\"><strong data-start=\"820\" data-end=\"836\">Descriptif :<\/strong><\/span><br data-start=\"836\" data-end=\"839\" \/><span style=\"color: #000000;\">La douleur dans les rhumatismes se manifeste par des articulations ou des r\u00e9gions du corps sensibles limitant les gestes au quotidien. L\u2019inflammation joue un r\u00f4le central lors des pouss\u00e9es douloureuses. Comment soulager ces douleurs, quels moyens pour les diminuer et retrouver une qualit\u00e9 de vie ? Des approches multiples comme les soins g\u00e9n\u00e9raux et locaux, les cures, accompagn\u00e9es d\u2019activit\u00e9s physiques adapt\u00e9es, apaisent les douleurs et favorisent l\u2019autonomie.<\/span><\/p>\n<p data-start=\"1306\" data-end=\"1632\"><span style=\"color: #008080; font-size: 24px;\"><strong data-start=\"1306\" data-end=\"1321\">13H00-14H00 : <\/strong><\/span><span style=\"color: #008080; font-size: 24px;\"><strong data-start=\"1324\" data-end=\"1368\">Mieux appr\u00e9hender sa maladie psoriasique<\/strong><\/span><br data-start=\"1368\" data-end=\"1371\" \/><span style=\"color: #000000;\"><strong data-start=\"1371\" data-end=\"1388\">Intervenant :<\/strong> Daphn\u00e9 Barbedette<\/span><br data-start=\"1406\" data-end=\"1409\" \/><span style=\"color: #000000;\"><strong data-start=\"1409\" data-end=\"1425\">Descriptif :<\/strong><\/span><br data-start=\"1425\" data-end=\"1428\" \/><span style=\"color: #000000;\">Comprendre sa maladie sous tous ses aspects, dans la forme cutan\u00e9e et rhumatismale, apprendre les gestes utiles au quotidien, briser sa solitude de malade. Et d\u00e9couvrir les bienfaits induits d\u2019une cure.<\/span><\/p>\n<p data-start=\"1634\" data-end=\"1805\"><span style=\"font-size: 24px; color: #008080;\"><strong data-start=\"1634\" data-end=\"1649\">14H15-15H15 : <\/strong><\/span><span style=\"font-size: 24px; color: #008080;\"><strong data-start=\"1652\" data-end=\"1667\">Thermassist<\/strong><\/span><br data-start=\"1667\" data-end=\"1670\" \/><span style=\"color: #000000;\"><strong data-start=\"1670\" data-end=\"1687\">Intervenant :<\/strong> Thomas Ellin<\/span><br data-start=\"1700\" data-end=\"1703\" \/><span style=\"color: #000000;\"><strong data-start=\"1703\" data-end=\"1719\">Descriptif :<\/strong><\/span><br data-start=\"1719\" data-end=\"1722\" \/><span style=\"color: #000000;\">Une d\u00e9monstration Thermassist : \u00ab\u00a0Comment cr\u00e9er son compte personnel Thermassist\u00a0\u00bb.<\/span><\/p>\n<p data-start=\"1807\" data-end=\"2303\"><span style=\"font-size: 24px; color: #008080;\"><strong data-start=\"1807\" data-end=\"1822\">15H30-16H30 : <\/strong><strong data-start=\"1825\" data-end=\"1879\">Bourbon-Lancy, La station thermale de Pleine Sant\u00e9<\/strong><\/span><br data-start=\"1879\" data-end=\"1882\" \/><span style=\"color: #000000;\"><strong data-start=\"1882\" data-end=\"1900\">Intervenants :<\/strong> Benjamin MONSSUS, Pr\u00e9sident-Directeur du Groupe Thermal de Bourbon-Lancy, et Lo\u00efc Machillot, Directeur de l&rsquo;Office de Tourisme et du Thermalisme de Bourbon-Lancy<\/span><br data-start=\"2062\" data-end=\"2065\" \/><span style=\"color: #000000;\"><strong data-start=\"2065\" data-end=\"2081\">Descriptif :<\/strong><\/span><br data-start=\"2081\" data-end=\"2084\" \/><span style=\"color: #000000;\">D\u00e9couvrez Bourbon-Lancy, Station Thermale de Pleine Sant\u00e9, o\u00f9 vous profitez d&rsquo;une offre exclusive et compl\u00e8te : Thermalisme, Bien-\u00eatre, Pr\u00e9vention Sant\u00e9, Tourisme&#8230; dans un environnement naturel pr\u00e9serv\u00e9 et apaisant.<\/span><\/p>\n<hr data-start=\"2305\" data-end=\"2308\" \/>\n<h2 data-start=\"2310\" data-end=\"2341\"><span style=\"color: #008080;\"><strong data-start=\"2313\" data-end=\"2341\">Vendredi 23 JANVIER 2026<\/strong><\/span><\/h2>\n<p data-start=\"2343\" data-end=\"2768\"><span style=\"font-size: 24px;\"><span style=\"color: #008080;\"><strong data-start=\"2343\" data-end=\"2358\">10H30-11H30 : <\/strong><\/span><span style=\"color: #008080;\"><strong data-start=\"2361\" data-end=\"2431\">Stop \u00e0 la douleur en solo : la cure qui remet du lien\u2026 et du mieux<\/strong><\/span><\/span><br data-start=\"2431\" data-end=\"2434\" \/><span style=\"color: #000000;\"><strong data-start=\"2434\" data-end=\"2451\">Intervenant :<\/strong> Paul Fran\u00e7ois Houvion<\/span><br data-start=\"2473\" data-end=\"2476\" \/><span style=\"color: #000000;\"><strong data-start=\"2476\" data-end=\"2492\">Descriptif :<\/strong><\/span><br data-start=\"2492\" data-end=\"2495\" \/><span style=\"color: #000000;\">La douleur isole : ici, on parle \u00e9coute, partage d\u2019exp\u00e9rience et r\u00e9ponses concr\u00e8tes. Paul Fran\u00e7ois montre pourquoi choisir une cure, c\u2019est exiger l\u2019excellence (soins, accompagnement, eau thermale) et pourquoi Balaruc est un choix qui aide \u00e0 reprendre le dessus, ensemble.<\/span><\/p>\n<p data-start=\"2770\" data-end=\"3369\"><span style=\"color: #008080; font-size: 24px;\"><strong data-start=\"2770\" data-end=\"2785\">11H45-12H45 : <\/strong><\/span><span style=\"color: #008080; font-size: 24px;\"><strong data-start=\"2788\" data-end=\"2812\">L\u2019arthrose se soigne<\/strong><\/span><br data-start=\"2812\" data-end=\"2815\" \/><span style=\"color: #000000;\"><strong data-start=\"2815\" data-end=\"2832\">Intervenant :<\/strong> Fran\u00e7oise Alliot-Launois<\/span><br data-start=\"2857\" data-end=\"2860\" \/><span style=\"color: #000000;\"><strong data-start=\"2860\" data-end=\"2876\">Descriptif :<\/strong><\/span><br data-start=\"2876\" data-end=\"2879\" \/><span style=\"color: #000000;\">Les id\u00e9es re\u00e7ues comme : l\u2019arthrose est \u00ab normale \u00bb avec l\u2019\u00e2ge ou que seule l\u2019usure du cartilage compte, ou que \u00ab bouger ab\u00eeme les articulations \u00bb sont fausses. Les traitements permettent de freiner l\u2019\u00e9volution de l\u2019arthrose mais ne peuvent \u00ab reconstruire \u00bb totalement le cartilage. Ces traitements reposent sur plusieurs approches : m\u00e9dicaments pour la douleur et l\u2019inflammation, m\u00e9dicaments contre l\u2019arthrose, exercice, perte de poids si n\u00e9cessaire, physioth\u00e9rapie et m\u00e9decine thermale.<\/span><\/p>\n<p data-start=\"3371\" data-end=\"3684\"><span style=\"color: #008080; font-size: 24px;\"><strong data-start=\"3371\" data-end=\"3386\">13H00-14H00 : <\/strong><strong data-start=\"3389\" data-end=\"3419\">Le sucre : Ami ou Ennemi ?<\/strong><\/span><br data-start=\"3419\" data-end=\"3422\" \/><span style=\"color: #000000;\"><strong data-start=\"3422\" data-end=\"3439\">Intervenant :<\/strong> Melody Chambert \/ Thermes Vals-les-Bains<\/span><br data-start=\"3480\" data-end=\"3483\" \/><span style=\"color: #000000;\"><strong data-start=\"3483\" data-end=\"3499\">Descriptif :<\/strong><\/span><br data-start=\"3499\" data-end=\"3502\" \/><span style=\"color: #000000;\">Il existe diff\u00e9rents sucres ! Sur le plan nutritionnel, lesquels sont les bons, lesquels sont \u00e0 limiter ? Faut-il tous les supprimer ? D\u00e9couvrez les clefs d&rsquo;une bonne alimentation.<\/span><\/p>\n<p data-start=\"3686\" data-end=\"4180\"><span style=\"font-size: 24px; color: #008080;\"><strong data-start=\"3686\" data-end=\"3701\">14H15-15H15 : <\/strong><strong data-start=\"3704\" data-end=\"3800\">Les Thermes de Bourbon-Lancy : l\u00e0 o\u00f9 sant\u00e9 rime avec bienfaits, authenticit\u00e9 et convivialit\u00e9<\/strong><\/span><br data-start=\"3800\" data-end=\"3803\" \/><span style=\"color: #000000;\"><strong data-start=\"3803\" data-end=\"3821\">Intervenants :<\/strong> Benjamin MONSSUS, Pr\u00e9sident-Directeur du Groupe Thermal de Bourbon-Lancy, et Marjorie Clerc, Responsable Projets Sant\u00e9 aux Thermes de Bourbon-Lancy<\/span><br data-start=\"3969\" data-end=\"3972\" \/><span style=\"color: #000000;\"><strong data-start=\"3972\" data-end=\"3988\">Descriptif :<\/strong><\/span><br data-start=\"3988\" data-end=\"3991\" \/><span style=\"color: #000000;\">D\u00e9couvrez les Thermes de Bourbon-Lancy : une exp\u00e9rience thermale unique pour se ressourcer, pr\u00e9venir et se soigner avec un accueil convivial, des soins de qualit\u00e9 et un cadre authentique.<\/span><\/p>\n<p data-start=\"4182\" data-end=\"4724\"><span style=\"color: #008080; font-size: 24px;\"><strong data-start=\"4182\" data-end=\"4197\">15H30-16H30 : <\/strong><strong data-start=\"4200\" data-end=\"4289\">Cure thermale et affections psychosomatiques \u2013 Stress, sommeil, surmenage, d\u00e9pression<\/strong><\/span><br data-start=\"4289\" data-end=\"4292\" \/><span style=\"color: #000000;\"><strong data-start=\"4292\" data-end=\"4310\">Intervenante :<\/strong> Charlotte Trey-Th\u00e9allet, psychologue aux Grands Thermes de Bagn\u00e8res de Bigorre \u2013 Occitanie Thermale \u2013 Stand C21<\/span><br data-start=\"4422\" data-end=\"4425\" \/><span style=\"color: #000000;\"><strong data-start=\"4425\" data-end=\"4441\">Descriptif :<\/strong><\/span><br data-start=\"4441\" data-end=\"4444\" \/><span style=\"color: #000000;\">Gr\u00e2ce aux propri\u00e9t\u00e9s de l\u2019eau riche en magn\u00e9sium et \u00e0 la coupure avec le quotidien, la cure thermale \u00e0 vis\u00e9e psychosomatique procure de r\u00e9els bienfaits pour retrouver un \u00e9quilibre \u00e9motionnel et psychologique. Une \u00e9quipe pluridisciplinaire experte prend soin de la sant\u00e9 mentale.<\/span><\/p>\n<hr data-start=\"4726\" data-end=\"4729\" \/>\n<h2 data-start=\"4731\" data-end=\"4760\"><span style=\"color: #008080;\"><strong data-start=\"4734\" data-end=\"4760\">Samedi 24 JANVIER 2026<\/strong><\/span><\/h2>\n<p data-start=\"4762\" data-end=\"5226\"><span style=\"font-size: 24px;\"><span style=\"color: #008080;\"><strong data-start=\"4762\" data-end=\"4777\">10H30-11H30 : <\/strong><\/span><span style=\"color: #008080;\"><strong data-start=\"4780\" data-end=\"4871\">Retrouver le sourire malgr\u00e9 la douleur : quand le thermalisme devient un nouveau d\u00e9part<\/strong><\/span><\/span><br data-start=\"4871\" data-end=\"4874\" \/><span style=\"color: #000000;\"><strong data-start=\"4874\" data-end=\"4891\">Intervenant :<\/strong> Dr Hugues Desfour<\/span><br data-start=\"4909\" data-end=\"4912\" \/><span style=\"color: #000000;\"><strong data-start=\"4912\" data-end=\"4928\">Descriptif :<\/strong><\/span><br data-start=\"4928\" data-end=\"4931\" \/><span style=\"color: #000000;\">Comprendre pourquoi la douleur chronique s\u2019installe et comment une cure \u00e0 Balaruc peut agir sur plusieurs leviers (douleur, mobilit\u00e9, sommeil, qualit\u00e9 de vie). Une conf\u00e9rence qui donne des rep\u00e8res clairs pour faire de son s\u00e9jour thermal un vrai tournant et repartir avec un mieux-\u00eatre durable.<\/span><\/p>\n<p data-start=\"5228\" data-end=\"5523\"><span style=\"color: #008080; font-size: 24px;\"><strong data-start=\"5228\" data-end=\"5243\">11H45-12H45 : <\/strong><\/span><span style=\"color: #008080; font-size: 24px;\"><strong data-start=\"5246\" data-end=\"5285\">Apprivoiser son stress au quotidien<\/strong><\/span><br data-start=\"5285\" data-end=\"5288\" \/><span style=\"color: #000000;\"><strong data-start=\"5288\" data-end=\"5306\">Intervenante :<\/strong> Jo\u00eblle Tareau \/ Thermes Vals-les-Bains<\/span><br data-start=\"5345\" data-end=\"5348\" \/><span style=\"color: #000000;\"><strong data-start=\"5348\" data-end=\"5364\">Descriptif :<\/strong><\/span><br data-start=\"5364\" data-end=\"5367\" \/><span style=\"color: #000000;\">Qu&rsquo;est-ce que le stress ? Quel impact sur notre sant\u00e9 ? Des solutions existent pour r\u00e9duire le stress, sans baguette magique, avec un peu de pers\u00e9v\u00e9rance.<\/span><\/p>\n<p data-start=\"5525\" data-end=\"5933\"><span style=\"color: #008080; font-size: 24px;\"><strong data-start=\"5525\" data-end=\"5540\">13H00-14H00 : <\/strong><\/span><span style=\"color: #008080; font-size: 24px;\"><strong data-start=\"5543\" data-end=\"5619\">Royat-Chamali\u00e8res : \u00e0 la d\u00e9couverte d\u2019une station entre ville et volcans<\/strong><\/span><br data-start=\"5619\" data-end=\"5622\" \/><span style=\"color: #000000;\"><strong data-start=\"5622\" data-end=\"5641\">Intervenantes :<\/strong> Ana\u00efs Malvielle et Karen Giraud<\/span><br data-start=\"5673\" data-end=\"5676\" \/><span style=\"color: #000000;\"><strong data-start=\"5676\" data-end=\"5692\">Descriptif :<\/strong><\/span><br data-start=\"5692\" data-end=\"5695\" \/><span style=\"color: #000000;\">Venez d\u00e9couvrir notre station thermale nich\u00e9e au c\u0153ur de la France. Royat\/Chamali\u00e8res offre une double exp\u00e9rience inoubliable : soins thermaux uniques et d\u00e9couvertes pour amoureux de la nature, passionn\u00e9s d\u2019histoire et fins gastronomes.<\/span><\/p>\n<p data-start=\"5935\" data-end=\"6262\"><span style=\"font-size: 24px; color: #008080;\"><strong data-start=\"5935\" data-end=\"5950\">14H15-15H15 : <\/strong><strong data-start=\"5953\" data-end=\"5997\">Mieux appr\u00e9hender sa maladie psoriasique<\/strong><\/span><br data-start=\"5997\" data-end=\"6000\" \/><span style=\"color: #000000;\"><strong data-start=\"6000\" data-end=\"6018\">Intervenante :<\/strong> Daphn\u00e9 Barbedette<\/span><br data-start=\"6036\" data-end=\"6039\" \/><span style=\"color: #000000;\"><strong data-start=\"6039\" data-end=\"6055\">Descriptif :<\/strong><\/span><br data-start=\"6055\" data-end=\"6058\" \/><span style=\"color: #000000;\">Comprendre sa maladie sous tous ses aspects, dans la forme cutan\u00e9e et rhumatismale, apprendre les gestes utiles au quotidien, briser sa solitude de malade. Et d\u00e9couvrir les bienfaits induits d\u2019une cure.<\/span><\/p>\n<p data-start=\"6264\" data-end=\"6713\"><span style=\"color: #008080; font-size: 24px;\"><strong data-start=\"6264\" data-end=\"6279\">15H30-16H30 : <\/strong><strong data-start=\"6282\" data-end=\"6335\">Les bienfaits du thermalisme dans la fibromyalgie<\/strong><\/span><br data-start=\"6335\" data-end=\"6338\" \/><span style=\"color: #000000;\"><strong data-start=\"6338\" data-end=\"6357\">Intervenantes :<\/strong> Ghyslaine Baron, Pr\u00e9sidente d&rsquo;honneur, et Nadine Randon, Pr\u00e9sidente de FibromyalgieSOS<\/span><br data-start=\"6444\" data-end=\"6447\" \/><span style=\"color: #000000;\"><strong data-start=\"6447\" data-end=\"6463\">Descriptif :<\/strong><\/span><br data-start=\"6463\" data-end=\"6466\" \/><span style=\"color: #000000;\">La fibromyalgie est une pathologie complexe tant pour le corps m\u00e9dical que pour les patients. FibromyalgieSOS a particip\u00e9 \u00e0 l\u2019\u00e9laboration d\u2019un programme de soins thermaux (Fibr&rsquo;Eaux), valid\u00e9 par l\u2019ARS, qui a fait ses preuves aupr\u00e8s des patients.<\/span><\/p>\n<hr data-start=\"6715\" data-end=\"6718\" \/>\n<h2 data-start=\"6720\" data-end=\"6751\"><span style=\"color: #008080;\"><strong data-start=\"6723\" data-end=\"6751\">Dimanche 25 JANVIER 2026<\/strong><\/span><\/h2>\n<p data-start=\"6753\" data-end=\"7092\"><span style=\"font-size: 24px;\"><span style=\"color: #008080;\"><strong data-start=\"6753\" data-end=\"6768\">10H30-11H30 : <\/strong><\/span><span style=\"color: #008080;\"><strong data-start=\"6771\" data-end=\"6808\">La br\u00fblure, une cicatrice sociale<\/strong><\/span><\/span><br data-start=\"6808\" data-end=\"6811\" \/><span style=\"color: #000000;\"><strong data-start=\"6811\" data-end=\"6829\">Intervenants :<\/strong> Martine Nel-Omeyer (Pr\u00e9sidente), Thierry Parin (Vice-pr\u00e9sident), Pascale Delphino (Antenne Rh\u00f4ne-Alpes)<\/span><br data-start=\"6933\" data-end=\"6936\" \/><span style=\"color: #000000;\"><strong data-start=\"6936\" data-end=\"6952\">Descriptif :<\/strong><\/span><br data-start=\"6952\" data-end=\"6955\" \/><span style=\"color: #000000;\">L\u2019Association des Br\u00fbl\u00e9s de France : ses buts et ses actions, le parcours de soins d&rsquo;une victime de br\u00fblures, et la cure th\u00e9rapeutique<\/span><\/p>\n<\/div>\n<\/div>\n<\/div>\n<\/div>\n<\/div>\n<\/div>\n<\/article>\n<\/div>\n<\/div>\n","protected":false},"excerpt":{"rendered":"<p>Les ateliers-conf\u00e9rences thermalisme 2027 seront prochainement communiqu\u00e9s Jeudi 22 JANVIER 2026 10H30-11H30 : \u201cAvec ma douleur, je ne peux pas\u2026\u201d \u2014 et si on vous prouvait le contraire ? Avec la Maison Sport Sant\u00e9 des Thermes de BalarucIntervenant : Thierry LacroixDescriptif :Vous avez mal et vous pensez que bouger est impossible ? Thierry montre comment&hellip; <\/p>\n","protected":false},"author":10,"featured_media":0,"parent":14,"menu_order":0,"comment_status":"closed","ping_status":"closed","template":"","meta":{"footnotes":""},"class_list":["post-13545","page","type-page","status-publish","hentry"],"aioseo_notices":[],"_links":{"self":[{"href":"https:\/\/www.thermalies.com\/paris\/wp-json\/wp\/v2\/pages\/13545","targetHints":{"allow":["GET"]}}],"collection":[{"href":"https:\/\/www.thermalies.com\/paris\/wp-json\/wp\/v2\/pages"}],"about":[{"href":"https:\/\/www.thermalies.com\/paris\/wp-json\/wp\/v2\/types\/page"}],"author":[{"embeddable":true,"href":"https:\/\/www.thermalies.com\/paris\/wp-json\/wp\/v2\/users\/10"}],"replies":[{"embeddable":true,"href":"https:\/\/www.thermalies.com\/paris\/wp-json\/wp\/v2\/comments?post=13545"}],"version-history":[{"count":37,"href":"https:\/\/www.thermalies.com\/paris\/wp-json\/wp\/v2\/pages\/13545\/revisions"}],"predecessor-version":[{"id":16577,"href":"https:\/\/www.thermalies.com\/paris\/wp-json\/wp\/v2\/pages\/13545\/revisions\/16577"}],"up":[{"embeddable":true,"href":"https:\/\/www.thermalies.com\/paris\/wp-json\/wp\/v2\/pages\/14"}],"wp:attachment":[{"href":"https:\/\/www.thermalies.com\/paris\/wp-json\/wp\/v2\/media?parent=13545"}],"curies":[{"name":"wp","href":"https:\/\/api.w.org\/{rel}","templated":true}]}}