{"id":14832,"date":"2025-01-06T14:49:59","date_gmt":"2025-01-06T13:49:59","guid":{"rendered":"https:\/\/www.thermalies.com\/paris\/?page_id=14832"},"modified":"2026-01-05T17:49:19","modified_gmt":"2026-01-05T16:49:19","slug":"vieux","status":"publish","type":"page","link":"https:\/\/www.thermalies.com\/paris\/pressepartenaires\/espace-partenaires\/vieux\/","title":{"rendered":"Vieux"},"content":{"rendered":"<p><img decoding=\"async\" class=\"wp-image-14822 alignleft\" src=\"http:\/\/www.thermalies.com\/paris\/wp-content\/uploads\/2025\/01\/Vieux_logo_noir100_page-0001-300x73.jpg\" alt=\"\" width=\"366\" height=\"89\" \/><\/p>\n<p>&nbsp;<\/p>\n<p>&nbsp;<\/p>\n<p><span style=\"color: #000000;\"><a style=\"color: #000000;\" href=\"https:\/\/www.jemabonne.fr\/magazine-vieux.html\"><em>VIEUX<\/em><\/a> est un magazine trimestriel atypique et inspirant, d\u00e9di\u00e9 \u00e0 celles et ceux qui embrassent la richesse de l\u2019exp\u00e9rience et du temps qui passe. Avec sagesse, expertise et une touche d\u2019humour, il aborde de grandes th\u00e9matiques d\u2019actualit\u00e9 telles que :<\/span><\/p>\n<ul style=\"list-style-type: circle;\">\n<li><span style=\"color: #000000;\"><strong>Philosophie et transmission<\/strong> : R\u00e9flexions sur les valeurs et le partage interg\u00e9n\u00e9rationnel.<\/span><\/li>\n<li><span style=\"color: #000000;\"><strong>Sant\u00e9 et beaut\u00e9<\/strong> : Conseils pour vieillir avec \u00e9l\u00e9gance et s\u00e9r\u00e9nit\u00e9.<\/span><\/li>\n<li><span style=\"color: #000000;\"><strong>Engagement et environnement<\/strong> : Focus sur des initiatives et des enjeux durables.<\/span><\/li>\n<li><span style=\"color: #000000;\"><strong>Culture et voyage<\/strong> : Litt\u00e9rature, musique, d\u00e9couvertes et r\u00e9cits inspirants.<\/span><\/li>\n<\/ul>\n<p><span style=\"color: #000000;\">Son ton d\u00e9cal\u00e9 et bienveillant invite les lecteurs \u00e0 voir l\u2019\u00e2ge non comme une contrainte, mais comme un tr\u00e9sor d\u2019exp\u00e9rience \u00e0 cultiver. Fid\u00e8le \u00e0 son slogan, <em>\u00ab\u00a0le magazine qu\u2019on finira tous par lire,\u00a0\u00bb<\/em> <em>VIEUX<\/em> c\u00e9l\u00e8bre la sagesse sous toutes ses formes.<\/span><\/p>\n<p><span style=\"color: #000000;\">Disponible en version papier et num\u00e9rique, ce magazine s\u2019impose comme une lecture enrichissante, \u00e0 la fois l\u00e9g\u00e8re et profonde, pour aborder le passage du temps avec optimisme et humour.<\/span><\/p>\n","protected":false},"excerpt":{"rendered":"<p>&nbsp; &nbsp; VIEUX est un magazine trimestriel atypique et inspirant, d\u00e9di\u00e9 \u00e0 celles et ceux qui embrassent la richesse de l\u2019exp\u00e9rience et du temps qui passe. Avec sagesse, expertise et une touche d\u2019humour, il aborde de grandes th\u00e9matiques d\u2019actualit\u00e9 telles que : Philosophie et transmission : R\u00e9flexions sur les valeurs et le partage interg\u00e9n\u00e9rationnel. Sant\u00e9&hellip; <\/p>\n","protected":false},"author":7,"featured_media":0,"parent":526,"menu_order":0,"comment_status":"closed","ping_status":"closed","template":"","meta":{"footnotes":""},"class_list":["post-14832","page","type-page","status-publish","hentry"],"aioseo_notices":[],"_links":{"self":[{"href":"https:\/\/www.thermalies.com\/paris\/wp-json\/wp\/v2\/pages\/14832","targetHints":{"allow":["GET"]}}],"collection":[{"href":"https:\/\/www.thermalies.com\/paris\/wp-json\/wp\/v2\/pages"}],"about":[{"href":"https:\/\/www.thermalies.com\/paris\/wp-json\/wp\/v2\/types\/page"}],"author":[{"embeddable":true,"href":"https:\/\/www.thermalies.com\/paris\/wp-json\/wp\/v2\/users\/7"}],"replies":[{"embeddable":true,"href":"https:\/\/www.thermalies.com\/paris\/wp-json\/wp\/v2\/comments?post=14832"}],"version-history":[{"count":4,"href":"https:\/\/www.thermalies.com\/paris\/wp-json\/wp\/v2\/pages\/14832\/revisions"}],"predecessor-version":[{"id":16304,"href":"https:\/\/www.thermalies.com\/paris\/wp-json\/wp\/v2\/pages\/14832\/revisions\/16304"}],"up":[{"embeddable":true,"href":"https:\/\/www.thermalies.com\/paris\/wp-json\/wp\/v2\/pages\/526"}],"wp:attachment":[{"href":"https:\/\/www.thermalies.com\/paris\/wp-json\/wp\/v2\/media?parent=14832"}],"curies":[{"name":"wp","href":"https:\/\/api.w.org\/{rel}","templated":true}]}}