{"id":14834,"date":"2025-01-06T14:51:37","date_gmt":"2025-01-06T13:51:37","guid":{"rendered":"https:\/\/www.thermalies.com\/paris\/?page_id=14834"},"modified":"2026-01-05T12:54:58","modified_gmt":"2026-01-05T11:54:58","slug":"geo","status":"publish","type":"page","link":"https:\/\/www.thermalies.com\/paris\/pressepartenaires\/espace-partenaires\/geo\/","title":{"rendered":"GEO"},"content":{"rendered":"<p>&nbsp;<\/p>\n<p><img decoding=\"async\" class=\"alignnone size-medium wp-image-14821 aligncenter\" src=\"http:\/\/www.thermalies.com\/paris\/wp-content\/uploads\/2025\/01\/Logo_GEO_Magazine.svg_-300x117.png\" alt=\"\" width=\"300\" height=\"117\" srcset=\"https:\/\/www.thermalies.com\/paris\/wp-content\/uploads\/2025\/01\/Logo_GEO_Magazine.svg_-300x117.png 300w, https:\/\/www.thermalies.com\/paris\/wp-content\/uploads\/2025\/01\/Logo_GEO_Magazine.svg_-150x59.png 150w, https:\/\/www.thermalies.com\/paris\/wp-content\/uploads\/2025\/01\/Logo_GEO_Magazine.svg_-500x195.png 500w, https:\/\/www.thermalies.com\/paris\/wp-content\/uploads\/2025\/01\/Logo_GEO_Magazine.svg_-600x234.png 600w, https:\/\/www.thermalies.com\/paris\/wp-content\/uploads\/2025\/01\/Logo_GEO_Magazine.svg_.png 640w\" sizes=\"(max-width: 300px) 100vw, 300px\" \/><\/p>\n<p>&nbsp;<\/p>\n<p><span style=\"color: #000000;\"><a href=\"https:\/\/www.geo.fr\/\"><em>GEO<\/em><\/a> est un magazine mensuel incontournable pour les passionn\u00e9s de voyages, de d\u00e9couverte et de compr\u00e9hension du monde. Depuis sa cr\u00e9ation en 1979, il propose des reportages visuels et \u00e9ditoriaux d\u2019une qualit\u00e9 exceptionnelle, qui transportent ses lecteurs aux quatre coins de la plan\u00e8te.<\/span><\/p>\n<p><span style=\"color: #000000;\">Les th\u00e9matiques abord\u00e9es incluent :<\/span><\/p>\n<ul>\n<li><span style=\"color: #000000;\"><strong>Voyages et nature<\/strong> : Exploration de lieux fascinants et immersions au sein de paysages grandioses.<\/span><\/li>\n<li><span style=\"color: #000000;\"><strong>Cultures et civilisations<\/strong> : Histoires et traditions des peuples du monde.<\/span><\/li>\n<li><span style=\"color: #000000;\"><strong>Environnement et enjeux globaux<\/strong> : Articles engag\u00e9s sur la pr\u00e9servation de la plan\u00e8te et les d\u00e9fis environnementaux.<\/span><\/li>\n<\/ul>\n<p><span style=\"color: #000000;\">Avec ses photographies spectaculaires et son \u00e9criture immersive, <em>GEO<\/em> se distingue par sa capacit\u00e9 \u00e0 capturer l\u2019essence des endroits et des sujets qu\u2019il explore. Il offre un moment d\u2019\u00e9vasion tout en sensibilisant ses lecteurs aux r\u00e9alit\u00e9s du monde contemporain.<\/span><\/p>\n<p><span style=\"color: #000000;\">Disponible en version papier, num\u00e9rique et sur ses plateformes interactives, <em>GEO<\/em> reste une r\u00e9f\u00e9rence pour s\u2019\u00e9vader, s\u2019informer, et r\u00eaver.<\/span><\/p>\n","protected":false},"excerpt":{"rendered":"<p>&nbsp; &nbsp; GEO est un magazine mensuel incontournable pour les passionn\u00e9s de voyages, de d\u00e9couverte et de compr\u00e9hension du monde. Depuis sa cr\u00e9ation en 1979, il propose des reportages visuels et \u00e9ditoriaux d\u2019une qualit\u00e9 exceptionnelle, qui transportent ses lecteurs aux quatre coins de la plan\u00e8te. Les th\u00e9matiques abord\u00e9es incluent : Voyages et nature : Exploration&hellip; <\/p>\n","protected":false},"author":7,"featured_media":0,"parent":526,"menu_order":0,"comment_status":"closed","ping_status":"closed","template":"","meta":{"footnotes":""},"class_list":["post-14834","page","type-page","status-publish","hentry"],"aioseo_notices":[],"_links":{"self":[{"href":"https:\/\/www.thermalies.com\/paris\/wp-json\/wp\/v2\/pages\/14834","targetHints":{"allow":["GET"]}}],"collection":[{"href":"https:\/\/www.thermalies.com\/paris\/wp-json\/wp\/v2\/pages"}],"about":[{"href":"https:\/\/www.thermalies.com\/paris\/wp-json\/wp\/v2\/types\/page"}],"author":[{"embeddable":true,"href":"https:\/\/www.thermalies.com\/paris\/wp-json\/wp\/v2\/users\/7"}],"replies":[{"embeddable":true,"href":"https:\/\/www.thermalies.com\/paris\/wp-json\/wp\/v2\/comments?post=14834"}],"version-history":[{"count":3,"href":"https:\/\/www.thermalies.com\/paris\/wp-json\/wp\/v2\/pages\/14834\/revisions"}],"predecessor-version":[{"id":16270,"href":"https:\/\/www.thermalies.com\/paris\/wp-json\/wp\/v2\/pages\/14834\/revisions\/16270"}],"up":[{"embeddable":true,"href":"https:\/\/www.thermalies.com\/paris\/wp-json\/wp\/v2\/pages\/526"}],"wp:attachment":[{"href":"https:\/\/www.thermalies.com\/paris\/wp-json\/wp\/v2\/media?parent=14834"}],"curies":[{"name":"wp","href":"https:\/\/api.w.org\/{rel}","templated":true}]}}