{"id":15305,"date":"2025-01-09T09:33:54","date_gmt":"2025-01-09T08:33:54","guid":{"rendered":"https:\/\/www.thermalies.com\/paris\/?page_id=15305"},"modified":"2025-01-09T09:34:30","modified_gmt":"2025-01-09T08:34:30","slug":"les-talks-thermalies","status":"publish","type":"page","link":"https:\/\/www.thermalies.com\/paris\/programme\/les-ateliers-conferences-thermalisme\/les-talks-thermalies\/","title":{"rendered":"Les Talks Thermalies"},"content":{"rendered":"<h2><span style=\"color: #0c5356;\">Programme Conf\u00e9rences Talks 2024<\/span><\/h2>\n<p>Retrouvez des \u00e9changes interactifs propos\u00e9s par nos exposants, experts, m\u00e9decins,auteurs, influenceurs sur des sujets bien \u00eatre et sant\u00e9 d\u2019actualit\u00e9.<\/p>\n<p><span style=\"text-decoration: underline; color: #458c7f;\"><strong>Jeudi 25 janvier<\/strong><\/span><\/p>\n<p><span style=\"color: #458c7f;\"><strong>11h00 \u00e0 12h00<\/strong><\/span><\/p>\n<p><span style=\"color: #458c7f;\"><strong>Cuisine Ethique, Sofitel Golfe d\u2019Ajaccio Thalassa Sea &amp; Spa<\/strong><\/span><\/p>\n<p>L&rsquo;objectif de la cuisine \u00e9thique au Sofitel Golfe d\u2019Ajaccio Thalassa sea &amp; spa est de favoriser la sant\u00e9 holistique des clients, en offrant des repas d\u00e9licieux et nutritifs qui contribuent \u00e0 leur bien-\u00eatre physique tout en respectant les principes \u00e9thiques et durables.<\/p>\n<p><span style=\"color: #0c5356;\"><strong>St\u00e9phanie GUEROULT,<\/strong> <strong>Responsable Communication &amp; \u00c9v\u00e9nementiel &#8211; Thalassa Sea &amp; Spa \/ stand E07<\/strong><\/span><\/p>\n<p>&nbsp;<\/p>\n<p><span style=\"color: #458c7f;\"><strong>12h30 \u00e0 13h30<\/strong><\/span><\/p>\n<p><span style=\"color: #458c7f;\"><strong>Cure Douce Renaissance <\/strong><\/span><\/p>\n<p>Programme d\u2019accompagnement post cancer orchestr\u00e9 par notre kin\u00e9, sp\u00e9cialis\u00e9e en oncologie et s\u00e9nologie, Isabelle Cabela.<\/p>\n<p><span style=\"color: #0c5356;\"><strong>Isabelle CABELA &#8211; Roz Marine \/ stand G15<\/strong><\/span><\/p>\n<p>&nbsp;<\/p>\n<p><span style=\"color: #458c7f;\"><strong>14h00 \u00e0 15h00<\/strong><\/span><\/p>\n<p><span style=\"color: #458c7f;\"><strong>Programmes sportifs, Sofitel Quiberon Thalassa Sea &amp; Spa <\/strong><\/span><\/p>\n<p>Pour un travail physique adapt\u00e9 \u00e0 votre niveau et \u00e0 votre objectif, de nouveaux programmes sportifs qui conviennent \u00e0 toute personne qui veut se remettre au sport, ou ayant une pratique r\u00e9guli\u00e8re souhaitant b\u00e9n\u00e9ficier d\u2019un accompagnement exclusif r\u00e9pondant pr\u00e9cis\u00e9ment \u00e0 ses besoins en choisissant le mode coaching adapt\u00e9.<\/p>\n<p><span style=\"color: #0c5356;\"><strong>Johann Guy, Directeur institut &amp; Ana\u00efs KHOBZI, Responsable Communication &#8211; <\/strong><strong>Thalassa Sea &amp; Spa \/ stand E07<\/strong><\/span><\/p>\n<p>&nbsp;<\/p>\n<p><span style=\"color: #458c7f;\"><strong>15h30 \u00e0 16h30<\/strong><\/span><\/p>\n<p><span style=\"color: #458c7f;\"><strong>Cure Maman b\u00e9b\u00e9 \u2013 Sofitel Biarritz Le Miramar Thalassa Sea &amp; Spa <\/strong><\/span><\/p>\n<p>L\u2019objectif du programme Maman-B\u00e9b\u00e9 est de permettre aux mamans de vivre une transition en douceur vers la parentalit\u00e9 tout en profitant de soins haut de gamme, de moments uniques de partage maman-b\u00e9b\u00e9 et des espaces bien-\u00eatre de notre h\u00f4tel 5*. Le programme cr\u00e9\u00e9 en collaboration avec Laura Baril, Doula form\u00e9e \u00e0 l\u2019accompagnement des mamans en post-partum, est con\u00e7u pour s\u2019adapter aux envies et \u00e0 l\u2019emploi du temps des mamans, avec des s\u00e9jours allant de 4 \u00e0 6 jours, avec ou sans h\u00e9bergement.<\/p>\n<p><span style=\"color: #0c5356;\"><strong>Sophie Montagnon, Directrice institut &amp; Chlo\u00e9 B\u00e9lis, Responsable communication &#8211; Thalassa Sea &amp; Spa \/ stand E07<\/strong><\/span><\/p>\n<p>&nbsp;<\/p>\n<p><span style=\"color: #458c7f;\"><strong>16h30 \u00e0 17h30<\/strong><\/span><\/p>\n<p><span style=\"color: #458c7f;\"><strong>Une cure \u00e0 Pornic pour faire la paix avec ses intestins en collaboration avec Ginette et Josiane<\/strong><\/span><\/p>\n<p>Depuis plusieurs ann\u00e9es, la Thalasso de Pornic attache une importance particuli\u00e8re au ventre et aux troubles digestifs. En 2024, Alliance Pornic va encore plus loin et collabore avec Audrey Lienard et Audrey Ho Van Cam, les fondatrices de Ginette et Josiane, la premi\u00e8re plateforme d\u2019accompagnement d\u00e9di\u00e9e au Syndrome de l\u2019Intestin Irritable et aux pathologies digestives, \u00e9galement auteures de \u00ab Vivre en paix avec ses intestins \u00bb des \u00e9ditions Larousse, pour partager toutes les cl\u00e9s d\u2019un quotidien plus digeste et apais\u00e9<i>.<\/i><\/p>\n<p><span style=\"color: #0c5356;\"><strong>Audrey Lienard et Audrey Ho Van Cam, Fondatrices de Ginette et Josiane \u2013 Alliance Pornic \/ stand E14<\/strong><\/span><\/p>\n<p>&nbsp;<\/p>\n<p><span style=\"text-decoration: underline; color: #458c7f;\"><strong>Vendredi 26 janvier<\/strong><strong>\u00a0<\/strong><\/span><\/p>\n<p><span style=\"color: #458c7f;\"><strong>11h00 \u00e0 12h00<\/strong><\/span><\/p>\n<p><span style=\"color: #458c7f;\"><strong>Cure Douce Renaissance <\/strong><\/span><\/p>\n<p>Programme d\u2019accompagnement post cancer orchestr\u00e9 par notre kin\u00e9, sp\u00e9cialis\u00e9e en oncologie et s\u00e9nologie, Isabelle Cabela.<\/p>\n<p><span style=\"color: #0c5356;\"><strong>Isabelle CABELA &#8211; Roz Marine \/ stand G15<\/strong><\/span><\/p>\n<p>&nbsp;<\/p>\n<p><span style=\"color: #458c7f;\"><strong>12h30 \u00e0 13h30<\/strong><\/span><\/p>\n<p><span style=\"color: #458c7f;\"><strong>Les pratiques thermales en voies respiratoires, dermatologie et post-cancer \u00e0 La Bourboule<\/strong><\/span><\/p>\n<p>Pr\u00e9sentation des Grands Thermes de La Bourboule, leurs orientations th\u00e9rapeutiques, la composition et les vertus de leur eau thermale et les diff\u00e9rentes techniques de soins ; zoom sur les cures post-cancer et les mini-cures de pr\u00e9vention sant\u00e9<\/p>\n<p><span style=\"color: #0c5356;\"><strong>Eliane PAPON \u2013 La Bourboule Thermes \/ stand C14<\/strong><\/span><\/p>\n<p>&nbsp;<\/p>\n<p><span style=\"color: #458c7f;\"><strong>14h00 \u00e0 15h00<\/strong><\/span><\/p>\n<p><span style=\"color: #458c7f;\"><strong>Ma cure Respiratoire avec Papi et Mamie<\/strong><\/span><\/p>\n<p>Thermalisme \u00e0 tous \u00e2ges, grands-parents &amp; petits enfants.<\/p>\n<p><span style=\"color: #0c5356;\"><strong>Ludovic Lerche, infirmier \u2013 Domaine de Marlioz \/ stand C14<\/strong><\/span><\/p>\n<p>&nbsp;<\/p>\n<p><span style=\"color: #458c7f;\"><strong>15h30 \u00e0 16h30<\/strong><\/span><\/p>\n<p><span style=\"color: #458c7f;\"><strong>Les villes thermales italiennes : un coffre aux tr\u00e9sors<\/strong><\/span><\/p>\n<p>Art, histoire, gastronomie, paysages. Et bien s\u00fbr, les eaux thermales, abondantes et vari\u00e9es. Les communes thermales italiennes offrent de nombreux attraits \u00e0 leurs visiteurs. Chacune d&rsquo;entre elles, des plus connues aux moins connues, repr\u00e9sente un tr\u00e9sor \u00e0 d\u00e9couvrir avec ses eaux thermales qui vous surprendront par leurs propri\u00e9t\u00e9s. Abondantes et diversifi\u00e9es, gr\u00e2ce \u00e0 la conformation g\u00e9ologique particuli\u00e8re d&rsquo;un territoire fascinant et unique, les eaux thermales italiennes se distinguent par l&rsquo;extraordinaire vari\u00e9t\u00e9 de leurs compositions et de leurs propri\u00e9t\u00e9s.<\/p>\n<p><span style=\"color: #0c5356;\"><strong>Franca Roso, Pr\u00e9sidente de l&rsquo;A.N.Co.T \u2013 A.N.Co.T \/ stand G20<\/strong><\/span><\/p>\n<p>&nbsp;<\/p>\n<p><span style=\"text-decoration: underline; color: #458c7f;\"><strong>Samedi 27 janvier<\/strong><\/span><\/p>\n<p><span style=\"color: #458c7f;\"><strong>11h00 \u00e0 12h00<\/strong><\/span><\/p>\n<p><span style=\"color: #458c7f;\"><strong>La m\u00e9nopause : un nouvel \u00e9quilibre<\/strong><\/span><\/p>\n<p>La m\u00e9nopause, \u00e9tape incontournable, marque un profond changement dans la vie d\u2019une femme. Sophie Kune accompagne les femmes \u00e0 traverser la m\u00e9nopause de fa\u00e7on positive.<\/p>\n<p><span style=\"color: #0c5356;\"><strong>Sophie Kune (auteure du livre Game is not ovaire) \/\u00a0 Docteur Michel Mouly \u2013 Thalazur \/ stand E13<\/strong><\/span><\/p>\n<p><span style=\"color: #458c7f;\"><strong>12h30 \u00e0 13h30<\/strong><\/span><\/p>\n<p><span style=\"color: #458c7f;\"><strong>La gestion du stress au quotidien<\/strong><\/span><\/p>\n<p>Comprendre, apprivoiser et ma\u00eetriser les ressources pour g\u00e9rer son stress au quotidien. Entre cure thermale, mini-cure et pr\u00e9vention sant\u00e9, d\u00e9couvrez les cl\u00e9s et outils pour soigner son stress, naturellement.<\/p>\n<p><span style=\"color: #0c5356;\"><strong>Thierry Thomas, Consultant-Conf\u00e9rencier-Auteur-Expert en coh\u00e9rence cardiaque &amp; Lo\u00efc Machillot, Directeur des Thermes de Bourbon-Lancy \u2013 Bourbon Lancy-Thermes \/ stand C14<\/strong><\/span><\/p>\n<p>&nbsp;<\/p>\n<p><span style=\"color: #458c7f;\"><strong>14h00 \u00e0 15h00<\/strong><\/span><\/p>\n<p><span style=\"color: #458c7f;\"><strong>Thermes de Lurisia et Gambassi, deux r\u00e9alit\u00e9s thermales \u00e0 d\u00e9couvrir<\/strong><\/span><\/p>\n<p>Diff\u00e9rents en termes de localisation, de type d&rsquo;eaux, de pr\u00e9rogatives et de particularit\u00e9s, Lurisia, un hameau de Roccaforte di Mondov\u00ec, dans le Pi\u00e9mont, et Gambassi Terme, en Toscane, sont d&rsquo;excellents exemples de la fa\u00e7on dont tout s\u00e9jour dans une station thermale italienne peut r\u00e9server des d\u00e9couvertes extraordinaires en termes de paysage, d&rsquo;histoire et de culture.<\/p>\n<p><span style=\"color: #0c5356;\"><strong>Franca Roso, Pr\u00e9sidente de l&rsquo;A.N.Co.T, Paolo Campinoti Maire des Thermes de Gambassi \u2013 A.N.Co.T \/ stand G20<\/strong><\/span><\/p>\n<p>&nbsp;<\/p>\n<p><span style=\"color: #458c7f;\"><strong>15h30 \u00e0 16h30<\/strong><\/span><\/p>\n<p><span style=\"color: #458c7f;\"><strong>Comment choisir sa cure et sa station thermale<\/strong><\/span><\/p>\n<p>Les bons conseils pour choisir au mieux sa station Thermale<\/p>\n<p><span style=\"color: #0c5356;\"><strong>Ludovic Lerche, infirmier \u2013 Domaine de Marlioz \/ stand C14<\/strong><\/span><\/p>\n<p>&nbsp;<\/p>\n<p><span style=\"text-decoration: underline; color: #458c7f;\"><strong>Dimanche 28 janvier<\/strong><strong>\u00a0 <\/strong><\/span><\/p>\n<p><span style=\"color: #458c7f;\"><strong>11h00 \u00e0 12h00<\/strong><\/span><\/p>\n<p><span style=\"color: #458c7f;\"><strong>10 R\u00e8gles d&rsquo;or pour pr\u00e9server la sant\u00e9 de votre c\u0153ur <\/strong><\/span><\/p>\n<p>Vous avez envie de prendre soin de votre c\u0153ur mais ne savez pas comment vous y prendre. A cette conf\u00e9rence vous allez d\u00e9couvrir son fonctionnement, quand il va bien, quand il va moins bien et les 10 bonnes pratiques \u00e0 appliquer pour le maintenir en bonne sant\u00e9, avec prise en compte des sp\u00e9cificit\u00e9s f\u00e9minines.<\/p>\n<p><span style=\"color: #0c5356;\"><strong>Loan VO DUY, Co-pr\u00e9sidente de la Commission C\u0153ur de Femmes &amp; Vice-pr\u00e9sente de la F\u00e9d\u00e9ration Fran\u00e7aise de Cardiologie &#8211; F\u00e9d\u00e9ration Fran\u00e7aise de Cardiologie \/ stand D03<\/strong><\/span><\/p>\n<p>&nbsp;<\/p>\n<p><span style=\"color: #458c7f;\"><strong>12h30 \u00e0 13h30<\/strong><\/span><\/p>\n<p><span style=\"color: #458c7f;\"><strong>ROUMANIE \u2013 la Reine des Eaux Min\u00e9rales<\/strong><\/span><\/p>\n<p>La Roumanie a sur son territoire 1\/3 des eaux\u00a0min\u00e9rales de l\u2019Europe \u2013 1.300 sources d\u2019eau. On vous propose une pr\u00e9sentation des\u00a038 stations baln\u00e9aires de Roumanie\u00a0et les bienfaits de leur eau.<\/p>\n<p><span style=\"color: #0c5356;\"><strong>Andra BLID\u0102RESCU, conseiller principal minist\u00e8re de l\u2019\u00c9conomie, Entrepreneuriat et Tourisme, D\u00e9partement Marketing et D\u00e9veloppement, Service Marketing et Repr\u00e9sentation<\/strong><\/span><\/p>\n<p><span style=\"color: #0c5356;\"><strong>Master en D\u00e9veloppement Durable \u00e0 l\u2019Universit\u00e9 PARIS-DAUPHINE, promotion 2009-2011<\/strong><\/span><\/p>\n<p>&nbsp;<\/p>\n<p><span style=\"color: #458c7f;\"><strong>14h00 \u00e0 15h00<\/strong><\/span><\/p>\n<p><span style=\"color: #458c7f;\"><strong>Les pratiques thermales en voies respiratoires, dermatologie et post-cancer \u00e0 La Bourboule<\/strong><\/span><\/p>\n<p>Pr\u00e9sentation des Grands Thermes de La Bourboule, leurs orientations th\u00e9rapeutiques, la composition et les vertus de leur eau thermale et les diff\u00e9rentes techniques de soins ; zoom sur les cures post-cancer et les mini-cures de pr\u00e9vention sant\u00e9<\/p>\n<p><span style=\"color: #0c5356;\"><strong>Eliane PAPON \u2013 La Bourboule Thermes \/ stand C14<\/strong><\/span><\/p>\n","protected":false},"excerpt":{"rendered":"<p>Programme Conf\u00e9rences Talks 2024 Retrouvez des \u00e9changes interactifs propos\u00e9s par nos exposants, experts, m\u00e9decins,auteurs, influenceurs sur des sujets bien \u00eatre et sant\u00e9 d\u2019actualit\u00e9. Jeudi 25 janvier 11h00 \u00e0 12h00 Cuisine Ethique, Sofitel Golfe d\u2019Ajaccio Thalassa Sea &amp; Spa L&rsquo;objectif de la cuisine \u00e9thique au Sofitel Golfe d\u2019Ajaccio Thalassa sea &amp; spa est de favoriser la&hellip; <\/p>\n","protected":false},"author":7,"featured_media":0,"parent":13545,"menu_order":0,"comment_status":"closed","ping_status":"closed","template":"","meta":{"footnotes":""},"class_list":["post-15305","page","type-page","status-publish","hentry"],"aioseo_notices":[],"_links":{"self":[{"href":"https:\/\/www.thermalies.com\/paris\/wp-json\/wp\/v2\/pages\/15305","targetHints":{"allow":["GET"]}}],"collection":[{"href":"https:\/\/www.thermalies.com\/paris\/wp-json\/wp\/v2\/pages"}],"about":[{"href":"https:\/\/www.thermalies.com\/paris\/wp-json\/wp\/v2\/types\/page"}],"author":[{"embeddable":true,"href":"https:\/\/www.thermalies.com\/paris\/wp-json\/wp\/v2\/users\/7"}],"replies":[{"embeddable":true,"href":"https:\/\/www.thermalies.com\/paris\/wp-json\/wp\/v2\/comments?post=15305"}],"version-history":[{"count":1,"href":"https:\/\/www.thermalies.com\/paris\/wp-json\/wp\/v2\/pages\/15305\/revisions"}],"predecessor-version":[{"id":15306,"href":"https:\/\/www.thermalies.com\/paris\/wp-json\/wp\/v2\/pages\/15305\/revisions\/15306"}],"up":[{"embeddable":true,"href":"https:\/\/www.thermalies.com\/paris\/wp-json\/wp\/v2\/pages\/13545"}],"wp:attachment":[{"href":"https:\/\/www.thermalies.com\/paris\/wp-json\/wp\/v2\/media?parent=15305"}],"curies":[{"name":"wp","href":"https:\/\/api.w.org\/{rel}","templated":true}]}}