{"id":15970,"date":"2025-04-29T17:54:13","date_gmt":"2025-04-29T15:54:13","guid":{"rendered":"https:\/\/www.thermalies.com\/paris\/?page_id=15970"},"modified":"2025-04-30T09:43:31","modified_gmt":"2025-04-30T07:43:31","slug":"articles-de-presse-2022","status":"publish","type":"page","link":"https:\/\/www.thermalies.com\/paris\/articles-de-presse-2022\/","title":{"rendered":"Articles de presse 2022"},"content":{"rendered":"<h2><span style=\"color: #008080;\">Une s\u00e9lection d\u2019articles parmi les 250 publi\u00e9s \u00e0 l\u2019occasion du salon 2022<\/span><\/h2>\n<ul>\n<li><a href=\"https:\/\/www.thermalies.com\/paris\/wp-content\/uploads\/2021\/08\/cp-annonce-thermalies-2022.pdf\">Communiqu\u00e9 de presse Thermalies 2022 &#8211; aout 2021 : Les Thermalies soufflent ses 40 bougies et proposent 2 rendez-vous de la sant\u00e9 et du bien-\u00eatre par l&rsquo;eau en 2022.\u00a0<\/a><\/li>\n<li><a href=\"https:\/\/www.thermalies.com\/paris\/wp-content\/uploads\/2021\/10\/Newsletter-n\u00b01-2022.pdf\">Newsletter 1 : Des cures pour un soutien post-COVID<\/a><\/li>\n<li><a href=\"https:\/\/www.thermalies.com\/paris\/wp-content\/uploads\/2021\/10\/Newsletter-n\u00b02-2022.pdf\">Newsletter 2 : \u00c9nergies, vitalit\u00e9 et immunit\u00e9\u2026La thalassoth\u00e9rapie \u00e0 l\u2019\u00e8re post-covid<\/a><\/li>\n<li><a href=\"https:\/\/www.thermalies.com\/paris\/wp-content\/uploads\/2021\/10\/Newsletter-Thermalies-3.pdf\">Newsletter 3 : Retrouvez l&rsquo;\u00e9nergie gr\u00e2ce \u00e0 la mer<\/a><\/li>\n<li><a href=\"https:\/\/www.thermalies.com\/paris\/wp-content\/uploads\/2021\/10\/Newsletter-Thermalies-4.pdf\">Newsletter 4 : Le monde au service du bien-\u00eatre<\/a><\/li>\n<li><a href=\"https:\/\/www.thermalies.com\/paris\/wp-content\/uploads\/2021\/12\/Newsletter-Thermalies-5.pdf\" target=\"_blank\" rel=\"noopener\">Newsletter 5 : Combattre la prise de poids<\/a><\/li>\n<li><a href=\"https:\/\/www.thermalies.com\/paris\/wp-content\/uploads\/2021\/12\/Newsletter-Thermalies-6.pdf\" target=\"_blank\" rel=\"noopener\">Newsletter 6 : Pour mieux vivre l&rsquo;apr\u00e8s cancer du sein et les maladies f\u00e9minines<\/a><\/li>\n<li><a href=\"https:\/\/www.thermalies.com\/paris\/wp-content\/uploads\/2021\/12\/Newsletter-Thermalies-7.pdf\" target=\"_blank\" rel=\"noopener\">\u00a0Newsletter 7 : Retrouver son \u00e9quilibre et son \u00e9nergie<\/a><\/li>\n<\/ul>\n","protected":false},"excerpt":{"rendered":"<p>Une s\u00e9lection d\u2019articles parmi les 250 publi\u00e9s \u00e0 l\u2019occasion du salon 2022 Communiqu\u00e9 de presse Thermalies 2022 &#8211; aout 2021 : Les Thermalies soufflent ses 40 bougies et proposent 2 rendez-vous de la sant\u00e9 et du bien-\u00eatre par l&rsquo;eau en 2022.\u00a0 Newsletter 1 : Des cures pour un soutien post-COVID Newsletter 2 : \u00c9nergies, vitalit\u00e9&hellip; <\/p>\n","protected":false},"author":9,"featured_media":0,"parent":0,"menu_order":0,"comment_status":"closed","ping_status":"closed","template":"","meta":{"footnotes":""},"class_list":["post-15970","page","type-page","status-publish","hentry"],"aioseo_notices":[],"_links":{"self":[{"href":"https:\/\/www.thermalies.com\/paris\/wp-json\/wp\/v2\/pages\/15970","targetHints":{"allow":["GET"]}}],"collection":[{"href":"https:\/\/www.thermalies.com\/paris\/wp-json\/wp\/v2\/pages"}],"about":[{"href":"https:\/\/www.thermalies.com\/paris\/wp-json\/wp\/v2\/types\/page"}],"author":[{"embeddable":true,"href":"https:\/\/www.thermalies.com\/paris\/wp-json\/wp\/v2\/users\/9"}],"replies":[{"embeddable":true,"href":"https:\/\/www.thermalies.com\/paris\/wp-json\/wp\/v2\/comments?post=15970"}],"version-history":[{"count":2,"href":"https:\/\/www.thermalies.com\/paris\/wp-json\/wp\/v2\/pages\/15970\/revisions"}],"predecessor-version":[{"id":15985,"href":"https:\/\/www.thermalies.com\/paris\/wp-json\/wp\/v2\/pages\/15970\/revisions\/15985"}],"wp:attachment":[{"href":"https:\/\/www.thermalies.com\/paris\/wp-json\/wp\/v2\/media?parent=15970"}],"curies":[{"name":"wp","href":"https:\/\/api.w.org\/{rel}","templated":true}]}}