{"id":15971,"date":"2025-04-29T17:54:55","date_gmt":"2025-04-29T15:54:55","guid":{"rendered":"https:\/\/www.thermalies.com\/paris\/?page_id=15971"},"modified":"2025-04-30T09:42:59","modified_gmt":"2025-04-30T07:42:59","slug":"articles-de-presse-2021","status":"publish","type":"page","link":"https:\/\/www.thermalies.com\/paris\/articles-de-presse-2021\/","title":{"rendered":"Articles de presse 2021"},"content":{"rendered":"<h2><span style=\"color: #008080;\">Une s\u00e9lection d\u2019articles parmi les 250 publi\u00e9s \u00e0 l\u2019occasion du salon 2021<\/span><\/h2>\n<ul>\n<li><a href=\"https:\/\/www.thermalies.com\/paris\/wp-content\/uploads\/2020\/11\/CP-Thermalies-Digital.pdf\" target=\"_blank\" rel=\"noopener noreferrer\">Communiqu\u00e9 de presse <\/a><a href=\"https:\/\/www.thermalies.com\/paris\/wp-content\/uploads\/2020\/11\/CP-Thermalies-Digital.pdf\" target=\"_blank\" rel=\"noopener noreferrer\">Thermalies 2021<\/a><a href=\"https:\/\/www.thermalies.com\/paris\/wp-content\/uploads\/2020\/11\/CP-Thermalies-Digital.pdf\" target=\"_blank\" rel=\"noopener noreferrer\"> &#8211; novembre 2020 : un rendez-vous digital<\/a><\/li>\n<li><a href=\"https:\/\/www.thermalies.com\/paris\/wp-content\/uploads\/2020\/11\/Newsletter-n\u00b03.pdf\" target=\"_blank\" rel=\"noopener noreferrer\">Newsletter n\u00b03 &#8211; Les bienfaits de l&rsquo;eau pour combattre le stress<\/a><\/li>\n<li><a href=\"https:\/\/www.thermalies.com\/paris\/wp-content\/uploads\/2020\/11\/Newsletter-n\u00b02-thermalies-2021.pdf\" target=\"_blank\" rel=\"noopener noreferrer\">Newsletter n\u00b02 &#8211; La Thalassoth\u00e9rapie : d\u00e9compresser face \u00e0 la Covid-19<\/a><\/li>\n<li><a href=\"https:\/\/www.thermalies.com\/paris\/wp-content\/uploads\/2020\/11\/Newsletter-n\u00b01-thermalies-.pdf\" target=\"_blank\" rel=\"noopener noreferrer\">Newsletter n\u00b01 &#8211; Pleins feux sur le Thermalisme<\/a><\/li>\n<li><a href=\"https:\/\/www.thermalies.com\/paris\/wp-content\/uploads\/2020\/10\/CP-Report-Le-Salon-des-Thermalies-repouss\u00e9-en-2022-15.50.43_compressed.pdf\" target=\"_blank\" rel=\"noopener noreferrer\">Communiqu\u00e9 de presse &#8211; octobre 2020 : Report du salon Thermalies 2021<\/a><\/li>\n<li><a href=\"https:\/\/www.thermalies.com\/paris\/wp-content\/uploads\/2020\/07\/cp-annonce-thermalies-2021.pdf\" target=\"_blank\" rel=\"noopener noreferrer\">Communiqu\u00e9 de presse &#8211; juillet 2020 : Annonce du salon Thermalies 2021<\/a><\/li>\n<\/ul>\n<ul>\n<li><\/li>\n<\/ul>\n","protected":false},"excerpt":{"rendered":"<p>Une s\u00e9lection d\u2019articles parmi les 250 publi\u00e9s \u00e0 l\u2019occasion du salon 2021 Communiqu\u00e9 de presse Thermalies 2021 &#8211; novembre 2020 : un rendez-vous digital Newsletter n\u00b03 &#8211; Les bienfaits de l&rsquo;eau pour combattre le stress Newsletter n\u00b02 &#8211; La Thalassoth\u00e9rapie : d\u00e9compresser face \u00e0 la Covid-19 Newsletter n\u00b01 &#8211; Pleins feux sur le Thermalisme Communiqu\u00e9&hellip; <\/p>\n","protected":false},"author":9,"featured_media":0,"parent":0,"menu_order":0,"comment_status":"closed","ping_status":"closed","template":"","meta":{"footnotes":""},"class_list":["post-15971","page","type-page","status-publish","hentry"],"aioseo_notices":[],"_links":{"self":[{"href":"https:\/\/www.thermalies.com\/paris\/wp-json\/wp\/v2\/pages\/15971","targetHints":{"allow":["GET"]}}],"collection":[{"href":"https:\/\/www.thermalies.com\/paris\/wp-json\/wp\/v2\/pages"}],"about":[{"href":"https:\/\/www.thermalies.com\/paris\/wp-json\/wp\/v2\/types\/page"}],"author":[{"embeddable":true,"href":"https:\/\/www.thermalies.com\/paris\/wp-json\/wp\/v2\/users\/9"}],"replies":[{"embeddable":true,"href":"https:\/\/www.thermalies.com\/paris\/wp-json\/wp\/v2\/comments?post=15971"}],"version-history":[{"count":2,"href":"https:\/\/www.thermalies.com\/paris\/wp-json\/wp\/v2\/pages\/15971\/revisions"}],"predecessor-version":[{"id":15984,"href":"https:\/\/www.thermalies.com\/paris\/wp-json\/wp\/v2\/pages\/15971\/revisions\/15984"}],"wp:attachment":[{"href":"https:\/\/www.thermalies.com\/paris\/wp-json\/wp\/v2\/media?parent=15971"}],"curies":[{"name":"wp","href":"https:\/\/api.w.org\/{rel}","templated":true}]}}