{"id":15990,"date":"2025-04-30T10:34:43","date_gmt":"2025-04-30T08:34:43","guid":{"rendered":"https:\/\/www.thermalies.com\/paris\/?page_id=15990"},"modified":"2025-04-30T10:34:43","modified_gmt":"2025-04-30T08:34:43","slug":"articles-de-presse-2017","status":"publish","type":"page","link":"https:\/\/www.thermalies.com\/paris\/articles-de-presse-2017\/","title":{"rendered":"Articles de presse 2017"},"content":{"rendered":"<h2><span style=\"color: #008080;\">Une s\u00e9lection d\u2019articles parmi les 250 publi\u00e9s \u00e0 l\u2019occasion du salon 2017<\/span><\/h2>\n<ul>\n<li><a href=\"https:\/\/www.thermalies.com\/lyon\/wp-content\/uploads\/2017\/10\/Thermalies-2018-NL1.pdf\" target=\"_blank\" rel=\"noopener\">Newsletter Thermalies N\u00b01 du 9 octobre 2017<\/a>\u00a0:\u00a0<b>Les mini cures thermales\u2026 \u00e0 votre sant\u00e9 !<\/b><\/li>\n<li><a href=\"https:\/\/www.thermalies.com\/lyon\/wp-content\/uploads\/2017\/10\/Thermalies-2018-NL2.pdf\" target=\"_blank\" rel=\"noopener\">Newsletter Thermalies N\u00b02 du 13 octobre 2017<\/a>\u00a0:\u00a0<b>Chut on dort\u2026 o<\/b><b>u comment retrouver le sommeil\u00a0<\/b><b>gr\u00e2ce \u00e0 la thalassoth\u00e9rapie et le thermalisme<\/b><\/li>\n<li><a href=\"https:\/\/www.thermalies.com\/lyon\/wp-content\/uploads\/2017\/10\/Thermalies-2018-NL3.pdf\" target=\"_blank\" rel=\"noopener\">Newsletter Thermalies N\u00b03 du 20 octobre 2017<\/a>\u00a0:\u00a0<b>Retrouver la N\u2019EAU stress attitude<\/b><\/li>\n<li><a href=\"https:\/\/www.thermalies.com\/lyon\/wp-content\/uploads\/2017\/10\/Thermalies-2018-NL4.pdf\" target=\"_blank\" rel=\"noopener\">Newsletter Thermalies N\u00b04 du 27 octobre 2017<\/a>\u00a0:\u00a0<b>L\u2019eau et le sport : un duo gagnant en 2018<\/b><\/li>\n<li><a href=\"https:\/\/www.thermalies.com\/lyon\/wp-content\/uploads\/2017\/11\/Thermalies-2018-NL5.pdf\" target=\"_blank\" rel=\"noopener\">Newsletter Thermalies N\u00b05 du 3 novembre 2017<\/a>\u00a0:\u00a0<b>L\u2019eau une alli\u00e9e pour la sant\u00e9<\/b><\/li>\n<li><a href=\"https:\/\/www.thermalies.com\/lyon\/wp-content\/uploads\/2017\/11\/Thermalies-2018-NL6-.pdf\" target=\"_blank\" rel=\"noopener\">Newsletter Thermalies N\u00b06 du 9 novembre 2017<\/a>\u00a0:<strong>\u00a0L\u2019eau et la femme<\/strong><\/li>\n<li><a href=\"https:\/\/www.thermalies.com\/lyon\/wp-content\/uploads\/2017\/11\/Thermalies-2018-NL7.pdf\" target=\"_blank\" rel=\"noopener\">Newsletter Thermalies N\u00b07 du 17 novembre 2017<\/a>\u00a0:\u00a0<strong>Immersion au coeur de la nature\u2026<\/strong><\/li>\n<li><a href=\"https:\/\/www.thermalies.com\/lyon\/wp-content\/uploads\/2017\/11\/Thermalies-2018-NL8.pdf\" target=\"_blank\" rel=\"noopener\">Newsletter Thermalies N\u00b08 du 24 novembre 2017<\/a>\u00a0:\u00a0<b>L\u2019eau pour retrouver son capital sant\u00e9<\/b><\/li>\n<li><a href=\"https:\/\/www.thermalies.com\/lyon\/wp-content\/uploads\/2017\/12\/Thermalies-2018-NL9.pdf\" target=\"_blank\" rel=\"noopener\">Newsletter Thermalies N\u00b09 du 1er d\u00e9cembre 2017<\/a>\u00a0:\u00a0<strong>Enfants et ados accros \u00e0 l\u2019eau<\/strong><\/li>\n<li><a href=\"https:\/\/www.thermalies.com\/lyon\/wp-content\/uploads\/2017\/12\/Thermalies-2018-N10.pdf\" target=\"_blank\" rel=\"noopener\">Newsletter Thermalies N\u00b010 du 8 d\u00e9cembre 2017<\/a>\u00a0:\u00a0<strong>Mieux bouger<\/strong><\/li>\n<li><a href=\"https:\/\/www.thermalies.com\/lyon\/wp-content\/uploads\/2017\/12\/Thermalies-2018-NL11.pdf\" target=\"_blank\" rel=\"noopener\">Newsletter Thermalies N\u00b011 du 15 d\u00e9cembre 2017\u00a0<\/a>:\u00a0<b>Eau et soins holistiques pour un lacher-prise<\/b><\/li>\n<\/ul>\n","protected":false},"excerpt":{"rendered":"<p>Une s\u00e9lection d\u2019articles parmi les 250 publi\u00e9s \u00e0 l\u2019occasion du salon 2017 Newsletter Thermalies N\u00b01 du 9 octobre 2017\u00a0:\u00a0Les mini cures thermales\u2026 \u00e0 votre sant\u00e9 ! Newsletter Thermalies N\u00b02 du 13 octobre 2017\u00a0:\u00a0Chut on dort\u2026 ou comment retrouver le sommeil\u00a0gr\u00e2ce \u00e0 la thalassoth\u00e9rapie et le thermalisme Newsletter Thermalies N\u00b03 du 20 octobre 2017\u00a0:\u00a0Retrouver la N\u2019EAU&hellip; <\/p>\n","protected":false},"author":9,"featured_media":0,"parent":0,"menu_order":0,"comment_status":"closed","ping_status":"closed","template":"","meta":{"footnotes":""},"class_list":["post-15990","page","type-page","status-publish","hentry"],"aioseo_notices":[],"_links":{"self":[{"href":"https:\/\/www.thermalies.com\/paris\/wp-json\/wp\/v2\/pages\/15990","targetHints":{"allow":["GET"]}}],"collection":[{"href":"https:\/\/www.thermalies.com\/paris\/wp-json\/wp\/v2\/pages"}],"about":[{"href":"https:\/\/www.thermalies.com\/paris\/wp-json\/wp\/v2\/types\/page"}],"author":[{"embeddable":true,"href":"https:\/\/www.thermalies.com\/paris\/wp-json\/wp\/v2\/users\/9"}],"replies":[{"embeddable":true,"href":"https:\/\/www.thermalies.com\/paris\/wp-json\/wp\/v2\/comments?post=15990"}],"version-history":[{"count":1,"href":"https:\/\/www.thermalies.com\/paris\/wp-json\/wp\/v2\/pages\/15990\/revisions"}],"predecessor-version":[{"id":15993,"href":"https:\/\/www.thermalies.com\/paris\/wp-json\/wp\/v2\/pages\/15990\/revisions\/15993"}],"wp:attachment":[{"href":"https:\/\/www.thermalies.com\/paris\/wp-json\/wp\/v2\/media?parent=15990"}],"curies":[{"name":"wp","href":"https:\/\/api.w.org\/{rel}","templated":true}]}}