{"id":15992,"date":"2025-04-30T10:38:03","date_gmt":"2025-04-30T08:38:03","guid":{"rendered":"https:\/\/www.thermalies.com\/paris\/?page_id=15992"},"modified":"2025-04-30T10:38:03","modified_gmt":"2025-04-30T08:38:03","slug":"articles-de-presse-2019","status":"publish","type":"page","link":"https:\/\/www.thermalies.com\/paris\/articles-de-presse-2019\/","title":{"rendered":"Articles de presse 2019"},"content":{"rendered":"<h2><span style=\"color: #008080;\">Une s\u00e9lection d\u2019articles parmi les 250 publi\u00e9s \u00e0 l\u2019occasion du salon 2019<\/span><\/h2>\n<ul>\n<li style=\"list-style-type: none;\">\n<ul>\n<li><a href=\"https:\/\/www.thermalies.com\/lyon\/wp-content\/uploads\/2018\/10\/Thermalies-2019-cp-annonce.pdf\" target=\"_blank\" rel=\"noopener noreferrer\">Communiqu\u00e9 de presse &#8211; juillet 2018 : <strong>Annonce des dates des salons Thermalies<\/strong><\/a><\/li>\n<li><a href=\"https:\/\/www.thermalies.com\/lyon\/wp-content\/uploads\/2018\/10\/Newsletter-N1-THERMALIES-2019_web.pdf\" target=\"_blank\" rel=\"noopener noreferrer\">Newsletter n\u00b01 du 28\/09\/2018 : <strong>Les mini-cures thermales : \u00e0 votre sant\u00e9 !<\/strong><\/a><\/li>\n<li><a href=\"https:\/\/www.thermalies.com\/lyon\/wp-content\/uploads\/2018\/10\/Newsletter-N2-THERMALIES-2019-web.pdf\" target=\"_blank\" rel=\"noopener noreferrer\">Newsletter n\u00b02 du 2\/10\/2018 : <strong>Les cures thermales pour mieux vivre l&rsquo;apr\u00e8s cancer<\/strong><\/a><\/li>\n<li><a href=\"https:\/\/www.thermalies.com\/lyon\/wp-content\/uploads\/2018\/10\/Newsletter-N3-THERMALIES-2019-web.pdf\" target=\"_blank\" rel=\"noopener noreferrer\">Newsletter n\u00b03 du 12\/10\/2018 : <strong>\u00c0 la recherche d&rsquo;un \u00e9quilibre des \u00e9nergies vitales en Thalasso<\/strong><\/a><\/li>\n<li><a href=\"https:\/\/www.thermalies.com\/lyon\/wp-content\/uploads\/2018\/10\/Newsletter-N4-THERMALIES-2019_web.pdf\" target=\"_blank\" rel=\"noopener noreferrer\">Newsletter n\u00b04 du 19\/10\/2018 :\u00a0 <strong>Du burn-out au l\u00e2cher-prise, l&rsquo;eau un acteur majeur\u00a0<\/strong><\/a><\/li>\n<li><a href=\"https:\/\/www.thermalies.com\/lyon\/wp-content\/uploads\/2018\/10\/Newsletter-N5-THERMALIES-2019_web.pdf\" target=\"_blank\" rel=\"noopener noreferrer\">Newsletter n\u00b05 du 26\/10\/2018 : <strong>Cure pr\u00e9 et post natale. Lorsque l&rsquo;enfant parait&#8230;<\/strong><\/a><\/li>\n<li><a href=\"https:\/\/www.thermalies.com\/lyon\/wp-content\/uploads\/2018\/12\/Newsletter-N6-THERMALIES-2019_web.pdf\" target=\"_blank\" rel=\"noopener noreferrer\">Newsletter n\u00b06 du 9\/11\/2018 :<strong> Sport et Eau, un mariage heureux<\/strong><\/a><\/li>\n<li><a href=\"https:\/\/www.thermalies.com\/lyon\/wp-content\/uploads\/2018\/12\/Newsletter-N7-THERMALIES-2019_web.pdf\" target=\"_blank\" rel=\"noopener noreferrer\">Newsletter n\u00b07 du 16\/11\/2018 : <strong>Apprendre \u00e0 bien vieillir\u00a0<\/strong><\/a><\/li>\n<li><a href=\"https:\/\/www.thermalies.com\/lyon\/wp-content\/uploads\/2018\/12\/Newsletter-N8-THERMALIES-2019_web.pdf\" target=\"_blank\" rel=\"noopener noreferrer\">Newsletter n\u00b08 du 23\/11\/2018 :\u00a0<strong>Sommeil, notre meilleur alli\u00e9 et notre pire ennemi<\/strong><\/a><\/li>\n<li><a href=\"https:\/\/www.thermalies.com\/lyon\/wp-content\/uploads\/2018\/12\/Newsletter-N9-THERMALIES-2019_web.pdf\" target=\"_blank\" rel=\"noopener noreferrer\">Newsletter n\u00b09 du 30\/11\/2018 : <strong>Se soigner et bien veillir au f\u00e9minin<\/strong><\/a><\/li>\n<li><a href=\"https:\/\/www.thermalies.com\/lyon\/wp-content\/uploads\/2019\/02\/newsletter-N10-THERMALIES-2019_web.pdf\" target=\"_blank\" rel=\"noopener noreferrer\">Newsletter n\u00b010 du 7\/12\/2018 : <strong>1, 2, 3, je perds du poids<\/strong><\/a><\/li>\n<li><a href=\"https:\/\/www.thermalies.com\/lyon\/wp-content\/uploads\/2019\/02\/Newsletter-N11-THERMALIES-2019-web.pdf\" target=\"_blank\" rel=\"noopener noreferrer\">Newsletter n\u00b011 du 14\/12\/2018 : <strong>Bien-\u00eatre en famille ou en couple<\/strong><\/a><\/li>\n<li><a href=\"https:\/\/www.thermalies.com\/lyon\/wp-content\/uploads\/2019\/02\/Newsletter-N12-THERMALIES-2019-web.pdf\" target=\"_blank\" rel=\"noopener noreferrer\">Newsletter n\u00b012 du 4\/01\/2019 : <strong>Quoi de neuf aux Thermalies 2019 ?<\/strong><\/a><\/li>\n<li><a href=\"https:\/\/www.thermalies.com\/lyon\/wp-content\/uploads\/2019\/02\/NEWSLETTER-THALASSO-LYON-1-WEB.pdf\" target=\"_blank\" rel=\"noopener noreferrer\">Newsletter Sp\u00e9ciale Thermalies Lyon n\u00b01 : <strong>Eau de mer, une source d&rsquo;\u00e9nergie et de jeunesse<\/strong><\/a><\/li>\n<li><a href=\"https:\/\/www.thermalies.com\/lyon\/wp-content\/uploads\/2019\/02\/NEWSLETTER-THERMES-LYON-2-WEB.pdf\" target=\"_blank\" rel=\"noopener noreferrer\">Newsletter Sp\u00e9ciale Thermalies Lyon n\u00b02 : <strong>L&rsquo;eau thermale pour bien vieillir\u00a0<\/strong><\/a><\/li>\n<li><a href=\"https:\/\/www.thermalies.com\/lyon\/wp-content\/uploads\/2019\/02\/NEWSLETTER-THALASSO-LYON-3.pdf\" target=\"_blank\" rel=\"noopener noreferrer\">Newsletter Sp\u00e9caile Thermalies Lyon n\u00b03: <strong>Retrouver l&rsquo;harmonie du corps<\/strong><\/a>&nbsp;<\/li>\n<\/ul>\n<\/li>\n<\/ul>\n<p>Abonnez-vous \u00e0 la newsletter presse,\u00a0<a href=\"mailto:gbilinska@gbcom.fr\" target=\"_blank\" rel=\"noopener noreferrer\">cliquez ici<\/a><\/p>\n<p>&nbsp;<\/p>\n","protected":false},"excerpt":{"rendered":"<p>Une s\u00e9lection d\u2019articles parmi les 250 publi\u00e9s \u00e0 l\u2019occasion du salon 2019 Communiqu\u00e9 de presse &#8211; juillet 2018 : Annonce des dates des salons Thermalies Newsletter n\u00b01 du 28\/09\/2018 : Les mini-cures thermales : \u00e0 votre sant\u00e9 ! Newsletter n\u00b02 du 2\/10\/2018 : Les cures thermales pour mieux vivre l&rsquo;apr\u00e8s cancer Newsletter n\u00b03 du 12\/10\/2018&hellip; <\/p>\n","protected":false},"author":9,"featured_media":0,"parent":0,"menu_order":0,"comment_status":"closed","ping_status":"closed","template":"","meta":{"footnotes":""},"class_list":["post-15992","page","type-page","status-publish","hentry"],"aioseo_notices":[],"_links":{"self":[{"href":"https:\/\/www.thermalies.com\/paris\/wp-json\/wp\/v2\/pages\/15992","targetHints":{"allow":["GET"]}}],"collection":[{"href":"https:\/\/www.thermalies.com\/paris\/wp-json\/wp\/v2\/pages"}],"about":[{"href":"https:\/\/www.thermalies.com\/paris\/wp-json\/wp\/v2\/types\/page"}],"author":[{"embeddable":true,"href":"https:\/\/www.thermalies.com\/paris\/wp-json\/wp\/v2\/users\/9"}],"replies":[{"embeddable":true,"href":"https:\/\/www.thermalies.com\/paris\/wp-json\/wp\/v2\/comments?post=15992"}],"version-history":[{"count":1,"href":"https:\/\/www.thermalies.com\/paris\/wp-json\/wp\/v2\/pages\/15992\/revisions"}],"predecessor-version":[{"id":15995,"href":"https:\/\/www.thermalies.com\/paris\/wp-json\/wp\/v2\/pages\/15992\/revisions\/15995"}],"wp:attachment":[{"href":"https:\/\/www.thermalies.com\/paris\/wp-json\/wp\/v2\/media?parent=15992"}],"curies":[{"name":"wp","href":"https:\/\/api.w.org\/{rel}","templated":true}]}}