{"id":2126,"date":"2016-10-26T16:18:37","date_gmt":"2016-10-26T14:18:37","guid":{"rendered":"http:\/\/www.thermalies.com\/paris\/?page_id=2126"},"modified":"2024-11-06T15:56:49","modified_gmt":"2024-11-06T14:56:49","slug":"sante-magazine","status":"publish","type":"page","link":"https:\/\/www.thermalies.com\/paris\/pressepartenaires\/espace-partenaires\/sante-magazine\/","title":{"rendered":"Sant\u00e9 Magazine"},"content":{"rendered":"<p><img decoding=\"async\" class=\"alignnone wp-image-14621 \" src=\"https:\/\/www.thermalies.com\/paris\/wp-content\/uploads\/2024\/10\/logo-sante-magazine-360x250_600x.webp\" alt=\"\" width=\"226\" height=\"157\" srcset=\"https:\/\/www.thermalies.com\/paris\/wp-content\/uploads\/2024\/10\/logo-sante-magazine-360x250_600x.webp 360w, https:\/\/www.thermalies.com\/paris\/wp-content\/uploads\/2024\/10\/logo-sante-magazine-360x250_600x-300x208.webp 300w, https:\/\/www.thermalies.com\/paris\/wp-content\/uploads\/2024\/10\/logo-sante-magazine-360x250_600x-150x104.webp 150w\" sizes=\"(max-width: 226px) 100vw, 226px\" \/><\/p>\n<p><strong>40 ans d\u2019expertise<\/strong><\/p>\n<p>Toutes les informations fiables et valid\u00e9es sur la sant\u00e9, la nutrition, la forme et le bien-\u00eatre : conseils pratiques, pr\u00e9vention, modes d\u2019emploi, avis d\u2019experts, nouveaut\u00e9s\u2026<\/p>\n<p>Les articles, dossiers et t\u00e9moignages s\u2019articulent autour de quatre grandes rubriques\u00a0: Manger Sain, le Mag Sant\u00e9 (toute l\u2019actualit\u00e9 m\u00e9dicale), Aimer son corps (beaut\u00e9, esth\u00e9tique, minceur, forme), Se Sentir Bien (psycho, antistress, \u00e9vasion, jeux\u2026).<\/p>\n<p><a href=\"http:\/\/www.santemagazine.fr\/\">http:\/\/www.santemagazine.fr\/<\/a><\/p>\n<p><a href=\"https:\/\/www.facebook.com\/santemagazinefr\">https:\/\/www.facebook.com\/santemagazinefr<\/a><\/p>\n","protected":false},"excerpt":{"rendered":"<p>40 ans d\u2019expertise Toutes les informations fiables et valid\u00e9es sur la sant\u00e9, la nutrition, la forme et le bien-\u00eatre : conseils pratiques, pr\u00e9vention, modes d\u2019emploi, avis d\u2019experts, nouveaut\u00e9s\u2026 Les articles, dossiers et t\u00e9moignages s\u2019articulent autour de quatre grandes rubriques\u00a0: Manger Sain, le Mag Sant\u00e9 (toute l\u2019actualit\u00e9 m\u00e9dicale), Aimer son corps (beaut\u00e9, esth\u00e9tique, minceur, forme), Se&hellip; <\/p>\n","protected":false},"author":1,"featured_media":0,"parent":526,"menu_order":0,"comment_status":"closed","ping_status":"closed","template":"","meta":{"footnotes":""},"class_list":["post-2126","page","type-page","status-publish","hentry"],"aioseo_notices":[],"_links":{"self":[{"href":"https:\/\/www.thermalies.com\/paris\/wp-json\/wp\/v2\/pages\/2126","targetHints":{"allow":["GET"]}}],"collection":[{"href":"https:\/\/www.thermalies.com\/paris\/wp-json\/wp\/v2\/pages"}],"about":[{"href":"https:\/\/www.thermalies.com\/paris\/wp-json\/wp\/v2\/types\/page"}],"author":[{"embeddable":true,"href":"https:\/\/www.thermalies.com\/paris\/wp-json\/wp\/v2\/users\/1"}],"replies":[{"embeddable":true,"href":"https:\/\/www.thermalies.com\/paris\/wp-json\/wp\/v2\/comments?post=2126"}],"version-history":[{"count":3,"href":"https:\/\/www.thermalies.com\/paris\/wp-json\/wp\/v2\/pages\/2126\/revisions"}],"predecessor-version":[{"id":14650,"href":"https:\/\/www.thermalies.com\/paris\/wp-json\/wp\/v2\/pages\/2126\/revisions\/14650"}],"up":[{"embeddable":true,"href":"https:\/\/www.thermalies.com\/paris\/wp-json\/wp\/v2\/pages\/526"}],"wp:attachment":[{"href":"https:\/\/www.thermalies.com\/paris\/wp-json\/wp\/v2\/media?parent=2126"}],"curies":[{"name":"wp","href":"https:\/\/api.w.org\/{rel}","templated":true}]}}