{"id":2504,"date":"2016-12-14T12:21:27","date_gmt":"2016-12-14T11:21:27","guid":{"rendered":"http:\/\/www.thermalies.com\/paris\/?page_id=2504"},"modified":"2025-12-09T10:03:25","modified_gmt":"2025-12-09T09:03:25","slug":"sense-of-wellness","status":"publish","type":"page","link":"https:\/\/www.thermalies.com\/paris\/pressepartenaires\/espace-partenaires\/sense-of-wellness\/","title":{"rendered":"Sense of Wellness"},"content":{"rendered":"<p><a href=\"http:\/\/www.senseofwellness-mag.com\" target=\"_blank\" rel=\"noopener\"><img fetchpriority=\"high\" decoding=\"async\" class=\"alignnone wp-image-16095 \" src=\"http:\/\/www.thermalies.com\/paris\/wp-content\/uploads\/2025\/12\/logo_Sow-2025.jpg\" alt=\"\" width=\"365\" height=\"171\" srcset=\"https:\/\/www.thermalies.com\/paris\/wp-content\/uploads\/2025\/12\/logo_Sow-2025.jpg 1820w, https:\/\/www.thermalies.com\/paris\/wp-content\/uploads\/2025\/12\/logo_Sow-2025-300x141.jpg 300w, https:\/\/www.thermalies.com\/paris\/wp-content\/uploads\/2025\/12\/logo_Sow-2025-1024x480.jpg 1024w, https:\/\/www.thermalies.com\/paris\/wp-content\/uploads\/2025\/12\/logo_Sow-2025-768x360.jpg 768w, https:\/\/www.thermalies.com\/paris\/wp-content\/uploads\/2025\/12\/logo_Sow-2025-1536x720.jpg 1536w, https:\/\/www.thermalies.com\/paris\/wp-content\/uploads\/2025\/12\/logo_Sow-2025-150x70.jpg 150w, https:\/\/www.thermalies.com\/paris\/wp-content\/uploads\/2025\/12\/logo_Sow-2025-500x234.jpg 500w, https:\/\/www.thermalies.com\/paris\/wp-content\/uploads\/2025\/12\/logo_Sow-2025-600x281.jpg 600w\" sizes=\"(max-width: 365px) 100vw, 365px\" \/><\/a><\/p>\n<p><strong>Sense of WELLNESS<\/strong> se donne pour mission distinctive de vous proposer un contenu \u00e9ditorial avec des chroniques qui vous permettront de d\u00e9couvrir les tendances et les derniers courants du WELLNESS au travers de 6 sections cl\u00e9s :<\/p>\n<p># LAB NEWS # WELLNESS LAB # COSMETIC LAB # DESIGN LAB # RH LAB # LAB EXPERTS<\/p>\n<p><strong># A travers ses rubriques innovantes, Sense of WELLNESS accompagne et prolonge le WELLNESS dans toutes ses dimensions <\/strong>(lieux, personnes, tendances, cosm\u00e9tiques, concepts, design, management, sant\u00e9, \u00e9quipements, \u2026) et mode de diffusion (print, web, r\u00e9seaux sociaux, \u00e9v\u00e9nementiel, \u2026).<\/p>\n<p># NOTRE R\u00d4LE<\/p>\n<p>Rep\u00e9rer et vous faire d\u00e9couvrir le nec plus ultra du Spa et du Wellness, vous pr\u00e9senter le parcours et les best practices de femmes et d\u2019hommes visionnaires, un regard \u00e0 360\u00b0 o\u00f9 tous les secteurs du WELLNESS seront explor\u00e9s!<\/p>\n<p># NOTRE OBJECTIF<\/p>\n<p>Vous offrir un magazine o\u00f9 contenu et publicit\u00e9 cohabitent en harmonie. Le tout sous le signe de la cr\u00e9ativit\u00e9, de l\u2019innovation et de l\u2019authenticit\u00e9.<\/p>\n<p>Sense of WELLNESS c\u2019est aussi un site\u00a0: <a href=\"https:\/\/www.senseofwellness-mag.com\/\" target=\"_blank\" rel=\"noopener\">www.senseofwellness-mag.com<\/a> qui est aujourd\u2019hui le 1<sup>er <\/sup>site fran\u00e7ais et le 8<sup>\u00e8me<\/sup> site international en termes de notori\u00e9t\u00e9, int\u00e9grant de multiples rubriques dont une plateforme emploi, enti\u00e8rement gratuite mais aussi le \u00ab\u00a0SoW Directory\u00a0\u00bb, le r\u00e9seau de mises en relation des professionnels du bien-\u00eatre.<\/p>\n<p>Isabelle CHARRIER a \u00e9galement d\u00e9velopp\u00e9 <strong>Sense of WELLNESS COMMUNICATION,<\/strong> une agence d\u00e9di\u00e9e qui propose des prestations allant de la r\u00e9flexion de concept bien-\u00eatre, en passant par le repositionnement de l\u2019offre jusqu\u2019\u00e0 la conception de brochures, cartes de soins, documents de promotion, etc., pour les Thalassos, Spas, centres Thermaux, H\u00f4tels et Day Spa.<\/p>\n<p>&nbsp;<\/p>\n<p><strong>Retrouvez l\u2019\u00e9quipe de Sense of WELLNESS durant le salon LES THERMALIES PARIS, Espace Thalasso<\/strong><\/p>\n<p><a href=\"https:\/\/www.senseofwellness-mag.com\/\" target=\"_blank\" rel=\"noopener\">Consultez le site de Sense of WELLNESS<\/a><\/p>\n","protected":false},"excerpt":{"rendered":"<p>Sense of WELLNESS se donne pour mission distinctive de vous proposer un contenu \u00e9ditorial avec des chroniques qui vous permettront de d\u00e9couvrir les tendances et les derniers courants du WELLNESS au travers de 6 sections cl\u00e9s : # LAB NEWS # WELLNESS LAB # COSMETIC LAB # DESIGN LAB # RH LAB # LAB EXPERTS&hellip; <\/p>\n","protected":false},"author":1,"featured_media":0,"parent":526,"menu_order":0,"comment_status":"closed","ping_status":"closed","template":"","meta":{"footnotes":""},"class_list":["post-2504","page","type-page","status-publish","hentry"],"aioseo_notices":[],"_links":{"self":[{"href":"https:\/\/www.thermalies.com\/paris\/wp-json\/wp\/v2\/pages\/2504","targetHints":{"allow":["GET"]}}],"collection":[{"href":"https:\/\/www.thermalies.com\/paris\/wp-json\/wp\/v2\/pages"}],"about":[{"href":"https:\/\/www.thermalies.com\/paris\/wp-json\/wp\/v2\/types\/page"}],"author":[{"embeddable":true,"href":"https:\/\/www.thermalies.com\/paris\/wp-json\/wp\/v2\/users\/1"}],"replies":[{"embeddable":true,"href":"https:\/\/www.thermalies.com\/paris\/wp-json\/wp\/v2\/comments?post=2504"}],"version-history":[{"count":1,"href":"https:\/\/www.thermalies.com\/paris\/wp-json\/wp\/v2\/pages\/2504\/revisions"}],"predecessor-version":[{"id":16096,"href":"https:\/\/www.thermalies.com\/paris\/wp-json\/wp\/v2\/pages\/2504\/revisions\/16096"}],"up":[{"embeddable":true,"href":"https:\/\/www.thermalies.com\/paris\/wp-json\/wp\/v2\/pages\/526"}],"wp:attachment":[{"href":"https:\/\/www.thermalies.com\/paris\/wp-json\/wp\/v2\/media?parent=2504"}],"curies":[{"name":"wp","href":"https:\/\/api.w.org\/{rel}","templated":true}]}}