{"id":3548,"date":"2017-01-18T19:20:44","date_gmt":"2017-01-18T18:20:44","guid":{"rendered":"http:\/\/www.thermalies.com\/paris\/?page_id=3548"},"modified":"2019-01-08T21:04:06","modified_gmt":"2019-01-08T20:04:06","slug":"emotion-spa-magazine","status":"publish","type":"page","link":"https:\/\/www.thermalies.com\/paris\/pressepartenaires\/espace-partenaires\/emotion-spa-magazine\/","title":{"rendered":"Emotion Spa Magazine"},"content":{"rendered":"<p class=\"p1\"><img decoding=\"async\" class=\"alignnone wp-image-3542\" src=\"http:\/\/www.thermalies.com\/paris\/wp-content\/uploads\/2017\/01\/logo-esm-carre-baseline-grand.jpg\" alt=\"\" width=\"167\" height=\"138\" \/><\/p>\n<p class=\"p1\"><b>EMOTION SPA Magazine<\/b><br \/>\nSpace Camp \u2013 ZI de la Fray\u00e8re &#8211;<br \/>\n4, all\u00e9e des Cormorans &#8211; 06150 Cannes la Bocca \u2013 France<br \/>\nE-Mail :\u00a0<a href=\"mailto:redac@emotionspa-mag.com\"><span class=\"s1\">redac@emotionspa-mag.com<\/span><\/a><br \/>\nSite web : <a href=\"http:\/\/www.emotionspa-mag.com\/index.asp\"><span class=\"s1\">www.emotionspa-mag.com<\/span><\/a><\/p>\n<p class=\"p1\">Media partenaire des professionnels du bien-\u00eatre : magazine bilingue trimestriel et son site \u00e9ponyme. <b>Dans chaque num\u00e9ro une \u00e9quipe d\u2019experts se donne pour mission d\u2019offrir un panorama complet du march\u00e9 du bien-\u00eatre en France et \u00e0 l\u2019\u00e9tranger<\/b>, d\u00e9cryptant les derni\u00e8res tendances et rencontrant les influenceurs de demain. Eclectique et innovant, objectif et f\u00e9d\u00e9rateur ce magazine se veut un outil de travail, d\u2019\u00e9change de bonnes pratiques et de promotion au service des acteurs du secteur wellness. <b>EMOTION SPA Magazine est actuellement class\u00e9 parmi les 10 premiers titres mondiaux de la presse professionnelle du wellness<\/b>. Quant au site <a href=\"http:\/\/www.emotionspa-mag.com\/\"><span class=\"s1\">www.emotionspa-mag.com<\/span><\/a>, il est index\u00e9 par Google Actualit\u00e9s et b\u00e9n\u00e9ficie d\u2019un \u00e9cosyst\u00e8me plus large, d&rsquo;un site de recrutement <a href=\"http:\/\/www.jobspa-beaute.com\/\"><span class=\"s1\">www.jobspa-beaute.com<\/span><\/a> \u00a0et d&rsquo;un annuaire en ligne des fournisseurs de la fili\u00e8re bien-\u00eatre et beaut\u00e9 <a href=\"http:\/\/www.guide-des-pros-bien-etre.com\/\"><span class=\"s1\">www.guide-des-pros-bien-etre.com\/<\/span><\/a><\/p>\n<p class=\"p2\"><span class=\"s2\">Suivez-nous\u00a0:<br \/>\n<a href=\"https:\/\/www.facebook.com\/EmotionSpaMagazine\"><span class=\"s3\">https:\/\/www.facebook.com\/EmotionSpaMagazine<\/span><\/a><br \/>\n<a href=\"https:\/\/www.youtube.com\/user\/emotionspamagazine\/videos\"><span class=\"s3\">https:\/\/www.youtube.com\/user\/emotionspamagazine\/videos<\/span><\/a><\/span><\/p>\n","protected":false},"excerpt":{"rendered":"<p>EMOTION SPA Magazine Space Camp \u2013 ZI de la Fray\u00e8re &#8211; 4, all\u00e9e des Cormorans &#8211; 06150 Cannes la Bocca \u2013 France E-Mail :\u00a0redac@emotionspa-mag.com Site web : www.emotionspa-mag.com Media partenaire des professionnels du bien-\u00eatre : magazine bilingue trimestriel et son site \u00e9ponyme. Dans chaque num\u00e9ro une \u00e9quipe d\u2019experts se donne pour mission d\u2019offrir un panorama&hellip; <\/p>\n","protected":false},"author":1,"featured_media":0,"parent":526,"menu_order":0,"comment_status":"closed","ping_status":"closed","template":"","meta":{"_angie_page":false,"footnotes":""},"class_list":["post-3548","page","type-page","status-publish","hentry"],"aioseo_notices":[],"_links":{"self":[{"href":"https:\/\/www.thermalies.com\/paris\/wp-json\/wp\/v2\/pages\/3548","targetHints":{"allow":["GET"]}}],"collection":[{"href":"https:\/\/www.thermalies.com\/paris\/wp-json\/wp\/v2\/pages"}],"about":[{"href":"https:\/\/www.thermalies.com\/paris\/wp-json\/wp\/v2\/types\/page"}],"author":[{"embeddable":true,"href":"https:\/\/www.thermalies.com\/paris\/wp-json\/wp\/v2\/users\/1"}],"replies":[{"embeddable":true,"href":"https:\/\/www.thermalies.com\/paris\/wp-json\/wp\/v2\/comments?post=3548"}],"version-history":[{"count":0,"href":"https:\/\/www.thermalies.com\/paris\/wp-json\/wp\/v2\/pages\/3548\/revisions"}],"up":[{"embeddable":true,"href":"https:\/\/www.thermalies.com\/paris\/wp-json\/wp\/v2\/pages\/526"}],"wp:attachment":[{"href":"https:\/\/www.thermalies.com\/paris\/wp-json\/wp\/v2\/media?parent=3548"}],"curies":[{"name":"wp","href":"https:\/\/api.w.org\/{rel}","templated":true}]}}