{"id":486,"date":"2024-07-01T14:00:30","date_gmt":"2024-07-01T12:00:30","guid":{"rendered":"http:\/\/www.salon-biogourmand.com\/?page_id=486"},"modified":"2025-12-18T16:39:32","modified_gmt":"2025-12-18T15:39:32","slug":"les-secteurs-du-salon","status":"publish","type":"page","link":"https:\/\/www.thermalies.com\/paris\/visiter\/les-secteurs-du-salon\/","title":{"rendered":"Les secteurs du salon"},"content":{"rendered":"\t\t<div data-elementor-type=\"wp-page\" data-elementor-id=\"486\" class=\"elementor elementor-486\" data-elementor-post-type=\"page\">\n\t\t\t\t\t\t<section class=\"elementor-section elementor-top-section elementor-element elementor-element-42d51fb6 elementor-section-boxed elementor-section-height-default elementor-section-height-default\" data-id=\"42d51fb6\" data-element_type=\"section\" data-e-type=\"section\">\n\t\t\t\t\t\t<div class=\"elementor-container elementor-column-gap-default\">\n\t\t\t\t\t<div class=\"elementor-column elementor-col-100 elementor-top-column elementor-element elementor-element-5a583a7f\" data-id=\"5a583a7f\" data-element_type=\"column\" data-e-type=\"column\">\n\t\t\t<div class=\"elementor-widget-wrap elementor-element-populated\">\n\t\t\t\t\t\t<div class=\"elementor-element elementor-element-3ef1ae60 elementor-widget elementor-widget-text-editor\" data-id=\"3ef1ae60\" data-element_type=\"widget\" data-e-type=\"widget\" data-widget_type=\"text-editor.default\">\n\t\t\t\t<div class=\"elementor-widget-container\">\n\t\t\t\t\t\t\t\t\t<p><img fetchpriority=\"high\" decoding=\"async\" class=\"alignnone wp-image-14510 size-full\" src=\"https:\/\/www.thermalies.com\/paris\/wp-content\/uploads\/2024\/07\/iStock-1249331787-PAGE-2-scaled-e1720693505698.jpg\" alt=\"Secteurs du salon\" width=\"2560\" height=\"1280\" srcset=\"https:\/\/www.thermalies.com\/paris\/wp-content\/uploads\/2024\/07\/iStock-1249331787-PAGE-2-scaled-e1720693505698.jpg 2560w, https:\/\/www.thermalies.com\/paris\/wp-content\/uploads\/2024\/07\/iStock-1249331787-PAGE-2-scaled-e1720693505698-300x150.jpg 300w, https:\/\/www.thermalies.com\/paris\/wp-content\/uploads\/2024\/07\/iStock-1249331787-PAGE-2-scaled-e1720693505698-1024x512.jpg 1024w, https:\/\/www.thermalies.com\/paris\/wp-content\/uploads\/2024\/07\/iStock-1249331787-PAGE-2-scaled-e1720693505698-768x384.jpg 768w, https:\/\/www.thermalies.com\/paris\/wp-content\/uploads\/2024\/07\/iStock-1249331787-PAGE-2-scaled-e1720693505698-1536x768.jpg 1536w, https:\/\/www.thermalies.com\/paris\/wp-content\/uploads\/2024\/07\/iStock-1249331787-PAGE-2-scaled-e1720693505698-2048x1024.jpg 2048w, https:\/\/www.thermalies.com\/paris\/wp-content\/uploads\/2024\/07\/iStock-1249331787-PAGE-2-scaled-e1720693505698-150x75.jpg 150w, https:\/\/www.thermalies.com\/paris\/wp-content\/uploads\/2024\/07\/iStock-1249331787-PAGE-2-scaled-e1720693505698-500x250.jpg 500w, https:\/\/www.thermalies.com\/paris\/wp-content\/uploads\/2024\/07\/iStock-1249331787-PAGE-2-scaled-e1720693505698-600x300.jpg 600w\" sizes=\"(max-width: 2560px) 100vw, 2560px\" \/><\/p>\n<h2><span style=\"color: #0c5356;\">Visitez les 7 pavillons th\u00e9matiques du salon d\u00e9di\u00e9 au bien-\u00eatre et aux bienfaits de l&rsquo;eau<\/span><\/h2>\n<p><span style=\"color: #008080; font-size: 21px;\"><strong>1. Thalasso France<\/strong><\/span><\/p>\n<p><strong>Les traitements aux vertus pr\u00e9ventives reconnues de l&rsquo;eau de mer<\/strong><\/p>\n<p>Les bienfaits du milieu marin sont reconnus depuis l\u2019Antiquit\u00e9 pour soulager de nombreux maux et gagner en vitalit\u00e9. L\u2019offre Thalasso r\u00e9partie le long du littoral fran\u00e7ais est ainsi largement repr\u00e9sent\u00e9e sur le salon. Le grand public vient r\u00e9server des cures de thalassoth\u00e9rapie, afin de profiter des effets tonifiants et favorables pour la sant\u00e9 du climat marin, eau de mer,&nbsp;boues marines, algues et autres substances extraites de la mer.<\/p>\n<p><span style=\"color: #008080; font-size: 21px;\"><strong>2. Sources Thermales France<\/strong><\/span><\/p>\n<p><strong>Les cures m\u00e9dicinales et les courts s\u00e9jours bas\u00e9s sur les bienfaits de l&rsquo;eau min\u00e9rale<\/strong><\/p>\n<p>Pratique ancienne, la cure thermale, bas\u00e9e sur l\u2019utilisation des eaux chaudes et min\u00e9rales naturelles de sources, prodigue des bienfaits sur la sant\u00e9 qui sont m\u00e9dicalement reconnus. L&rsquo;eau thermale est utilis\u00e9e sous diverses formes, les curistes sont amen\u00e9s pour se soigner \u00e0 la boire (eau pure), la respirer (vapeur) ou encore \u00e0 s&rsquo;immerger dedans (boue thermale). Les visiteurs viennent sur le salon d\u00e9couvrir la m\u00e9decine thermale en r\u00e9ponse \u00e0 des pathologies pr\u00e9cises : rhumatismes, asthme, fibromyalgie&#8230; Au-del\u00e0 des cures sp\u00e9cifiques et conventionn\u00e9es, les stations thermales proposent \u00e9galement des courts-s\u00e9jours en Spa thermaux.<\/p>\n<p><span style=\"color: #008080; font-size: 21px;\"><strong>3. \u00c9vasion Spa<\/strong><\/span><\/p>\n<p><strong>Une zone de prestige d\u00e9di\u00e9e aux h\u00f4tels d&rsquo;exception offrant des soins de d\u00e9tente et de ressourcement<\/strong><\/p>\n<p>Dans un univers de luxe, des \u00e9tablissements d&rsquo;exception d\u00e9voilent leurs offres&nbsp;aux citadins qui&nbsp;souhaitent s\u2019\u00e9vader le temps d\u2019un s\u00e9jour ou d\u2019un weekend Spa. Une invitation \u00e0 la d\u00e9tente et au&nbsp;ressourcement avec des soins du corps&nbsp;personnalis\u00e9s.<\/p>\n<p><span style=\"color: #008080; font-size: 21px;\"><strong>4. Destinations d&rsquo;ailleurs<\/strong><\/span><\/p>\n<p><strong>Un espace r\u00e9serv\u00e9 aux \u00e9tablissements du monde entier proposant des soins d&rsquo;ailleurs<\/strong><\/p>\n<p>Un d\u00e9paysement assur\u00e9, une douceur de climat garantie, mais surtout la d\u00e9couverte de soins du monde et de traditions propos\u00e9es par de nombreuses destinations au-del\u00e0 de l\u2019hexagone. Ainsi les visiteurs trouveront sur le salon Thermalies&nbsp;un large choix en mati\u00e8re de cures thermales, de soins \u00e0 base d\u2019eau de mer, et de v\u00e9ritables escales bien-\u00eatre bas\u00e9es sur une culture du bain et des pratiques m\u00e9dicales venues d\u2019ailleurs (Ayurveda, m\u00e9decine traditionnelle chinoise&#8230;). Le bien-\u00eatre par l&rsquo;eau \u00e0 l&rsquo;\u00e9tranger pour une v\u00e9ritable \u00e9vasion, une parenth\u00e8se d\u00e9tente dans un cadre idyllique tout en profitant de soins prodigu\u00e9s par des experts. De nombreuses destinations \u00e0 l&rsquo;international seront repr\u00e9sent\u00e9es au salon des Thermalies pour r\u00e9pondre \u00e0 toutes les envies.<\/p>\n<p><strong>&nbsp;<\/strong><\/p>\n<p><span style=\"color: #008080; font-size: 21px;\"><strong>5. Long\u00e9vit\u00e9<\/strong><\/span><\/p>\n<p><strong>Le salon Les Thermalies 2026 inaugure un nouvel espace enti\u00e8rement consacr\u00e9 \u00e0 la long\u00e9vit\u00e9 et au vieillissement en bonne sant\u00e9<\/strong><\/p>\n<p>Au c\u0153ur de cet espace, un programme riche de conf\u00e9rences d&rsquo;experts, ateliers, stands de produits, innovations technologiques anim\u00e9es par des m\u00e9decins experts en nutrition, psychologie positive et activit\u00e9s physiques. L&rsquo;accent est mis sur les six piliers essentiels pour prolonger son esp\u00e9rance de vie en pleine sant\u00e9 : <strong>un sommeil r\u00e9parateur<\/strong>, <strong>une alimentation \u00e9quilibr\u00e9e<\/strong>, <strong>la pratique r\u00e9guli\u00e8re d&rsquo;une activit\u00e9 physique<\/strong>, <strong>la gestion du stress par la m\u00e9ditation<\/strong>, <strong>les cures d\u00e9toxifiantes<\/strong> et <strong>la reconnexion \u00e0 soi et \u00e0 la nature<\/strong>.<br data-start=\"805\" data-end=\"808\">Les visiteurs pourront ainsi s&rsquo;informer sur les derni\u00e8res recherches scientifiques, d\u00e9couvrir des outils concrets pour int\u00e9grer ces piliers dans leur quotidien et rencontrer des professionnels proposant des programmes personnalis\u00e9s pour optimiser leur capital sant\u00e9 \u00e0 long terme. Un espace incontournable pour tous ceux qui souhaitent devenir acteurs de leur bien-\u00eatre et pr\u00e9server leur vitalit\u00e9 au fil des ann\u00e9es.<\/p>\n<p><strong>&nbsp;<\/strong><\/p>\n<p><span style=\"color: #008080; font-size: 21px;\"><strong>6. Beauty Corner<\/strong><\/span><\/p>\n<p><strong>Cosm\u00e9tiques, nutri-cosm\u00e9tiques, instituts, cliniques et autres \u00e9tablissements d\u00e9di\u00e9s \u00e0 la pr\u00e9vention du vieillissement et au soin de soi<\/strong><\/p>\n<p>Le Beauty Corner est l\u2019espace incontournable pour celles et ceux qui souhaitent d\u00e9couvrir les derni\u00e8res tendances en mati\u00e8re de beaut\u00e9 et de soins anti-\u00e2ge. Les visiteurs pourront \u00e9changer avec des marques de cosm\u00e9tique marine, de dermo-cosm\u00e9tique, ainsi que des experts en nutri-cosm\u00e9tique qui associent nutrition et soin de la peau. Conseils personnalis\u00e9s, pr\u00e9sentations de nouveaut\u00e9s, d\u00e9monstrations de rituels beaut\u00e9 : cet espace propose une approche globale du soin, de l&rsquo;int\u00e9rieur et de l&rsquo;ext\u00e9rieur. Des cliniques et instituts sp\u00e9cialis\u00e9s seront \u00e9galement pr\u00e9sents pour informer sur les techniques innovantes de pr\u00e9vention du vieillissement cutan\u00e9.&nbsp;<\/p>\n<p><strong>&nbsp;<\/strong><\/p>\n<p><span style=\"color: #008080; font-size: 21px;\"><strong>7. Innovation Design &amp; Start-up Connect<\/strong><\/span><\/p>\n<p>Espace d\u00e9di\u00e9 aux start-ups proposant des produits et conseils sant\u00e9 et bien-\u00eatre aux visiteurs<br data-start=\"3955\" data-end=\"3958\">Un concentr\u00e9 d&rsquo;innovation pour d\u00e9couvrir en avant-premi\u00e8re les solutions de demain dans l&rsquo;univers du bien-\u00eatre, du design et de la sant\u00e9 connect\u00e9e. Les jeunes entreprises exposantes pr\u00e9sentent des concepts disruptifs : objets connect\u00e9s pour mieux g\u00e9rer son sommeil ou son hydratation, dispositifs de suivi de la sant\u00e9 au quotidien, applications de m\u00e9ditation, \u00e9quipements de Spa nouvelle g\u00e9n\u00e9ration, mobilier ergonomique pour la relaxation&#8230; Cet espace est aussi l&rsquo;occasion d\u2019\u00e9changer directement avec les cr\u00e9ateurs de projets inspirants, de tester de nouveaux produits et d&rsquo;explorer les tendances qui fa\u00e7onneront l&rsquo;avenir du bien-\u00eatre<\/p>\t\t\t\t\t\t\t\t<\/div>\n\t\t\t\t<\/div>\n\t\t\t\t\t<\/div>\n\t\t<\/div>\n\t\t\t\t\t<\/div>\n\t\t<\/section>\n\t\t\t\t<\/div>\n\t\t","protected":false},"excerpt":{"rendered":"<p>Visitez les 7 pavillons th\u00e9matiques du salon d\u00e9di\u00e9 au bien-\u00eatre et aux bienfaits de l&rsquo;eau 1. Thalasso France Les traitements aux vertus pr\u00e9ventives reconnues de l&rsquo;eau de mer Les bienfaits du milieu marin sont reconnus depuis l\u2019Antiquit\u00e9 pour soulager de nombreux maux et gagner en vitalit\u00e9. L\u2019offre Thalasso r\u00e9partie le long du littoral fran\u00e7ais est&hellip; <\/p>\n","protected":false},"author":1,"featured_media":0,"parent":2,"menu_order":0,"comment_status":"closed","ping_status":"closed","template":"","meta":{"footnotes":""},"class_list":["post-486","page","type-page","status-publish","hentry"],"aioseo_notices":[],"_links":{"self":[{"href":"https:\/\/www.thermalies.com\/paris\/wp-json\/wp\/v2\/pages\/486","targetHints":{"allow":["GET"]}}],"collection":[{"href":"https:\/\/www.thermalies.com\/paris\/wp-json\/wp\/v2\/pages"}],"about":[{"href":"https:\/\/www.thermalies.com\/paris\/wp-json\/wp\/v2\/types\/page"}],"author":[{"embeddable":true,"href":"https:\/\/www.thermalies.com\/paris\/wp-json\/wp\/v2\/users\/1"}],"replies":[{"embeddable":true,"href":"https:\/\/www.thermalies.com\/paris\/wp-json\/wp\/v2\/comments?post=486"}],"version-history":[{"count":21,"href":"https:\/\/www.thermalies.com\/paris\/wp-json\/wp\/v2\/pages\/486\/revisions"}],"predecessor-version":[{"id":16226,"href":"https:\/\/www.thermalies.com\/paris\/wp-json\/wp\/v2\/pages\/486\/revisions\/16226"}],"up":[{"embeddable":true,"href":"https:\/\/www.thermalies.com\/paris\/wp-json\/wp\/v2\/pages\/2"}],"wp:attachment":[{"href":"https:\/\/www.thermalies.com\/paris\/wp-json\/wp\/v2\/media?parent=486"}],"curies":[{"name":"wp","href":"https:\/\/api.w.org\/{rel}","templated":true}]}}