{"id":524,"date":"2024-07-01T14:00:06","date_gmt":"2024-07-01T12:00:06","guid":{"rendered":"http:\/\/www.salon-biogourmand.com\/?page_id=524"},"modified":"2025-04-30T11:12:31","modified_gmt":"2025-04-30T09:12:31","slug":"espace-presse","status":"publish","type":"page","link":"https:\/\/www.thermalies.com\/paris\/pressepartenaires\/espace-presse\/","title":{"rendered":"Espace presse"},"content":{"rendered":"<h3><img fetchpriority=\"high\" decoding=\"async\" class=\"alignnone wp-image-15865 size-full\" src=\"http:\/\/www.thermalies.com\/paris\/wp-content\/uploads\/2025\/04\/THERMALIES-2025_\u0451Photo-Faust-Favart_99-1.jpg\" alt=\"\" width=\"7861\" height=\"5164\" srcset=\"https:\/\/www.thermalies.com\/paris\/wp-content\/uploads\/2025\/04\/THERMALIES-2025_\u0451Photo-Faust-Favart_99-1.jpg 7861w, https:\/\/www.thermalies.com\/paris\/wp-content\/uploads\/2025\/04\/THERMALIES-2025_\u0451Photo-Faust-Favart_99-1-300x197.jpg 300w, https:\/\/www.thermalies.com\/paris\/wp-content\/uploads\/2025\/04\/THERMALIES-2025_\u0451Photo-Faust-Favart_99-1-1024x673.jpg 1024w, https:\/\/www.thermalies.com\/paris\/wp-content\/uploads\/2025\/04\/THERMALIES-2025_\u0451Photo-Faust-Favart_99-1-768x505.jpg 768w, https:\/\/www.thermalies.com\/paris\/wp-content\/uploads\/2025\/04\/THERMALIES-2025_\u0451Photo-Faust-Favart_99-1-1536x1009.jpg 1536w, https:\/\/www.thermalies.com\/paris\/wp-content\/uploads\/2025\/04\/THERMALIES-2025_\u0451Photo-Faust-Favart_99-1-150x99.jpg 150w, https:\/\/www.thermalies.com\/paris\/wp-content\/uploads\/2025\/04\/THERMALIES-2025_\u0451Photo-Faust-Favart_99-1-500x328.jpg 500w, https:\/\/www.thermalies.com\/paris\/wp-content\/uploads\/2025\/04\/THERMALIES-2025_\u0451Photo-Faust-Favart_99-1-600x394.jpg 600w\" sizes=\"(max-width: 7861px) 100vw, 7861px\" \/><\/h3>\n<h2><span style=\"color: #458c7f;\">La presse parle des Thermalies<\/span><\/h2>\n<p><strong><span style=\"color: #008080;\">Une s\u00e9lection d\u2019articles parmi les 250 publi\u00e9s \u00e0 l\u2019occasion du salon 2025 :<\/span><\/strong><\/p>\n<ul>\n<li><strong>Le Salon Les Thermalies &#8211; 16\/11\/24<\/strong> : <a href=\"https:\/\/www.senseofwellness-mag.com\/2024\/11\/16\/thermalies-2025-zoom-sur-les-deux-rendez-vous-incontournables-du-secteur-wellness\/\">https:\/\/www.senseofwellness-mag.com\/2024\/11\/16\/thermalies-2025-zoom-sur-les-deux-rendez-vous-incontournables-du-secteur-wellness\/<\/a><\/li>\n<li><strong>Les Thermalies 2025 : le salon de l&rsquo;eau et du bien-\u00eatre au Carrousel du Louvre &#8211; 27\/11\/24<\/strong> : <a href=\"https:\/\/www.sortiraparis.com\/loisirs\/salon\/articles\/307825-les-thermalies-2025-le-salon-de-l-eau-et-du-bien-etre-au-carrousel-du-louvre\">https:\/\/www.sortiraparis.com\/loisirs\/salon\/articles\/307825-les-thermalies-2025-le-salon-de-l-eau-et-du-bien-etre-au-carrousel-du-louvre<\/a><\/li>\n<li><strong>Les Thermalies \u00e0 Lyon du 17 au 19 janvier 2025 &#8211; 23\/09\/24<\/strong> : <a href=\"https:\/\/www.tendancehotellerie.fr\/agenda\/22785-article\/les-thermalies-a-lyon-du-17-au-19-janvier-2025\">https:\/\/www.tendancehotellerie.fr\/agenda\/22785-article\/les-thermalies-a-lyon-du-17-au-19-janvier-2025<\/a><\/li>\n<li><strong>Les Thermalies 2025 : le rendez-vous incontournable pour prendre soin de son bien-\u00eatre &#8211; 09\/01\/25<\/strong> : <a href=\"https:\/\/www.psychologies.com\/actualites\/loisirs-et-culture\/Les-Thermalies-2025-le-rendez-vous-incontournable-pour-prendre-soin-de-son-bien-etre-588355\">https:\/\/www.psychologies.com\/actualites\/loisirs-et-culture\/Les-Thermalies-2025-le-rendez-vous-incontournable-pour-prendre-soin-de-son-bien-etre-588355<\/a><\/li>\n<li><strong>Thermalies 2025 : les meilleures cures thermales et thalasso pour prendre soin de sa sant\u00e9 &#8211; 16\/01\/25<\/strong> : <a href=\"https:\/\/www.santemagazine.fr\/medecines-alternatives\/approches-naturelles\/thermalies-2025-les-meilleures-cures-thermales-et-thalasso-pour-prendre-soin-de-sa-sante-1109701\">https:\/\/www.santemagazine.fr\/medecines-alternatives\/approches-naturelles\/thermalies-2025-les-meilleures-cures-thermales-et-thalasso-pour-prendre-soin-de-sa-sante-1109701<\/a><\/li>\n<li><strong>Arthrose, mal de dos, sommeil\u2026 Des mini-cures \u00e0 petits prix pour maxi-effets &#8211; 13\/01\/25<\/strong> : <a href=\"https:\/\/www.notretemps.com\/sante-bien-etre\/medecines-douces\/arthrose-mal-de-dos-sommeil-des-mini-cures-a-petits-prix-pour-maxi-effets-104994\">https:\/\/www.notretemps.com\/sante-bien-etre\/medecines-douces\/arthrose-mal-de-dos-sommeil-des-mini-cures-a-petits-prix-pour-maxi-effets-104994<\/a><\/li>\n<li><strong>RFM Partenaire du salon \u201cLes Thermalies\u201d du 23 au 26 janvier 2025 &#8211; 16\/01\/25<\/strong> : <a href=\"http:\/\/www.rfm.fr\/partenariats\/RFM-partenaire-du-salon-Les-Thermalies-du-23-au-26-janvier-a-Paris\">http:\/\/www.rfm.fr\/partenariats\/RFM-partenaire-du-salon-Les-Thermalies-du-23-au-26-janvier-a-Paris<\/a><\/li>\n<li><strong>Thalasso: les 10 nouveaux programmes \u00e0 tester en 2025 &#8211; 17\/01\/25<\/strong> :\u00a0<a href=\"https:\/\/www.lefigaro.fr\/lefigaromagazine\/pourquoi-la-thalasso-pourrait-etre-votre-meilleur-alliee-sante-cette-annee-20250117\">https:\/\/www.lefigaro.fr\/lefigaromagazine\/pourquoi-la-thalasso-pourrait-etre-votre-meilleur-alliee-sante-cette-annee-20250117<\/a><\/li>\n<li><strong>Pourquoi la thalasso pourrait \u00eatre votre meilleure alli\u00e9e sant\u00e9 cette ann\u00e9e &#8211; 17\/01\/2<\/strong>5 : <a href=\"https:\/\/www.lefigaro.fr\/lefigaromagazine\/pourquoi-la-thalasso-pourrait-etre-votre-meilleur-alliee-sante-cette-annee-20250117\">https:\/\/www.lefigaro.fr\/lefigaromagazine\/pourquoi-la-thalasso-pourrait-etre-votre-meilleur-alliee-sante-cette-annee-20250117<\/a><\/li>\n<li><strong>Apr\u00e8s un AVC, une cure thermale aux multiples vertus &#8211; 19\/01\/25<\/strong> : <a href=\"https:\/\/www.lavie.fr\/ma-vie\/loisirs\/apres-un-avc-une-cure-thermale-aux-multiples-vertus-97463.php\">https:\/\/www.lavie.fr\/ma-vie\/loisirs\/apres-un-avc-une-cure-thermale-aux-multiples-vertus-97463.php<\/a><\/li>\n<li><strong>Balinais, tha\u00ef ou chinois : \u00e0 chacun son massage &#8211; 22\/01\/25<\/strong> : <a href=\"https:\/\/www.lesechos.fr\/weekend\/perso\/balinais-thai-ou-chinois-a-chacun-son-massage-2143997\">https:\/\/www.lesechos.fr\/weekend\/perso\/balinais-thai-ou-chinois-a-chacun-son-massage-2143997<\/a><\/li>\n<li><strong>Cures thermales : le contexte \u00e9conomique p\u00e8se toujours sur la fr\u00e9quentation &#8211; 23\/01\/25<\/strong> :\u00a0<a href=\"https:\/\/www.notretemps.com\/depeches\/cures-thermales-le-contexte-economique-pese-toujours-sur-la-frequentation-107080\">https:\/\/www.notretemps.com\/depeches\/cures-thermales-le-contexte-economique-pese-toujours-sur-la-frequentation-107080<\/a><\/li>\n<li><strong>Cures thermales : une fr\u00e9quentation en hausse, mais toujours loin du niveau d&rsquo;avant Covid &#8211; 23\/01\/25<\/strong> : <a href=\"https:\/\/www.francetvinfo.fr\/sante\/cures-thermales-une-frequentation-en-hausse-mais-toujours-loin-du-niveau-d-avant-covid_7030634.html\">https:\/\/www.francetvinfo.fr\/sante\/cures-thermales-une-frequentation-en-hausse-mais-toujours-loin-du-niveau-d-avant-covid_7030634.html<\/a><\/li>\n<li><strong>Moins de curistes traditionnels, plus de courts s\u00e9jours et de spas : les stations thermales en qu\u00eate de renouveau &#8211; 23\/01\/25<\/strong> : <a href=\"https:\/\/www.lemonde.fr\/economie\/article\/2025\/01\/23\/moins-de-curistes-traditionnels-plus-de-courts-sejours-et-de-spas-les-stations-thermales-en-quete-de-renouveau_6511405_3234.html\">https:\/\/www.lemonde.fr\/economie\/article\/2025\/01\/23\/moins-de-curistes-traditionnels-plus-de-courts-sejours-et-de-spas-les-stations-thermales-en-quete-de-renouveau_6511405_3234.html<\/a><\/li>\n<li>Les Thermalies 2025 &#8211; 24\/01\/25 : http:\/\/www.bfm.fr<\/li>\n<li><strong>Salon des Thermalies 2025 : la m\u00e9nopause, un dialogue qui s&rsquo;installe&#8230; &#8211; 22\/01\/25<\/strong> : <a href=\"https:\/\/www.senioractu.com\/Salon-des-Thermalies-2025-la-menopause-un-dialogue-qui-s-installe_a26148.html\">https:\/\/www.senioractu.com\/Salon-des-Thermalies-2025-la-menopause-un-dialogue-qui-s-installe_a26148.html<\/a><\/li>\n<li><strong>Thalasso : sommeil, stress\u2026 Les nouveaux programmes fran\u00e7ais \u00e0 suivre en 2025 &#8211; 26\/01\/25<\/strong> : <a href=\"https:\/\/www.femina.fr\/article\/prendre-du-temps-pour-soi-nos-recommandations-thalasso-pour-des-sejours-de-detente-et-sans-stress\">https:\/\/www.femina.fr\/article\/prendre-du-temps-pour-soi-nos-recommandations-thalasso-pour-des-sejours-de-detente-et-sans-stress<\/a><\/li>\n<li><strong>Le Salon Les Thermalies : nouveaut\u00e9s, tendances, recherches&#8230; Tout savoir sur les soins par les eaux ! &#8211; 26\/01\/25<\/strong> :\u00a0<a href=\"https:\/\/www.sudradio.fr\/emission\/la-france-a-decouvrir-159\">https:\/\/www.sudradio.fr\/emission\/la-france-a-decouvrir-159<\/a><\/li>\n<li><strong>Thalasso en 2025, les innovations qui r\u00e9volutionnent la sant\u00e9 et le bien-\u00eatre &#8211; 28\/01\/25 <\/strong>: <a href=\"https:\/\/www.doctissimo.fr\/forme\/thalasso\/cure-de-thalasso\/thalasso-en-2025-les-innovations-qui-revolutionnent-la-sante-et-le-bien-etre-323275.htm\">https:\/\/www.doctissimo.fr\/forme\/thalasso\/cure-de-thalasso\/thalasso-en-2025-les-innovations-qui-revolutionnent-la-sante-et-le-bien-etre-323275.htm<\/a><\/li>\n<li><strong>La sant\u00e9 par l&rsquo;eau &#8211; 29\/01\/25<\/strong> : <a href=\"https:\/\/www.tourmag.com\/Futuroscopie-la-sante-par-l-eau-le-Meli-Meleau-ABO_a125493.html\">https:\/\/www.tourmag.com\/Futuroscopie-la-sante-par-l-eau-le-Meli-Meleau-ABO_a125493.html<\/a><\/li>\n<li><strong>Les Thermalies \u00e0 Paris, un salon qui fait toujours le plein &#8211; 31\/01\/25<\/strong> :\u00a0<a href=\"https:\/\/www.laquotidienne.fr\/les-thermalies-a-paris-un-salon-qui-fait-toujours-le-plein\/\">https:\/\/www.laquotidienne.fr\/les-thermalies-a-paris-un-salon-qui-fait-toujours-le-plein\/<\/a><\/li>\n<li><strong>Les Thermalies 2025 confirment leur succ\u00e8s &#8211; 13\/02\/25<\/strong> : <a href=\"https:\/\/www.senseofwellness-mag.com\/2025\/02\/13\/les-thermalies-2025-confirment-leur-succes\/\">https:\/\/www.senseofwellness-mag.com\/2025\/02\/13\/les-thermalies-2025-confirment-leur-succes\/<\/a><\/li>\n<\/ul>\n<p>&nbsp;<\/p>\n<p><span style=\"color: #008080; font-size: 18pt;\"><strong>Archives :<\/strong><\/span><\/p>\n<p><a href=\"https:\/\/www.thermalies.com\/paris\/articles-de-presse-2024\/\"><strong>Retrouvez les communiqu\u00e9s et newsletters Thermalies 2024<\/strong><\/a><\/p>\n<p><strong><a href=\"https:\/\/www.thermalies.com\/paris\/articles-de-presse-2023\">Retrouvez les communiqu\u00e9s et newsletters Thermalies 2023<\/a><\/strong><\/p>\n<p><strong><a href=\"https:\/\/www.thermalies.com\/paris\/articles-de-presse-2022\">Retrouvez les communiqu\u00e9s et newsletters Thermalies 2022<\/a><\/strong><\/p>\n<p><strong><a href=\"https:\/\/www.thermalies.com\/paris\/articles-de-presse-2021\">Retrouvez les communiqu\u00e9s et newsletters Thermalies 2021<\/a><\/strong><\/p>\n<p><strong><a href=\"https:\/\/www.thermalies.com\/paris\/articles-de-presse-2020\/\">Retrouvez les communiqu\u00e9s et newsletters Thermalies 2020<\/a><\/strong><\/p>\n<p><a href=\"https:\/\/www.thermalies.com\/paris\/articles-de-presse-2019\" target=\"_blank\" rel=\"noopener\"><strong>Retrouvez les communiqu\u00e9s et newsletters Thermalies 2019<\/strong><\/a><\/p>\n<p><strong><a href=\"https:\/\/www.thermalies.com\/paris\/articles-de-presse-2018\">Retrouvez les communiqu\u00e9s et newsletters Thermalies 2018<\/a><\/strong><\/p>\n<p><strong><a href=\"https:\/\/www.thermalies.com\/paris\/articles-de-presse-2017\" target=\"_blank\" rel=\"noopener\">Retrouvez les communiqu\u00e9s et newsletters Thermalies 2017<\/a><\/strong><\/p>\n<p>&nbsp;<\/p>\n<p>&nbsp;<\/p>\n<p style=\"text-align: center;\">****************<\/p>\n<p>Les communiqu\u00e9s de presse et newsletters sont envoy\u00e9s \u00e0 une s\u00e9lection de plus de 1 400 journalistes dans le cadre du salon Les Thermalies.<\/p>\n<hr \/>\n<p>Vous \u00eates journaliste\u00a0? Abonnez-vous \u00e0 la newsletter presse <a href=\"mailto:gbilinska@gbcom.fr\" target=\"_blank\" rel=\"noopener\">ici<\/a>.<\/p>\n<hr \/>\n<p>Vous souhaitez contacter le service de Presse des Thermalies ou obtenir une accr\u00e9ditation Presse :<br \/>\nAgence GBCOM<br \/>\n<strong>Grazyna BILINSKA<\/strong><br \/>\nT\u00e9l. : +33 (0)6 64 43 98 25<br \/>\n<span class=\"s1\"><a href=\"mailto:gbilinska@gbcom.fr\" target=\"_blank\" rel=\"noopener noreferrer\">gbilinska@gbcom.fr<\/a><\/span><\/p>\n<p>&nbsp;<\/p>\n<h2><span style=\"color: #458c7f;\">T\u00e9l\u00e9chargez les outils de communication dont vous avez besoin <a href=\"https:\/\/www.thermalies.com\/paris\/exposer\/outils-de-communication\/\" target=\"_blank\" rel=\"noopener\">ici<\/a>\u00a0<\/span><\/h2>\n<p>&nbsp;<\/p>\n","protected":false},"excerpt":{"rendered":"<p>La presse parle des Thermalies Une s\u00e9lection d\u2019articles parmi les 250 publi\u00e9s \u00e0 l\u2019occasion du salon 2025 : Le Salon Les Thermalies &#8211; 16\/11\/24 : https:\/\/www.senseofwellness-mag.com\/2024\/11\/16\/thermalies-2025-zoom-sur-les-deux-rendez-vous-incontournables-du-secteur-wellness\/ Les Thermalies 2025 : le salon de l&rsquo;eau et du bien-\u00eatre au Carrousel du Louvre &#8211; 27\/11\/24 : https:\/\/www.sortiraparis.com\/loisirs\/salon\/articles\/307825-les-thermalies-2025-le-salon-de-l-eau-et-du-bien-etre-au-carrousel-du-louvre Les Thermalies \u00e0 Lyon du 17 au 19 janvier 2025&hellip; <\/p>\n","protected":false},"author":1,"featured_media":15865,"parent":24,"menu_order":0,"comment_status":"closed","ping_status":"closed","template":"","meta":{"footnotes":""},"class_list":["post-524","page","type-page","status-publish","has-post-thumbnail","hentry"],"aioseo_notices":[],"_links":{"self":[{"href":"https:\/\/www.thermalies.com\/paris\/wp-json\/wp\/v2\/pages\/524","targetHints":{"allow":["GET"]}}],"collection":[{"href":"https:\/\/www.thermalies.com\/paris\/wp-json\/wp\/v2\/pages"}],"about":[{"href":"https:\/\/www.thermalies.com\/paris\/wp-json\/wp\/v2\/types\/page"}],"author":[{"embeddable":true,"href":"https:\/\/www.thermalies.com\/paris\/wp-json\/wp\/v2\/users\/1"}],"replies":[{"embeddable":true,"href":"https:\/\/www.thermalies.com\/paris\/wp-json\/wp\/v2\/comments?post=524"}],"version-history":[{"count":19,"href":"https:\/\/www.thermalies.com\/paris\/wp-json\/wp\/v2\/pages\/524\/revisions"}],"predecessor-version":[{"id":15997,"href":"https:\/\/www.thermalies.com\/paris\/wp-json\/wp\/v2\/pages\/524\/revisions\/15997"}],"up":[{"embeddable":true,"href":"https:\/\/www.thermalies.com\/paris\/wp-json\/wp\/v2\/pages\/24"}],"wp:featuredmedia":[{"embeddable":true,"href":"https:\/\/www.thermalies.com\/paris\/wp-json\/wp\/v2\/media\/15865"}],"wp:attachment":[{"href":"https:\/\/www.thermalies.com\/paris\/wp-json\/wp\/v2\/media?parent=524"}],"curies":[{"name":"wp","href":"https:\/\/api.w.org\/{rel}","templated":true}]}}