{"id":5277,"date":"2018-01-12T12:39:35","date_gmt":"2018-01-12T11:39:35","guid":{"rendered":"http:\/\/www.thermalies.com\/paris\/?page_id=5277"},"modified":"2025-04-25T14:45:37","modified_gmt":"2025-04-25T12:45:37","slug":"lespace-massages","status":"publish","type":"page","link":"https:\/\/www.thermalies.com\/paris\/programme\/lespace-massages\/","title":{"rendered":"L&rsquo;Espace Massages"},"content":{"rendered":"<p><img fetchpriority=\"high\" decoding=\"async\" class=\"alignnone wp-image-15845 size-full\" src=\"http:\/\/www.thermalies.com\/paris\/wp-content\/uploads\/2025\/04\/THERMALIES-2025_\u0451Photo-Faust-Favart_305-1-scaled.jpg\" alt=\"\" width=\"2560\" height=\"1273\" srcset=\"https:\/\/www.thermalies.com\/paris\/wp-content\/uploads\/2025\/04\/THERMALIES-2025_\u0451Photo-Faust-Favart_305-1-scaled.jpg 2560w, https:\/\/www.thermalies.com\/paris\/wp-content\/uploads\/2025\/04\/THERMALIES-2025_\u0451Photo-Faust-Favart_305-1-300x149.jpg 300w, https:\/\/www.thermalies.com\/paris\/wp-content\/uploads\/2025\/04\/THERMALIES-2025_\u0451Photo-Faust-Favart_305-1-1024x509.jpg 1024w, https:\/\/www.thermalies.com\/paris\/wp-content\/uploads\/2025\/04\/THERMALIES-2025_\u0451Photo-Faust-Favart_305-1-768x382.jpg 768w, https:\/\/www.thermalies.com\/paris\/wp-content\/uploads\/2025\/04\/THERMALIES-2025_\u0451Photo-Faust-Favart_305-1-1536x764.jpg 1536w, https:\/\/www.thermalies.com\/paris\/wp-content\/uploads\/2025\/04\/THERMALIES-2025_\u0451Photo-Faust-Favart_305-1-2048x1018.jpg 2048w, https:\/\/www.thermalies.com\/paris\/wp-content\/uploads\/2025\/04\/THERMALIES-2025_\u0451Photo-Faust-Favart_305-1-150x75.jpg 150w, https:\/\/www.thermalies.com\/paris\/wp-content\/uploads\/2025\/04\/THERMALIES-2025_\u0451Photo-Faust-Favart_305-1-500x249.jpg 500w, https:\/\/www.thermalies.com\/paris\/wp-content\/uploads\/2025\/04\/THERMALIES-2025_\u0451Photo-Faust-Favart_305-1-600x298.jpg 600w\" sizes=\"(max-width: 2560px) 100vw, 2560px\" \/><strong>\u00a0<\/strong><\/p>\n<p style=\"font-weight: 400;\">D\u00e9couvrez l\u2019Espace Massages D\u00e9tente, un lieu d\u00e9di\u00e9 au bien-\u00eatre, o\u00f9 se conjuguent modelages corporels et r\u00e9flexologie combin\u00e9e. Cette approche associe diff\u00e9rentes techniques manuelles r\u00e9flexes \u2013 plantaire (pieds), faciale \u00ab Dien Chan \u00bb (visage), auriculaire (oreilles) et palmaire (mains) \u2013 afin de favoriser l\u2019harmonisation naturelle du corps.<\/p>\n<p style=\"font-weight: 400;\">Lors de votre visite aux Thermalies, offrez-vous un moment de relaxation avec un massage de bien-\u00eatre. Ces soins, \u00e0 vis\u00e9e relaxante et pr\u00e9ventive, vous invitent \u00e0 un v\u00e9ritable voyage sensoriel, propice \u00e0 l\u2019apaisement du corps et de l\u2019esprit.<\/p>\n<p><span style=\"color: #0c5356;\"><strong>Venez d\u00e9couvrir les nombreux bienfaits des diff\u00e9rentes techniques de massage de bien-\u00eatre (massage payant).<\/strong><\/span><\/p>\n<p>\u00c0 l\u2019occasion de votre visite aux Thermalies, laissez-vous tenter par un massage de bien-\u00eatre, de relaxation et de pr\u00e9vention. Autant de pratiques pour vous transporter dans un univers qui r\u00e9veille vos sens et lib\u00e8re votre esprit.<span class=\"apple-converted-space\">\u00a0<\/span><\/p>\n<p><span style=\"color: #0c5356;\"><strong>Savez-vous quels sont les bienfaits des massages ?<\/strong><\/span><\/p>\n<p>\u00c9tirer les muscles, mobiliser les articulations, malaxer les points douloureux est l&rsquo;art de gu\u00e9rir parmi les plus anciens. Se faire masser, c&rsquo;est prendre soin de soi mais aussi mieux r\u00e9sister au stress d\u00e9clencheur de pathologies\u2026<\/p>\n<p>Au-del\u00e0 du plaisir et de la d\u00e9tente qu&rsquo;il procure sur le moment, le massage a des vertus curatives incontest\u00e9es, \u00e0 court et long terme, pour r\u00e9duire les raideurs articulaires et les douleurs neuromusculaires chroniques, apaiser les maux de t\u00eate et les troubles digestifs, stimuler les d\u00e9fenses immunitaires ainsi que la circulation sanguine et lymphatique.<\/p>\n<p>&nbsp;<\/p>\n<p class=\"p2\">\n","protected":false},"excerpt":{"rendered":"<p>\u00a0 D\u00e9couvrez l\u2019Espace Massages D\u00e9tente, un lieu d\u00e9di\u00e9 au bien-\u00eatre, o\u00f9 se conjuguent modelages corporels et r\u00e9flexologie combin\u00e9e. Cette approche associe diff\u00e9rentes techniques manuelles r\u00e9flexes \u2013 plantaire (pieds), faciale \u00ab Dien Chan \u00bb (visage), auriculaire (oreilles) et palmaire (mains) \u2013 afin de favoriser l\u2019harmonisation naturelle du corps. Lors de votre visite aux Thermalies, offrez-vous un&hellip; <\/p>\n","protected":false},"author":1,"featured_media":0,"parent":14,"menu_order":0,"comment_status":"closed","ping_status":"closed","template":"","meta":{"footnotes":""},"class_list":["post-5277","page","type-page","status-publish","hentry"],"aioseo_notices":[],"_links":{"self":[{"href":"https:\/\/www.thermalies.com\/paris\/wp-json\/wp\/v2\/pages\/5277","targetHints":{"allow":["GET"]}}],"collection":[{"href":"https:\/\/www.thermalies.com\/paris\/wp-json\/wp\/v2\/pages"}],"about":[{"href":"https:\/\/www.thermalies.com\/paris\/wp-json\/wp\/v2\/types\/page"}],"author":[{"embeddable":true,"href":"https:\/\/www.thermalies.com\/paris\/wp-json\/wp\/v2\/users\/1"}],"replies":[{"embeddable":true,"href":"https:\/\/www.thermalies.com\/paris\/wp-json\/wp\/v2\/comments?post=5277"}],"version-history":[{"count":6,"href":"https:\/\/www.thermalies.com\/paris\/wp-json\/wp\/v2\/pages\/5277\/revisions"}],"predecessor-version":[{"id":15908,"href":"https:\/\/www.thermalies.com\/paris\/wp-json\/wp\/v2\/pages\/5277\/revisions\/15908"}],"up":[{"embeddable":true,"href":"https:\/\/www.thermalies.com\/paris\/wp-json\/wp\/v2\/pages\/14"}],"wp:attachment":[{"href":"https:\/\/www.thermalies.com\/paris\/wp-json\/wp\/v2\/media?parent=5277"}],"curies":[{"name":"wp","href":"https:\/\/api.w.org\/{rel}","templated":true}]}}