{"id":5295,"date":"2018-01-17T16:55:16","date_gmt":"2018-01-17T15:55:16","guid":{"rendered":"http:\/\/www.thermalies.com\/paris\/?page_id=5295"},"modified":"2018-01-17T17:04:17","modified_gmt":"2018-01-17T16:04:17","slug":"parcours-thermalies-business","status":"publish","type":"page","link":"https:\/\/www.thermalies.com\/paris\/visiter\/parcours-thermalies-business\/","title":{"rendered":"Parcours Thermalies Business"},"content":{"rendered":"<p>Depuis 35 ans, les Salon des Thermalies s\u2019impose comme LA r\u00e9f\u00e9rence en mati\u00e8re de sant\u00e9 et du bien-\u00eatre par l\u2019eau, et r\u00e9v\u00e8le les nouvelles tendances du secteur. En 2018, le rendez-vous incontournable du thermalisme, de la thalassoth\u00e9rapie, du spa et de la baln\u00e9oth\u00e9rapie aura lieu <strong>du 1<sup>er<\/sup> au 4 f\u00e9vrier 2018 au Carrousel du Louvre <\/strong><strong>\u00e0<\/strong><strong> Paris<\/strong>.<\/p>\n<p><em>\u00a0<\/em><\/p>\n<h2><strong><u>Le Parcours Thermalies Business &#8211; la nouvelle approche des Thermalies PARIS<\/u><\/strong><\/h2>\n<p>En 35 ans, les Thermalies est devenu le salon leader dans le domaine de l\u2019eau et du bien-\u00eatre. C\u2019est en effet le seul salon qui avec plus de 300 exposants, regroupe l\u2019ensemble des intervenants dans les secteurs du thermalisme, de la thalassoth\u00e9rapie et de la baln\u00e9oth\u00e9rapie. C\u2019est aux Thermalies, que les professionnels du bien-\u00eatre d\u00e9nichent les futures tendances.<\/p>\n<p>Le parcours \u00ab\u00a0Thermalies Business\u00a0\u00bb vous permettra de faciliter votre visite et d\u00e9couvrir des fournisseurs proposant les derni\u00e8res innovations en termes de mat\u00e9riel de soin, de cosm\u00e9tiques ou encore d&rsquo;\u00e9quipements d&rsquo;hydroth\u00e9rapie.<\/p>\n<p><strong>\u00a0<\/strong><\/p>\n<p><img decoding=\"async\" class=\"wp-image-5296 alignleft\" src=\"http:\/\/www.thermalies.com\/paris\/wp-content\/uploads\/2018\/01\/Fotolia_107137868_M.jpg\" alt=\"\" width=\"259\" height=\"156\" srcset=\"https:\/\/www.thermalies.com\/paris\/wp-content\/uploads\/2018\/01\/Fotolia_107137868_M.jpg 1779w, https:\/\/www.thermalies.com\/paris\/wp-content\/uploads\/2018\/01\/Fotolia_107137868_M-600x360.jpg 600w, https:\/\/www.thermalies.com\/paris\/wp-content\/uploads\/2018\/01\/Fotolia_107137868_M-300x180.jpg 300w, https:\/\/www.thermalies.com\/paris\/wp-content\/uploads\/2018\/01\/Fotolia_107137868_M-768x461.jpg 768w, https:\/\/www.thermalies.com\/paris\/wp-content\/uploads\/2018\/01\/Fotolia_107137868_M-1024x615.jpg 1024w, https:\/\/www.thermalies.com\/paris\/wp-content\/uploads\/2018\/01\/Fotolia_107137868_M-150x90.jpg 150w, https:\/\/www.thermalies.com\/paris\/wp-content\/uploads\/2018\/01\/Fotolia_107137868_M-500x300.jpg 500w\" sizes=\"(max-width: 259px) 100vw, 259px\" \/><\/p>\n<p><img decoding=\"async\" class=\"wp-image-5297 alignleft\" src=\"http:\/\/www.thermalies.com\/paris\/wp-content\/uploads\/2018\/01\/Fotolia_129606659_M.jpg\" alt=\"\" width=\"236\" height=\"157\" srcset=\"https:\/\/www.thermalies.com\/paris\/wp-content\/uploads\/2018\/01\/Fotolia_129606659_M.jpg 1688w, https:\/\/www.thermalies.com\/paris\/wp-content\/uploads\/2018\/01\/Fotolia_129606659_M-600x400.jpg 600w, https:\/\/www.thermalies.com\/paris\/wp-content\/uploads\/2018\/01\/Fotolia_129606659_M-300x200.jpg 300w, https:\/\/www.thermalies.com\/paris\/wp-content\/uploads\/2018\/01\/Fotolia_129606659_M-768x512.jpg 768w, https:\/\/www.thermalies.com\/paris\/wp-content\/uploads\/2018\/01\/Fotolia_129606659_M-1024x682.jpg 1024w, https:\/\/www.thermalies.com\/paris\/wp-content\/uploads\/2018\/01\/Fotolia_129606659_M-750x500.jpg 750w, https:\/\/www.thermalies.com\/paris\/wp-content\/uploads\/2018\/01\/Fotolia_129606659_M-150x100.jpg 150w, https:\/\/www.thermalies.com\/paris\/wp-content\/uploads\/2018\/01\/Fotolia_129606659_M-500x333.jpg 500w\" sizes=\"(max-width: 236px) 100vw, 236px\" \/><\/p>\n<p><strong><img decoding=\"async\" class=\"wp-image-5298 alignleft\" src=\"http:\/\/www.thermalies.com\/paris\/wp-content\/uploads\/2018\/01\/Fotolia_75722569_M.jpg\" alt=\"\" width=\"237\" height=\"158\" srcset=\"https:\/\/www.thermalies.com\/paris\/wp-content\/uploads\/2018\/01\/Fotolia_75722569_M.jpg 1688w, https:\/\/www.thermalies.com\/paris\/wp-content\/uploads\/2018\/01\/Fotolia_75722569_M-600x400.jpg 600w, https:\/\/www.thermalies.com\/paris\/wp-content\/uploads\/2018\/01\/Fotolia_75722569_M-300x200.jpg 300w, https:\/\/www.thermalies.com\/paris\/wp-content\/uploads\/2018\/01\/Fotolia_75722569_M-768x512.jpg 768w, https:\/\/www.thermalies.com\/paris\/wp-content\/uploads\/2018\/01\/Fotolia_75722569_M-1024x682.jpg 1024w, https:\/\/www.thermalies.com\/paris\/wp-content\/uploads\/2018\/01\/Fotolia_75722569_M-750x500.jpg 750w, https:\/\/www.thermalies.com\/paris\/wp-content\/uploads\/2018\/01\/Fotolia_75722569_M-150x100.jpg 150w, https:\/\/www.thermalies.com\/paris\/wp-content\/uploads\/2018\/01\/Fotolia_75722569_M-500x333.jpg 500w\" sizes=\"(max-width: 237px) 100vw, 237px\" \/><\/strong><\/p>\n<h2><\/h2>\n<h2><\/h2>\n<h2><\/h2>\n<h2><\/h2>\n<h2><\/h2>\n<h2><strong>Les Thermalies, une vitrine du secteur de l\u2019eau en France<\/strong><\/h2>\n<p>Les Thermalies se sont impos\u00e9es comme un leader dans le domaine de l\u2019eau et du bien-\u00eatre, avec notamment 31\u00a0500 visiteurs \u00e0 Paris et 4\u00a0500 \u00e0 Lyon en 2017. En 2018, \u00e0 travers ses deux \u00e9ditions, le Salon s\u2019attachera \u00e0 pr\u00e9senter l\u2019eau sous toutes ses formes\u00a0: eau de mer, eau thermale, pour soigner ou se d\u00e9tendre\u2026<\/p>\n<p>Les Thermalies Paris et les Thermalies Lyon seront organis\u00e9s autour de six pavillons th\u00e9matiques\u00a0:<\/p>\n<ul>\n<li><strong>Thalasso France<\/strong>, pour une d\u00e9couverte par les visiteurs des derni\u00e8res tendances en mati\u00e8re de cures d\u2019eau de mer.<\/li>\n<li><strong>Sources Thermales France<\/strong>, ou l\u2019exploration des diff\u00e9rents s\u00e9jours de remise en forme ou de prise en charge de diff\u00e9rentes pathologies dans les diff\u00e9rentes r\u00e9gions fran\u00e7<\/li>\n<li><strong>Destinations d\u2019Ailleurs<\/strong>, panorama des s\u00e9jours bien-\u00eatre pour toutes les envies\u00a0: rituels ancestraux, \u00e9vasion, soins du corps, secrets de beaut\u00e9\u2026<\/li>\n<li><strong>Evasion Spa<\/strong>, r\u00e9pertoire des diff\u00e9rents \u00e9tablissements d\u2019exception proposant des programmes bien-\u00eatre personnalis\u00e9<\/li>\n<li><strong>Baln<\/strong><strong>\u00e9<\/strong><strong>oth<\/strong><strong>\u00e9<\/strong><strong>rapie Design<\/strong>, focus sur les \u00e9quipements et mat\u00e9riels haut de gamme destin\u00e9s aux professionnels.<\/li>\n<li><strong>Beauty &amp; Spa Corner<\/strong> &#8211; nouveaut\u00e9 2018, qui proposera aux visiteurs tous les produits et accessoires n\u00e9cessaires aux cures, qu\u2019elles soient d\u2019eau de mer ou d\u2019eau thermale, des produits de soins aux peignoirs en passant par les maillots de bains et autres chaussures.<\/li>\n<\/ul>\n","protected":false},"excerpt":{"rendered":"<p>Depuis 35 ans, les Salon des Thermalies s\u2019impose comme LA r\u00e9f\u00e9rence en mati\u00e8re de sant\u00e9 et du bien-\u00eatre par l\u2019eau, et r\u00e9v\u00e8le les nouvelles tendances du secteur. En 2018, le rendez-vous incontournable du thermalisme, de la thalassoth\u00e9rapie, du spa et de la baln\u00e9oth\u00e9rapie aura lieu du 1er au 4 f\u00e9vrier 2018 au Carrousel du Louvre&hellip; <\/p>\n","protected":false},"author":1,"featured_media":5296,"parent":2,"menu_order":0,"comment_status":"closed","ping_status":"closed","template":"","meta":{"footnotes":""},"class_list":["post-5295","page","type-page","status-publish","has-post-thumbnail","hentry"],"aioseo_notices":[],"_links":{"self":[{"href":"https:\/\/www.thermalies.com\/paris\/wp-json\/wp\/v2\/pages\/5295","targetHints":{"allow":["GET"]}}],"collection":[{"href":"https:\/\/www.thermalies.com\/paris\/wp-json\/wp\/v2\/pages"}],"about":[{"href":"https:\/\/www.thermalies.com\/paris\/wp-json\/wp\/v2\/types\/page"}],"author":[{"embeddable":true,"href":"https:\/\/www.thermalies.com\/paris\/wp-json\/wp\/v2\/users\/1"}],"replies":[{"embeddable":true,"href":"https:\/\/www.thermalies.com\/paris\/wp-json\/wp\/v2\/comments?post=5295"}],"version-history":[{"count":0,"href":"https:\/\/www.thermalies.com\/paris\/wp-json\/wp\/v2\/pages\/5295\/revisions"}],"up":[{"embeddable":true,"href":"https:\/\/www.thermalies.com\/paris\/wp-json\/wp\/v2\/pages\/2"}],"wp:featuredmedia":[{"embeddable":true,"href":"https:\/\/www.thermalies.com\/paris\/wp-json\/wp\/v2\/media\/5296"}],"wp:attachment":[{"href":"https:\/\/www.thermalies.com\/paris\/wp-json\/wp\/v2\/media?parent=5295"}],"curies":[{"name":"wp","href":"https:\/\/api.w.org\/{rel}","templated":true}]}}