{"id":575,"date":"2024-07-11T11:00:48","date_gmt":"2024-07-11T09:00:48","guid":{"rendered":"http:\/\/www.salon-biogourmand.com\/?page_id=575"},"modified":"2025-04-30T15:49:15","modified_gmt":"2025-04-30T13:49:15","slug":"communiquez-sur-le-salon","status":"publish","type":"page","link":"https:\/\/www.thermalies.com\/paris\/exposer\/communiquez-sur-le-salon\/","title":{"rendered":"Communiquez sur le salon"},"content":{"rendered":"<p><img fetchpriority=\"high\" decoding=\"async\" class=\"alignnone wp-image-15886 size-full\" src=\"http:\/\/www.thermalies.com\/paris\/wp-content\/uploads\/2025\/04\/AdobeStock_699851380-scaled.jpeg\" alt=\"\" width=\"2560\" height=\"1435\" srcset=\"https:\/\/www.thermalies.com\/paris\/wp-content\/uploads\/2025\/04\/AdobeStock_699851380-scaled.jpeg 2560w, https:\/\/www.thermalies.com\/paris\/wp-content\/uploads\/2025\/04\/AdobeStock_699851380-300x168.jpeg 300w, https:\/\/www.thermalies.com\/paris\/wp-content\/uploads\/2025\/04\/AdobeStock_699851380-1024x574.jpeg 1024w, https:\/\/www.thermalies.com\/paris\/wp-content\/uploads\/2025\/04\/AdobeStock_699851380-768x430.jpeg 768w, https:\/\/www.thermalies.com\/paris\/wp-content\/uploads\/2025\/04\/AdobeStock_699851380-1536x861.jpeg 1536w, https:\/\/www.thermalies.com\/paris\/wp-content\/uploads\/2025\/04\/AdobeStock_699851380-2048x1148.jpeg 2048w, https:\/\/www.thermalies.com\/paris\/wp-content\/uploads\/2025\/04\/AdobeStock_699851380-150x84.jpeg 150w, https:\/\/www.thermalies.com\/paris\/wp-content\/uploads\/2025\/04\/AdobeStock_699851380-500x280.jpeg 500w, https:\/\/www.thermalies.com\/paris\/wp-content\/uploads\/2025\/04\/AdobeStock_699851380-600x336.jpeg 600w\" sizes=\"(max-width: 2560px) 100vw, 2560px\" \/><\/p>\n<h2><span style=\"color: #458c7f;\"><span style=\"color: #0c5356;\">Optimisez votre participation sur le salon Thermalies Paris et choisissez la solution de communication qui vous convient.<\/span><\/span><\/h2>\n<p>Des solutions de communication nombreuses et adapt\u00e9es \u00e0 tous les budgets pour renforcer votre pr\u00e9sence.<\/p>\n<p><span style=\"color: #ed6e26;\"><span style=\"font-size: 18.6667px;\"><b>Le Kit m\u00e9dia 2026 sera prochainement en ligne.<\/b><\/span><\/span><\/p>\n<h2><span style=\"color: #458c7f;\">Avant l\u2019\u00e9v\u00e8nement : cr\u00e9ez du lien<\/span><\/h2>\n<ul>\n<li><strong><span style=\"color: #0c5356;\">Sur le site du salon<\/span> <\/strong>Thermalies Paris : banni\u00e8re interactive, logo dans la liste des exposants, votre vid\u00e9o sur notre site\u2026<\/li>\n<li><span style=\"color: #0c5356;\"><strong>Location de fichier<\/strong><\/span> pour un mailing ou e-mailing d\u00e9di\u00e9 et cibl\u00e9 (mise en avant de vos offres sp\u00e9ciales salon, invitation \u00e0 d\u00e9couvrir un nouveau produit, service, \u2026)<\/li>\n<\/ul>\n<h2><span style=\"color: #458c7f;\">Pendant l\u2019\u00e9v\u00e9nement : jouez la visibilit\u00e9 et optimisez votre participation<\/span><\/h2>\n<ul>\n<li>Pr\u00e9sence dans le <span style=\"color: #0c5356;\"><strong>catalogue du salon<\/strong><\/span> Thermalies Paris pour vous assurer une pr\u00e9sence pendant et apr\u00e8s le salon : insertion publicitaire classique, publi-reportages<\/li>\n<li>Pr\u00e9sence sur les <span style=\"color: #0c5356;\"><strong>plans d\u2019orientation<\/strong><\/span> du salon pour guider les visiteurs vers votre stand : logo situant votre stand<\/li>\n<li>Distribution de <span style=\"color: #0c5356;\"><strong>flyers<\/strong><\/span> \u00e0 l\u2019entr\u00e9e du salon<\/li>\n<li>Distribution d\u2019<span style=\"color: #0c5356;\"><strong>objets publicitaires logotyp\u00e9s<\/strong><\/span> dans l\u2019espace presse et point coaching du salon<\/li>\n<li><span style=\"color: #0c5356;\"><strong>Sponsoring<\/strong><\/span> d\u2019une animation, d\u2019une conf\u00e9rence, d\u2019un p\u00f4le du salon, \u2026<\/li>\n<\/ul>\n<h2><span style=\"color: #458c7f;\">Apr\u00e8s l\u2019\u00e9v\u00e8nement : gardez le contact<\/span><\/h2>\n<ul>\n<li>Sponsoring d\u2019une newsletter adress\u00e9e aux visiteurs<\/li>\n<li>Votre vid\u00e9o sur notre site, \u2026<\/li>\n<\/ul>\n<p>Vous avez d\u2019autres souhaits de communication, une op\u00e9ration sp\u00e9ciale \u00e0 nous soumettre, nous \u00e9tudierons toutes vos demandes et \u00e9laborerons des solutions sur mesure.<\/p>\n<p><strong>Karelle GEYER\u00a0<\/strong><br \/>\nDirectrice du salon<br \/>\n<span style=\"color: #458c7f;\"><a style=\"color: #458c7f;\" href=\"mailto:karelle.geyer@thermalies.com\">karelle.geyer@thermalies.com<\/a><\/span><\/p>\n<p style=\"margin: 0cm;\"><strong>Xavier GINO<\/strong><br \/>\nAttach\u00e9 commercial<br \/>\n<u><span style=\"color: #458c7f;\">xgino@spas-expo.com<\/span><\/u><\/p>\n<p style=\"margin: 0cm;\">01.77.37.63.46<\/p>\n","protected":false},"excerpt":{"rendered":"<p>Optimisez votre participation sur le salon Thermalies Paris et choisissez la solution de communication qui vous convient. Des solutions de communication nombreuses et adapt\u00e9es \u00e0 tous les budgets pour renforcer votre pr\u00e9sence. Le Kit m\u00e9dia 2026 sera prochainement en ligne. Avant l\u2019\u00e9v\u00e8nement : cr\u00e9ez du lien Sur le site du salon Thermalies Paris : banni\u00e8re&hellip; <\/p>\n","protected":false},"author":1,"featured_media":0,"parent":16,"menu_order":0,"comment_status":"closed","ping_status":"closed","template":"","meta":{"_angie_page":false,"footnotes":""},"class_list":["post-575","page","type-page","status-publish","hentry"],"aioseo_notices":[],"_links":{"self":[{"href":"https:\/\/www.thermalies.com\/paris\/wp-json\/wp\/v2\/pages\/575","targetHints":{"allow":["GET"]}}],"collection":[{"href":"https:\/\/www.thermalies.com\/paris\/wp-json\/wp\/v2\/pages"}],"about":[{"href":"https:\/\/www.thermalies.com\/paris\/wp-json\/wp\/v2\/types\/page"}],"author":[{"embeddable":true,"href":"https:\/\/www.thermalies.com\/paris\/wp-json\/wp\/v2\/users\/1"}],"replies":[{"embeddable":true,"href":"https:\/\/www.thermalies.com\/paris\/wp-json\/wp\/v2\/comments?post=575"}],"version-history":[{"count":10,"href":"https:\/\/www.thermalies.com\/paris\/wp-json\/wp\/v2\/pages\/575\/revisions"}],"predecessor-version":[{"id":16010,"href":"https:\/\/www.thermalies.com\/paris\/wp-json\/wp\/v2\/pages\/575\/revisions\/16010"}],"up":[{"embeddable":true,"href":"https:\/\/www.thermalies.com\/paris\/wp-json\/wp\/v2\/pages\/16"}],"wp:attachment":[{"href":"https:\/\/www.thermalies.com\/paris\/wp-json\/wp\/v2\/media?parent=575"}],"curies":[{"name":"wp","href":"https:\/\/api.w.org\/{rel}","templated":true}]}}