{"id":8011,"date":"2024-07-11T11:00:11","date_gmt":"2024-07-11T09:00:11","guid":{"rendered":"https:\/\/www.thermalies.com\/paris\/?page_id=8011"},"modified":"2026-03-06T14:28:22","modified_gmt":"2026-03-06T13:28:22","slug":"conferences-thalasso-thermalisme","status":"publish","type":"page","link":"https:\/\/www.thermalies.com\/paris\/programme\/conferences-thalasso-thermalisme\/","title":{"rendered":"Les conf\u00e9rences thalasso\/thermalisme"},"content":{"rendered":"<h1 data-start=\"165\" data-end=\"192\"><span style=\"font-size: 24px;\">Les conf\u00e9rences thalasso\/thermalisme 2027 seront prochainement communiqu\u00e9es<\/span><\/h1>\n<h2 data-start=\"312\" data-end=\"340\"><span style=\"color: #008080;\"><strong data-start=\"315\" data-end=\"340\">Jeudi 22 janvier 2026<\/strong><\/span><\/h2>\n<p data-start=\"343\" data-end=\"653\"><span style=\"color: #008080; font-size: 24px;\"><strong data-start=\"343\" data-end=\"360\">11h45 \u2013 12h45 : La long\u00e9vit\u00e9 par le prisme de l\u2019\u00e9pig\u00e9n\u00e9tique<\/strong><\/span><br data-start=\"360\" data-end=\"363\" \/><strong data-start=\"365\" data-end=\"382\">Intervenant :<\/strong> Serge Fourcade, Directeur Produits &amp; Qualit\u00e9 \u2013 Thalazur<br data-start=\"506\" data-end=\"509\" \/><strong data-start=\"511\" data-end=\"527\">Descriptif : <\/strong>Devenez acteur de votre sant\u00e9. En thalassoth\u00e9rapie, on vous accompagne pour une vie plus saine, toujours dans le plaisir.<\/p>\n<hr data-start=\"655\" data-end=\"658\" \/>\n<h2 data-start=\"660\" data-end=\"691\"><span style=\"color: #008080;\"><strong data-start=\"663\" data-end=\"691\">Vendredi 23 janvier 2026<\/strong><\/span><\/h2>\n<p data-start=\"694\" data-end=\"1258\"><span style=\"font-size: 24px; color: #008080;\"><strong data-start=\"694\" data-end=\"711\">13h00 \u2013 14h00 : Reprendre une activit\u00e9 physique apr\u00e8s 50 ans : quelles pr\u00e9cautions, quels bienfaits en attendre ?<\/strong><\/span><br data-start=\"711\" data-end=\"714\" \/><strong data-start=\"716\" data-end=\"734\">Intervenants :<\/strong><br data-start=\"734\" data-end=\"737\" \/>Sylvia Pinosa (r\u00e9dactrice en chef \u2013 <em data-start=\"775\" data-end=\"794\">Notre Temps Sant\u00e9<\/em>),<br data-start=\"796\" data-end=\"799\" \/>Marie Bertherat (autrice),<br data-start=\"827\" data-end=\"830\" \/>Martine Lesage (directrice p\u00f4le Thalasso &amp; Spa \u2013 Pornic)<br data-start=\"1009\" data-end=\"1012\" \/><strong data-start=\"1014\" data-end=\"1030\">Descriptif : <\/strong>Pour retrouver la fluidit\u00e9 du mouvement et le go\u00fbt de l\u2019exercice, la cl\u00e9 est de reprendre confiance en son corps. Une activit\u00e9 douce ou un s\u00e9jour en thalassoth\u00e9rapie peut \u00eatre un excellent moyen de sortir de la s\u00e9dentarit\u00e9.<\/p>\n<p data-start=\"1262\" data-end=\"1562\"><span style=\"font-size: 24px; color: #008080;\"><strong data-start=\"1262\" data-end=\"1279\">14h15 \u2013 15h15 : Cure Post-Cancer<\/strong><\/span><br data-start=\"1279\" data-end=\"1282\" \/><strong data-start=\"1284\" data-end=\"1301\">Intervenant :<\/strong> Serge Fourcade, Directeur Produits &amp; Qualit\u00e9 \u2013 Thalazur<br data-start=\"1397\" data-end=\"1400\" \/><strong data-start=\"1402\" data-end=\"1418\">Descriptif : <\/strong>Apr\u00e8s un cancer, les 9 escales Thalazur vous ouvrent leurs portes en toute bienveillance. Un accompagnement bien-\u00eatre pour se reconstruire.<\/p>\n<hr data-start=\"1564\" data-end=\"1567\" \/>\n<h2 data-start=\"1569\" data-end=\"1598\"><span style=\"color: #008080;\"><strong data-start=\"1572\" data-end=\"1598\">Samedi 24 janvier 2026<\/strong><\/span><\/h2>\n<p data-start=\"1601\" data-end=\"2100\"><span style=\"color: #008080;\"><span style=\"font-size: 24px;\"><strong data-start=\"1601\" data-end=\"1618\">10h30 \u2013 11h30 : Arthrose et cures thermales : int\u00e9r\u00eat du thermalisme et apport de la kin\u00e9sith\u00e9rapie<\/strong><\/span><\/span><br data-start=\"1618\" data-end=\"1621\" \/><strong data-start=\"1623\" data-end=\"1640\">Intervenant :<\/strong> Nicolas Touron, Pr\u00e9sident SAS Exploitation des Thermes, Ost\u00e9opathe D.O \u2013 Thermes de Cast\u00e9ra-Verduzan (Occitanie Thermale)<br data-start=\"1869\" data-end=\"1872\" \/><strong data-start=\"1874\" data-end=\"1890\">Descriptif : <\/strong>Exploration des bienfaits de l\u2019eau thermale sur les douleurs arthrosiques et de la compl\u00e9mentarit\u00e9 entre soins thermaux et exercice th\u00e9rapeutique en kin\u00e9sith\u00e9rapie pour am\u00e9liorer durablement les sympt\u00f4mes.<\/p>\n<p data-start=\"1601\" data-end=\"2100\"><span style=\"color: #008080; font-size: 24px;\"><strong data-start=\"2254\" data-end=\"2271\">13h00 \u2013 14h00 : Une cure pour arr\u00eater ses m\u00e9dicaments<\/strong><\/span><br data-start=\"2271\" data-end=\"2274\" \/><strong data-start=\"2276\" data-end=\"2293\">Intervenant :<\/strong> Dr Olivier Dubois<br data-start=\"2372\" data-end=\"2375\" \/><strong data-start=\"2377\" data-end=\"2393\">Descriptif : <\/strong>La France est championne d\u2019Europe de la surconsommation d\u2019anxiolytiques et d\u2019hypnotiques. Le protocole SPECTh, d\u00e9velopp\u00e9 aux Thermes de Saujon, permet l\u2019arr\u00eat des m\u00e9dicaments chez 40 % des curistes et une r\u00e9duction de moiti\u00e9 chez 80 %. Programme reconnu et pris en charge \u00e0 50 % par l\u2019Assurance Maladie.<\/p>\n<p data-start=\"2705\" data-end=\"2907\"><span style=\"color: #008080; font-size: 24px;\"><strong data-start=\"2705\" data-end=\"2722\">14h15 \u2013 15h15 : Les superaliments et les 3 piliers fondamentaux de la sant\u00e9 au quotidien<\/strong><\/span><br data-start=\"2722\" data-end=\"2725\" \/><strong data-start=\"2727\" data-end=\"2745\">Intervenante :<\/strong> C\u00e9line Fauvel<\/p>\n<p data-start=\"2911\" data-end=\"3293\"><span style=\"font-size: 24px; color: #008080;\"><strong data-start=\"2911\" data-end=\"2928\">15h30 \u2013 16h30 : L\u2019hydroth\u00e9rapie en Tunisie \u2013 Les eaux de Carpis \u2013 Jbel el West<\/strong><\/span><br data-start=\"2928\" data-end=\"2931\" \/><strong data-start=\"2933\" data-end=\"2951\">Intervenants :<\/strong> Taoufik Essid, Eric Alauzen, Dr Raja Haddad<br data-start=\"3085\" data-end=\"3088\" \/><strong data-start=\"3090\" data-end=\"3106\">Descriptif : <\/strong>L\u2019histoire des eaux thermales tunisiennes remonte \u00e0 plus de 2 000 ans. Entre thermalisme et thalassoth\u00e9rapie, ces eaux sont au c\u0153ur d\u2019un art de gu\u00e9rir et d\u2019un v\u00e9ritable art de vivre.<\/p>\n<p data-start=\"3297\" data-end=\"3685\"><span style=\"color: #008080; font-size: 24px;\"><strong data-start=\"3297\" data-end=\"3314\">16h45 \u2013 17h45 : Une cure sant\u00e9 mentale<\/strong><\/span><br data-start=\"3314\" data-end=\"3317\" \/><strong data-start=\"3319\" data-end=\"3336\">Intervenant :<\/strong> Dr Olivier Dubois<br data-start=\"3400\" data-end=\"3403\" \/><strong data-start=\"3405\" data-end=\"3421\">Descriptif : <\/strong>Stress, troubles du sommeil, burn-out, fatigue chronique, fibromyalgie, d\u00e9pression : pr\u00e9sentation des indications prises en charge \u00e0 la station thermale de Saujon, r\u00e9f\u00e9rence europ\u00e9enne en sant\u00e9 mentale, avec r\u00e9sultats valid\u00e9s par des \u00e9tudes internationales.<\/p>\n<ul>\n<li style=\"list-style-type: none;\">\n<ul data-start=\"3688\" data-end=\"3711\">\n<li data-start=\"3688\" data-end=\"3711\">\n<p data-start=\"3690\" data-end=\"3711\">s\u00e9ance de relaxation<\/p>\n<\/li>\n<\/ul>\n<\/li>\n<\/ul>\n<hr data-start=\"3713\" data-end=\"3716\" \/>\n<h2 data-start=\"3718\" data-end=\"3749\"><span style=\"color: #008080;\"><strong data-start=\"3721\" data-end=\"3749\">Dimanche 25 janvier 2026<\/strong><\/span><\/h2>\n<p data-start=\"3911\" data-end=\"4250\"><span style=\"color: #008080; font-size: 24px;\"><strong data-start=\"3911\" data-end=\"3928\">13h30 \u2013 14h30 : Une cure pour l\u00e2cher-prise<\/strong><\/span><br data-start=\"3928\" data-end=\"3931\" \/><strong data-start=\"3933\" data-end=\"3951\">Intervenante :<\/strong> Ang\u00e9lique Vacante<br data-start=\"4019\" data-end=\"4022\" \/><strong data-start=\"4024\" data-end=\"4040\">Descriptif : <\/strong>Face au stress omnipr\u00e9sent, la cure thermale permet repos, r\u00e9cup\u00e9ration et mise \u00e0 distance. Une \u00e9tude men\u00e9e \u00e0 Saujon montre une am\u00e9lioration de plus de 30 % des sympt\u00f4mes anxieux quatre mois apr\u00e8s la cure.<\/p>\n<p data-start=\"4254\" data-end=\"4488\"><span style=\"color: #008080; font-size: 24px;\"><strong data-start=\"4254\" data-end=\"4271\">15h00 \u2013 16h00 : L\u2019eau en 2025 : source de vie ou source d\u2019imperfections ?<\/strong><\/span><br data-start=\"4271\" data-end=\"4274\" \/><strong data-start=\"4276\" data-end=\"4293\">Intervenant :<\/strong> Jan Vansinte<br data-start=\"4387\" data-end=\"4390\" \/><strong data-start=\"4392\" data-end=\"4408\">Descriptif : <\/strong>Comment obtenir une eau de qualit\u00e9 optimale pour vous et pour vos cellules.<\/p>\n<p data-start=\"4492\" data-end=\"4822\"><span style=\"font-size: 24px; color: #008080;\"><strong data-start=\"4492\" data-end=\"4509\">16h30 \u2013 17h30 : Fatigue, stress, \u00e9puisement : comment s\u2019en lib\u00e9rer<\/strong><\/span><br data-start=\"4509\" data-end=\"4512\" \/><strong data-start=\"4514\" data-end=\"4532\">Intervenante :<\/strong> Ang\u00e9lique Vacante<br data-start=\"4624\" data-end=\"4627\" \/><strong data-start=\"4629\" data-end=\"4645\">Descriptif : <\/strong>La cure thermale comme solution moderne face \u00e0 l\u2019\u00e9puisement physique et mental. Pr\u00e9sentation des recommandations et des r\u00e9sultats obtenus \u00e0 la station thermale de Saujon.<\/p>\n<ul>\n<li style=\"list-style-type: none;\">\n<ul data-start=\"4825\" data-end=\"4848\">\n<li data-start=\"4825\" data-end=\"4848\">\n<p data-start=\"4827\" data-end=\"4848\">s\u00e9ance de relaxation<\/p>\n<\/li>\n<\/ul>\n<\/li>\n<\/ul>\n","protected":false},"excerpt":{"rendered":"<p>Les conf\u00e9rences thalasso\/thermalisme 2027 seront prochainement communiqu\u00e9es Jeudi 22 janvier 2026 11h45 \u2013 12h45 : La long\u00e9vit\u00e9 par le prisme de l\u2019\u00e9pig\u00e9n\u00e9tiqueIntervenant : Serge Fourcade, Directeur Produits &amp; Qualit\u00e9 \u2013 ThalazurDescriptif : Devenez acteur de votre sant\u00e9. En thalassoth\u00e9rapie, on vous accompagne pour une vie plus saine, toujours dans le plaisir. Vendredi 23 janvier 2026&hellip; <\/p>\n","protected":false},"author":1,"featured_media":0,"parent":14,"menu_order":0,"comment_status":"closed","ping_status":"closed","template":"","meta":{"footnotes":""},"class_list":["post-8011","page","type-page","status-publish","hentry"],"aioseo_notices":[],"_links":{"self":[{"href":"https:\/\/www.thermalies.com\/paris\/wp-json\/wp\/v2\/pages\/8011","targetHints":{"allow":["GET"]}}],"collection":[{"href":"https:\/\/www.thermalies.com\/paris\/wp-json\/wp\/v2\/pages"}],"about":[{"href":"https:\/\/www.thermalies.com\/paris\/wp-json\/wp\/v2\/types\/page"}],"author":[{"embeddable":true,"href":"https:\/\/www.thermalies.com\/paris\/wp-json\/wp\/v2\/users\/1"}],"replies":[{"embeddable":true,"href":"https:\/\/www.thermalies.com\/paris\/wp-json\/wp\/v2\/comments?post=8011"}],"version-history":[{"count":31,"href":"https:\/\/www.thermalies.com\/paris\/wp-json\/wp\/v2\/pages\/8011\/revisions"}],"predecessor-version":[{"id":16576,"href":"https:\/\/www.thermalies.com\/paris\/wp-json\/wp\/v2\/pages\/8011\/revisions\/16576"}],"up":[{"embeddable":true,"href":"https:\/\/www.thermalies.com\/paris\/wp-json\/wp\/v2\/pages\/14"}],"wp:attachment":[{"href":"https:\/\/www.thermalies.com\/paris\/wp-json\/wp\/v2\/media?parent=8011"}],"curies":[{"name":"wp","href":"https:\/\/api.w.org\/{rel}","templated":true}]}}